{"id":2231,"date":"2022-03-21T17:18:00","date_gmt":"2022-03-21T17:18:00","guid":{"rendered":"http:\/\/www.northeastwales.wales\/the-north-wales-way\/the-north-wales-way-its-an-adventure\/"},"modified":"2022-03-29T15:48:27","modified_gmt":"2022-03-29T14:48:27","slug":"the-north-wales-way-its-an-adventure","status":"publish","type":"page","link":"https:\/\/www.northeastwales.wales\/cy\/the-north-wales-way\/the-north-wales-way-its-an-adventure\/","title":{"rendered":"Ffordd y Gogledd \u2013 Mae\u2019n antur"},"content":{"rendered":"<div class=\"wpb-content-wrapper\"><p>[vc_row full_width=&#8221;stretch_row_content_no_spaces&#8221; css=&#8221;.vc_custom_1647865968556{margin-bottom: 80px !important;padding-right: 30px !important;padding-left: 30px !important;}&#8221;][vc_column width=&#8221;1\/6&#8243;][\/vc_column][vc_column width=&#8221;2\/3&#8243;][vc_row_inner css=&#8221;.vc_custom_1647864280153{margin-bottom: 30px !important;padding-top: 60px !important;}&#8221;][vc_column_inner width=&#8221;1\/6&#8243;][\/vc_column_inner][vc_column_inner width=&#8221;2\/3&#8243;][vc_column_text el_class=&#8221;main-header__subtitle&#8221;]\n<h1>Mae\u2019n antur<\/h1>\n<h3>Ffordd y Gogledd<\/h3>\n<p>Mae Ffordd y Gogledd, sy\u2019n cychwyn wrth y ffin rhwng Cymru a Lloegr ac yn ymlwybro tua\u2019r gorllewin am 75 milltir \/ 120km i ben draw Ynys M\u00f4n, yn un o dri llwybr Ffordd Cymru sy\u2019n arwain ac yn ysbrydoli ymwelwyr. Cafodd pob \u2018Ffordd\u2019 ei dylunio fel profiad hyblyg, ac nid fel rhywbeth i\u2019ch cyfyngu, gyda llu o gyfleoedd i chi adael y prif lwybr, dilyn eich trwyn a darganfod mwy.<\/p>\n<p>Yma, rydym wedi creu amserlen bedwar diwrnod ar y thema \u2018Antur\u2019, sydd yn mynd \u00e2 chi i feicio mynydd, ar wifrau gwib, i farchogaeth ac i syrffio, gydag atyniadau treftadaeth cyffrous wedi eu cynnwys i ychwanegu at y profiad.[\/vc_column_text][\/vc_column_inner][vc_column_inner width=&#8221;1\/6&#8243;][\/vc_column_inner][\/vc_row_inner][vc_row_inner gap=&#8221;30&#8243;][vc_column_inner][vc_column_text]\n<h2>Diwrnod 1<\/h2>\n<p>Dechreuwch eich taith ar nodyn uchel ar <strong>Draphont Pontcysyllte<\/strong> ger y ffin rhwng Cymru a Lloegr, a adeiladwyd ym 1805 i gludo Camlas Llangollen ar uchder o 128 troedfedd \/ 39m dros Afon Ddyfrdwy. Mae\u2019n gamp bensaern\u00efol syfrdanol ac yn un o ryfeddodau\u2019r byd, heb os. Adlewyrchir hyn yn y ffaith mai dyma drysor pennaf y Safle Treftadaeth y Byd UNESCO sy\u2019n ymestyn am 11 milltir rhwng Sgwd y Bedol (Llantysilio) a Gledrid (Swydd Amwythig).[\/vc_column_text][\/vc_column_inner][\/vc_row_inner][vc_row_inner gap=&#8221;30&#8243;][vc_column_inner][vc_single_image image=&#8221;1333&#8243; img_size=&#8221;full&#8221; add_caption=&#8221;yes&#8221;][\/vc_column_inner][\/vc_row_inner][vc_row_inner gap=&#8221;30&#8243;][vc_column_inner][vc_column_text]Gyrrwch trwy Fwlch yr Oernant ar yr A542 i Landegla. Fydd beicwyr mynydd ddim am fethu <strong>One Planet Adventure<\/strong>, sy\u2019n gwneud y mwyaf o\u2019r llwybrau yng Nghoed Llandegla. Os yw\u2019n well gennych fynd ar gefn ceffyl nag ar gefn beic, ewch i <strong>Ganolfan Farchogaeth Bridlewood<\/strong> ger Prestatyn, lle gallwch farchogaeth ar fryniau gleision neu ar draeth tywodlyd Talacre. Os ydych yn fwy bodlon eich byd ar y d\u0175r, ewch yn eich blaen i\u2019r Rhyl i gael trochfa ym mharc d\u0175r <strong>SC2<\/strong>, sy\u2019n llawn llithrennau ac ardaloedd chwarae, neu heriwch eich hun ar Ninja Tag Active, cwrs ymosod aml-lefel gwych o dan do. Ceir hefyd Junior Ninja Tag, y cyntaf o\u2019i fath yn y DU, ar gyfer ymwelwyr iau.[\/vc_column_text][\/vc_column_inner][\/vc_row_inner][vc_row_inner gap=&#8221;30&#8243;][vc_column_inner][vc_single_image image=&#8221;1340&#8243; img_size=&#8221;full&#8221; add_caption=&#8221;yes&#8221;][\/vc_column_inner][\/vc_row_inner][vc_row_inner gap=&#8221;30&#8243;][vc_column_inner][vc_column_text]<strong>Parc Sglefrio Aura<\/strong> yw\u2019r maes Chwaraeon Eithafol dan do cyntaf yng Nghymru, ac un o\u2019r mwyaf o\u2019i fath yn Ewrop. Mae\u2019r ardal dan do sy\u2019n cynnwys 1,452 metr sgw\u00e2r o rampiau pren yn darparu cyfleusterau i sglefrfyrddwyr, beicwyr BMX a llafnrolwyr.<\/p>\n<p><strong>Llawr Sglefrio Glannau Dyfrdwy<\/strong> yw\u2019r Ganolfan Genedlaethol ar gyfer Chwaraeon I\u00e2 yng Nghymru. Mae ganddo faes o faint Olympaidd, sy\u2019n darparu ar gyfer amrywiaeth eang o chwaraeon a gweithgareddau i\u00e2. Boed yn sglefriwr profiadol neu\u2019n ddechreuwr llwyr, byddwch yn si\u0175r o fwynhau\u2019r cyfleusterau campus sydd i\u2019w cael yn Llawr Sglefrio Glannau Dyfrdwy.<\/p>\n<p><strong>Awgrym i aros dros nos:<\/strong> Y Rhyl neu Abergele.[\/vc_column_text][\/vc_column_inner][\/vc_row_inner][vc_row_inner gap=&#8221;30&#8243;][vc_column_inner][vc_column_text]\n<h2>Diwrnod 2<\/h2>\n<p>Y lle cyntaf yw fynd yw\u2019r <strong>Llwybr Antur<\/strong> yn Abergele, sy\u2019n cynnig rhywbeth annisgwyl y tu \u00f4l i bob cornel, gyda dros ddeugain o gemau a heriau hwyliog i\u2019r teulu cyfan. Ymlaen \u00e2 chi wedyn i ganolfan <strong>Chwaraeon D\u0175r Bae Colwyn<\/strong> ar bromen\u00e2d a thraeth adfywiedig Porth Eirias, lle mae digonedd o sesiynau blasu a gwersi llawn o ansawdd uchel mewn hwylio, hwylfyrddio a mynd mewn cychod p\u0175er ar gael.<\/p>\n<p>Ond pwy sydd angen y m\u00f4r? Gyrrwch oddi wrth y m\u00f4r ar yr A470 ar hyd yr hyfryd Ddyffryn Conwy, gan ddilyn yr arwyddion i <strong>Adventure Parc Snowdonia<\/strong>, lag\u0175n syrffio mewndirol cyntaf y byd, sy\u2019n creu tonnau perffaith bob eiliad. Os nad ydych eisiau cael eich traed yn wlyb, gallwch fynd heibio ar wifrau gwib hefyd.<\/p>\n<p><strong>Awgrym i aros dros nos:<\/strong> Betws-y-Coed.[\/vc_column_text][\/vc_column_inner][\/vc_row_inner][vc_row_inner gap=&#8221;30&#8243;][vc_column_inner][vc_column_text]\n<h2>Diwrnod 3<\/h2>\n<p><strong>Zip World Chwarel y Penrhyn<\/strong> yw brenin y gwifrau gwib. Yma y ganed enw da Eryri fel prifddinas y gwifrau gwib. Dyma wifren wib gyflymaf y byd, lle byddwch yn cyrraedd cyflymder brawychus o 100mya \/ 160kya wrth i chi hedfan 1,640 troedfedd \/ 500m dros lyn y chwarel.<\/p>\n<p>Mae pethau ychydig yn llai arswydus ym <strong>Mharc Teuluol Gelli Gyffwrdd<\/strong> ger Caernarfon. Mae enw Saesneg y parc, GreenWood, yn briodol iawn gan fod yr atyniad gwobrwyedig hwn yn cymryd ei enw da am fod yn wyrdd o ddifri. Reidiwch ar y rollercoaster sy\u2019n cael ei bweru gan bobl, neu ar reid cyntaf y DU i gael ei bweru gan ynni solar.<\/p>\n<p>Trowch wedyn am Lanberis a <strong>Llyn Padarn<\/strong>, un o lynnoedd naturiol mwyaf Cymru, lle mae\u2019r s\u00een chwaraeon d\u0175r llewyrchus yn cynnwys rhwyf-fyrddio (y lle gorau yn y DU i fynd i rwyf-fyrddio, yn \u00f4l papur newydd yr Independent).<\/p>\n<p><strong>Awgrym i aros dros nos:<\/strong> Llanberis.[\/vc_column_text][\/vc_column_inner][\/vc_row_inner][vc_row_inner gap=&#8221;30&#8243;][vc_column_inner][vc_column_text]\n<h2>Diwrnod 4<\/h2>\n<p>Croeswch bont ffordd yr A5 dros y Fenai i Ynys M\u00f4n. Byddwch yn dod i adnabod dyfroedd y Fenai yn fuan iawn. Ym Mhorth Daniel hardd, yr ochr draw i\u2019r bont, mae <strong>RibRide<\/strong>, cwmni sy\u2019n arbenigo mewn teithiau cychod ychydig yn wahanol, yn cynnwys y daith \u2018Velocity\u2019 sy\u2019n gyflym iawn ac yn llawn adrenalin.<\/p>\n<p>Mae tref gyfagos <strong>Biwmares<\/strong> yn gartref i\u2019r hyn a ystyrir fel y godidocaf o\u2019r holl gestyll canoloesol a godwyd gan Frenin Lloegr, Edward y Cyntaf, yn ystod ei ymgyrch yng Nghymru. Gyda\u2019i ffos a\u2019i amddiffynfeydd consentrig ar ffurf waliau-o-fewn-waliau, byddai Biwmares \u2013 sydd bellach yn Safle Treftadaeth y Byd \u2013 wedi cynnig her aruthrol i unrhyw ymosodwr.<\/p>\n<p>Dilynwch yr A5 ar draws Ynys M\u00f4n i Roscolyn i ddod \u00e2\u2019ch anturiaethau ar Ffordd y Gogledd i ben trwy gaiacio gyda <strong>B-Active@Rhoscolyn<\/strong>. Gwyliwch allan hefyd am chwaraeon modur ar <strong>Drac M\u00f4n<\/strong> ger Aberffraw, un o\u2019r traciau mwyaf heriol gyda\u2019r golygfeydd mwyaf godidog ym Mhrydain.<\/p>\n<p><strong>Awgrym i aros dros nos:<\/strong> Bae Trearddur.[\/vc_column_text][\/vc_column_inner][\/vc_row_inner][vc_separator color=&#8221;black&#8221; align=&#8221;align_left&#8221; css=&#8221;.vc_custom_1647882878591{margin-top: 30px !important;margin-bottom: 30px !important;}&#8221;][vc_row_inner gap=&#8221;30&#8243;][vc_column_inner][vc_column_text]\n<h3>Teithlenni<\/h3>\n<p>Bydd awgrymiadau o deithlenni i\u2019ch helpu i fanteisio ar Ffordd Gogledd Cymru, gyda\u2019r them\u00e2u canlynol.[\/vc_column_text][vc_raw_html]JTNDYSUyMGNsYXNzJTNEJTIybmV3LXJlZC1idXR0b24lMjIlMjBocmVmJTNEJTIyJTJGY3klMkZ0aGUtbm9ydGgtd2FsZXMtd2F5JTJGdGhlLW5vcnRoLXdhbGVzLXdheS1hLWN1bHR1cmFsLWpvdXJuZXklMjIlM0VUcmVmdGFkYWV0aCUzQyUyRmElM0UlMEElM0NhJTIwY2xhc3MlM0QlMjJuZXctcmVkLWJ1dHRvbiUyMiUyMGhyZWYlM0QlMjIlMkZjeSUyRnRoZS1ub3J0aC13YWxlcy13YXklMkZ0aGUtbm9ydGgtd2FsZXMtd2F5LWl0cy1hbi1hZHZlbnR1cmUlMkYlMjIlM0VBbnR1ciUzQyUyRmElM0UlMEElM0NhJTIwY2xhc3MlM0QlMjJuZXctcmVkLWJ1dHRvbiUyMiUyMGhyZWYlM0QlMjIlMkZjeSUyRnRoZS1ub3J0aC13YWxlcy13YXklMkZ0aGUtbm9ydGgtd2FsZXMtd2F5LXdhbGstdGhpcy13YXklMkYlMjIlM0VDZXJkZGVkJTNDJTJGYSUzRSUwQSUzQ2ElMjBjbGFzcyUzRCUyMm5ldy1yZWQtYnV0dG9uJTIyJTIwaHJlZiUzRCUyMiUyRmN5JTJGdGhlLW5vcnRoLXdhbGVzLXdheSUyRnRoZS1ub3J0aC13YWxlcy13YXktbGFuZHNjYXBlcy1hbmQtdmlld3BvaW50cyUyRiUyMiUzRVRpcndlZGQlM0MlMkZhJTNFJTBBJTNDYSUyMGNsYXNzJTNEJTIybmV3LXJlZC1idXR0b24lMjIlMjBocmVmJTNEJTIyJTJGY3klMkZ0aGUtbm9ydGgtd2FsZXMtd2F5JTJGdGhlLW5vcnRoLXdhbGVzLXdheS1hLWdvbGZpbmctZ3JhbmQtdG91ciUyRiUyMiUzRUdvbGZmJTNDJTJGYSUzRSUwQSUzQ2ElMjBjbGFzcyUzRCUyMm5ldy1yZWQtYnV0dG9uJTIyJTIwaHJlZiUzRCUyMiUyRmN5JTJGdGhlLW5vcnRoLXdhbGVzLXdheSUyRnRoZS1ub3J0aC13YWxlcy13YXktZm9vZC1hbmQtZHJpbmstdHJhaWwlMkYlMjIlM0VCb3lkJTIwYSUyMGRpb2QlM0MlMkZhJTNF[\/vc_raw_html][\/vc_column_inner][\/vc_row_inner][\/vc_column][vc_column width=&#8221;1\/6&#8243;][\/vc_column][\/vc_row]\n<\/div>","protected":false},"excerpt":{"rendered":"<p>[vc_row full_width=&#8221;stretch_row_content_no_spaces&#8221; css=&#8221;.vc_custom_1647865968556{margin-bottom: 80px !important;padding-right: 30px !important;padding-left: 30px !important;}&#8221;][vc_column width=&#8221;1\/6&#8243;][\/vc_column][vc_column width=&#8221;2\/3&#8243;][vc_row_inner css=&#8221;.vc_custom_1647864280153{margin-bottom: 30px !important;padding-top: 60px !important;}&#8221;][vc_column_inner width=&#8221;1\/6&#8243;][\/vc_column_inner][vc_column_inner width=&#8221;2\/3&#8243;][vc_column_text el_class=&#8221;main-header__subtitle&#8221;] Mae\u2019n antur Ffordd y Gogledd Mae Ffordd y Gogledd, sy\u2019n cychwyn wrth y ffin rhwng Cymru a Lloegr ac yn ymlwybro tua\u2019r gorllewin am 75 milltir \/ 120km i ben draw Ynys M\u00f4n, yn un o [&hellip;]<\/p>\n","protected":false},"author":1,"featured_media":1336,"parent":2190,"menu_order":0,"comment_status":"closed","ping_status":"open","template":"page-templates\/fullwidth-without-title.php","meta":{"footnotes":""},"class_list":["post-2231","page","type-page","status-publish","has-post-thumbnail","hentry"],"yoast_head":"<!-- This site is optimized with the Yoast SEO plugin v23.1 - https:\/\/yoast.com\/wordpress\/plugins\/seo\/ -->\n<title>Ffordd y Gogledd \u2013 Mae\u2019n antur - Gogledd Ddwyrain Cymru - North East Wales<\/title>\n<meta name=\"robots\" content=\"index, follow, max-snippet:-1, max-image-preview:large, max-video-preview:-1\" \/>\n<link rel=\"canonical\" href=\"https:\/\/www.northeastwales.wales\/cy\/the-north-wales-way\/the-north-wales-way-its-an-adventure\/\" \/>\n<meta property=\"og:locale\" content=\"cy_GB\" \/>\n<meta property=\"og:type\" content=\"article\" \/>\n<meta property=\"og:title\" content=\"Ffordd y Gogledd \u2013 Mae\u2019n antur - Gogledd Ddwyrain Cymru - North East Wales\" \/>\n<meta property=\"og:description\" content=\"[vc_row full_width=&#8221;stretch_row_content_no_spaces&#8221; css=&#8221;.vc_custom_1647865968556{margin-bottom: 80px !important;padding-right: 30px !important;padding-left: 30px !important;}&#8221;][vc_column width=&#8221;1\/6&#8243;][\/vc_column][vc_column width=&#8221;2\/3&#8243;][vc_row_inner css=&#8221;.vc_custom_1647864280153{margin-bottom: 30px !important;padding-top: 60px !important;}&#8221;][vc_column_inner width=&#8221;1\/6&#8243;][\/vc_column_inner][vc_column_inner width=&#8221;2\/3&#8243;][vc_column_text el_class=&#8221;main-header__subtitle&#8221;] Mae\u2019n antur Ffordd y Gogledd Mae Ffordd y Gogledd, sy\u2019n cychwyn wrth y ffin rhwng Cymru a Lloegr ac yn ymlwybro tua\u2019r gorllewin am 75 milltir \/ 120km i ben draw Ynys M\u00f4n, yn un o [&hellip;]\" \/>\n<meta property=\"og:url\" content=\"https:\/\/www.northeastwales.wales\/cy\/the-north-wales-way\/the-north-wales-way-its-an-adventure\/\" \/>\n<meta property=\"og:site_name\" content=\"Gogledd Ddwyrain Cymru - North East Wales\" \/>\n<meta property=\"article:publisher\" content=\"https:\/\/www.facebook.com\/NthEastWales\/\" \/>\n<meta property=\"article:modified_time\" content=\"2022-03-29T14:48:27+00:00\" \/>\n<meta property=\"og:image\" content=\"https:\/\/www.northeastwales.wales\/wp-content\/uploads\/2022\/03\/pontcysyllte-aqueduct-banner.jpg\" \/>\n\t<meta property=\"og:image:width\" content=\"2000\" \/>\n\t<meta property=\"og:image:height\" content=\"814\" \/>\n\t<meta property=\"og:image:type\" content=\"image\/jpeg\" \/>\n<meta name=\"twitter:card\" content=\"summary_large_image\" \/>\n<meta name=\"twitter:site\" content=\"@ntheastwales\" \/>\n<meta name=\"twitter:label1\" content=\"Est. reading time\" \/>\n\t<meta name=\"twitter:data1\" content=\"7 minutes\" \/>\n<script type=\"application\/ld+json\" class=\"yoast-schema-graph\">{\"@context\":\"https:\/\/schema.org\",\"@graph\":[{\"@type\":\"WebPage\",\"@id\":\"https:\/\/www.northeastwales.wales\/cy\/the-north-wales-way\/the-north-wales-way-its-an-adventure\/\",\"url\":\"https:\/\/www.northeastwales.wales\/cy\/the-north-wales-way\/the-north-wales-way-its-an-adventure\/\",\"name\":\"Ffordd y Gogledd \u2013 Mae\u2019n antur - Gogledd Ddwyrain Cymru - North East Wales\",\"isPartOf\":{\"@id\":\"https:\/\/www.northeastwales.wales\/#website\"},\"primaryImageOfPage\":{\"@id\":\"https:\/\/www.northeastwales.wales\/cy\/the-north-wales-way\/the-north-wales-way-its-an-adventure\/#primaryimage\"},\"image\":{\"@id\":\"https:\/\/www.northeastwales.wales\/cy\/the-north-wales-way\/the-north-wales-way-its-an-adventure\/#primaryimage\"},\"thumbnailUrl\":\"https:\/\/www.northeastwales.wales\/wp-content\/uploads\/2022\/03\/pontcysyllte-aqueduct-banner.jpg\",\"datePublished\":\"2022-03-21T17:18:00+00:00\",\"dateModified\":\"2022-03-29T14:48:27+00:00\",\"breadcrumb\":{\"@id\":\"https:\/\/www.northeastwales.wales\/cy\/the-north-wales-way\/the-north-wales-way-its-an-adventure\/#breadcrumb\"},\"inLanguage\":\"cy-GB\",\"potentialAction\":[{\"@type\":\"ReadAction\",\"target\":[\"https:\/\/www.northeastwales.wales\/cy\/the-north-wales-way\/the-north-wales-way-its-an-adventure\/\"]}]},{\"@type\":\"ImageObject\",\"inLanguage\":\"cy-GB\",\"@id\":\"https:\/\/www.northeastwales.wales\/cy\/the-north-wales-way\/the-north-wales-way-its-an-adventure\/#primaryimage\",\"url\":\"https:\/\/www.northeastwales.wales\/wp-content\/uploads\/2022\/03\/pontcysyllte-aqueduct-banner.jpg\",\"contentUrl\":\"https:\/\/www.northeastwales.wales\/wp-content\/uploads\/2022\/03\/pontcysyllte-aqueduct-banner.jpg\",\"width\":2000,\"height\":814,\"caption\":\"Pontcysyllte Aqueduct\"},{\"@type\":\"BreadcrumbList\",\"@id\":\"https:\/\/www.northeastwales.wales\/cy\/the-north-wales-way\/the-north-wales-way-its-an-adventure\/#breadcrumb\",\"itemListElement\":[{\"@type\":\"ListItem\",\"position\":1,\"name\":\"Home\",\"item\":\"https:\/\/www.northeastwales.wales\/cy\/\"},{\"@type\":\"ListItem\",\"position\":2,\"name\":\"Ffordd y Gogledd\",\"item\":\"https:\/\/www.northeastwales.wales\/cy\/the-north-wales-way\/\"},{\"@type\":\"ListItem\",\"position\":3,\"name\":\"Ffordd y Gogledd \u2013 Mae\u2019n antur\"}]},{\"@type\":\"WebSite\",\"@id\":\"https:\/\/www.northeastwales.wales\/#website\",\"url\":\"https:\/\/www.northeastwales.wales\/\",\"name\":\"Gogledd Ddwyrain Cymru - North East Wales\",\"description\":\"Things to do, events and holiday ideas in North East Wales\",\"publisher\":{\"@id\":\"https:\/\/www.northeastwales.wales\/#organization\"},\"potentialAction\":[{\"@type\":\"SearchAction\",\"target\":{\"@type\":\"EntryPoint\",\"urlTemplate\":\"https:\/\/www.northeastwales.wales\/?s={search_term_string}\"},\"query-input\":\"required name=search_term_string\"}],\"inLanguage\":\"cy-GB\"},{\"@type\":\"Organization\",\"@id\":\"https:\/\/www.northeastwales.wales\/#organization\",\"name\":\"North East Wales\",\"url\":\"https:\/\/www.northeastwales.wales\/\",\"logo\":{\"@type\":\"ImageObject\",\"inLanguage\":\"cy-GB\",\"@id\":\"https:\/\/www.northeastwales.wales\/#\/schema\/logo\/image\/\",\"url\":\"https:\/\/www.northeastwales.wales\/wp-content\/uploads\/2022\/02\/newales-home-logo-blue.jpg\",\"contentUrl\":\"https:\/\/www.northeastwales.wales\/wp-content\/uploads\/2022\/02\/newales-home-logo-blue.jpg\",\"width\":546,\"height\":188,\"caption\":\"North East Wales\"},\"image\":{\"@id\":\"https:\/\/www.northeastwales.wales\/#\/schema\/logo\/image\/\"},\"sameAs\":[\"https:\/\/www.facebook.com\/NthEastWales\/\",\"https:\/\/x.com\/ntheastwales\",\"https:\/\/www.instagram.com\/gogledddcymru_northeastwales\/\",\"https:\/\/www.youtube.com\/channel\/UCtuuRbGlGvAArd7X1AC1fLQ\"]}]}<\/script>\n<!-- \/ Yoast SEO plugin. -->","yoast_head_json":{"title":"Ffordd y Gogledd \u2013 Mae\u2019n antur - Gogledd Ddwyrain Cymru - North East Wales","robots":{"index":"index","follow":"follow","max-snippet":"max-snippet:-1","max-image-preview":"max-image-preview:large","max-video-preview":"max-video-preview:-1"},"canonical":"https:\/\/www.northeastwales.wales\/cy\/the-north-wales-way\/the-north-wales-way-its-an-adventure\/","og_locale":"cy_GB","og_type":"article","og_title":"Ffordd y Gogledd \u2013 Mae\u2019n antur - Gogledd Ddwyrain Cymru - North East Wales","og_description":"[vc_row full_width=&#8221;stretch_row_content_no_spaces&#8221; css=&#8221;.vc_custom_1647865968556{margin-bottom: 80px !important;padding-right: 30px !important;padding-left: 30px !important;}&#8221;][vc_column width=&#8221;1\/6&#8243;][\/vc_column][vc_column width=&#8221;2\/3&#8243;][vc_row_inner css=&#8221;.vc_custom_1647864280153{margin-bottom: 30px !important;padding-top: 60px !important;}&#8221;][vc_column_inner width=&#8221;1\/6&#8243;][\/vc_column_inner][vc_column_inner width=&#8221;2\/3&#8243;][vc_column_text el_class=&#8221;main-header__subtitle&#8221;] Mae\u2019n antur Ffordd y Gogledd Mae Ffordd y Gogledd, sy\u2019n cychwyn wrth y ffin rhwng Cymru a Lloegr ac yn ymlwybro tua\u2019r gorllewin am 75 milltir \/ 120km i ben draw Ynys M\u00f4n, yn un o [&hellip;]","og_url":"https:\/\/www.northeastwales.wales\/cy\/the-north-wales-way\/the-north-wales-way-its-an-adventure\/","og_site_name":"Gogledd Ddwyrain Cymru - North East Wales","article_publisher":"https:\/\/www.facebook.com\/NthEastWales\/","article_modified_time":"2022-03-29T14:48:27+00:00","og_image":[{"width":2000,"height":814,"url":"https:\/\/www.northeastwales.wales\/wp-content\/uploads\/2022\/03\/pontcysyllte-aqueduct-banner.jpg","type":"image\/jpeg"}],"twitter_card":"summary_large_image","twitter_site":"@ntheastwales","twitter_misc":{"Est. reading time":"7 minutes"},"schema":{"@context":"https:\/\/schema.org","@graph":[{"@type":"WebPage","@id":"https:\/\/www.northeastwales.wales\/cy\/the-north-wales-way\/the-north-wales-way-its-an-adventure\/","url":"https:\/\/www.northeastwales.wales\/cy\/the-north-wales-way\/the-north-wales-way-its-an-adventure\/","name":"Ffordd y Gogledd \u2013 Mae\u2019n antur - Gogledd Ddwyrain Cymru - North East Wales","isPartOf":{"@id":"https:\/\/www.northeastwales.wales\/#website"},"primaryImageOfPage":{"@id":"https:\/\/www.northeastwales.wales\/cy\/the-north-wales-way\/the-north-wales-way-its-an-adventure\/#primaryimage"},"image":{"@id":"https:\/\/www.northeastwales.wales\/cy\/the-north-wales-way\/the-north-wales-way-its-an-adventure\/#primaryimage"},"thumbnailUrl":"https:\/\/www.northeastwales.wales\/wp-content\/uploads\/2022\/03\/pontcysyllte-aqueduct-banner.jpg","datePublished":"2022-03-21T17:18:00+00:00","dateModified":"2022-03-29T14:48:27+00:00","breadcrumb":{"@id":"https:\/\/www.northeastwales.wales\/cy\/the-north-wales-way\/the-north-wales-way-its-an-adventure\/#breadcrumb"},"inLanguage":"cy-GB","potentialAction":[{"@type":"ReadAction","target":["https:\/\/www.northeastwales.wales\/cy\/the-north-wales-way\/the-north-wales-way-its-an-adventure\/"]}]},{"@type":"ImageObject","inLanguage":"cy-GB","@id":"https:\/\/www.northeastwales.wales\/cy\/the-north-wales-way\/the-north-wales-way-its-an-adventure\/#primaryimage","url":"https:\/\/www.northeastwales.wales\/wp-content\/uploads\/2022\/03\/pontcysyllte-aqueduct-banner.jpg","contentUrl":"https:\/\/www.northeastwales.wales\/wp-content\/uploads\/2022\/03\/pontcysyllte-aqueduct-banner.jpg","width":2000,"height":814,"caption":"Pontcysyllte Aqueduct"},{"@type":"BreadcrumbList","@id":"https:\/\/www.northeastwales.wales\/cy\/the-north-wales-way\/the-north-wales-way-its-an-adventure\/#breadcrumb","itemListElement":[{"@type":"ListItem","position":1,"name":"Home","item":"https:\/\/www.northeastwales.wales\/cy\/"},{"@type":"ListItem","position":2,"name":"Ffordd y Gogledd","item":"https:\/\/www.northeastwales.wales\/cy\/the-north-wales-way\/"},{"@type":"ListItem","position":3,"name":"Ffordd y Gogledd \u2013 Mae\u2019n antur"}]},{"@type":"WebSite","@id":"https:\/\/www.northeastwales.wales\/#website","url":"https:\/\/www.northeastwales.wales\/","name":"Gogledd Ddwyrain Cymru - North East Wales","description":"Things to do, events and holiday ideas in North East Wales","publisher":{"@id":"https:\/\/www.northeastwales.wales\/#organization"},"potentialAction":[{"@type":"SearchAction","target":{"@type":"EntryPoint","urlTemplate":"https:\/\/www.northeastwales.wales\/?s={search_term_string}"},"query-input":"required name=search_term_string"}],"inLanguage":"cy-GB"},{"@type":"Organization","@id":"https:\/\/www.northeastwales.wales\/#organization","name":"North East Wales","url":"https:\/\/www.northeastwales.wales\/","logo":{"@type":"ImageObject","inLanguage":"cy-GB","@id":"https:\/\/www.northeastwales.wales\/#\/schema\/logo\/image\/","url":"https:\/\/www.northeastwales.wales\/wp-content\/uploads\/2022\/02\/newales-home-logo-blue.jpg","contentUrl":"https:\/\/www.northeastwales.wales\/wp-content\/uploads\/2022\/02\/newales-home-logo-blue.jpg","width":546,"height":188,"caption":"North East Wales"},"image":{"@id":"https:\/\/www.northeastwales.wales\/#\/schema\/logo\/image\/"},"sameAs":["https:\/\/www.facebook.com\/NthEastWales\/","https:\/\/x.com\/ntheastwales","https:\/\/www.instagram.com\/gogledddcymru_northeastwales\/","https:\/\/www.youtube.com\/channel\/UCtuuRbGlGvAArd7X1AC1fLQ"]}]}},"_links":{"self":[{"href":"https:\/\/www.northeastwales.wales\/cy\/wp-json\/wp\/v2\/pages\/2231","targetHints":{"allow":["GET"]}}],"collection":[{"href":"https:\/\/www.northeastwales.wales\/cy\/wp-json\/wp\/v2\/pages"}],"about":[{"href":"https:\/\/www.northeastwales.wales\/cy\/wp-json\/wp\/v2\/types\/page"}],"author":[{"embeddable":true,"href":"https:\/\/www.northeastwales.wales\/cy\/wp-json\/wp\/v2\/users\/1"}],"replies":[{"embeddable":true,"href":"https:\/\/www.northeastwales.wales\/cy\/wp-json\/wp\/v2\/comments?post=2231"}],"version-history":[{"count":5,"href":"https:\/\/www.northeastwales.wales\/cy\/wp-json\/wp\/v2\/pages\/2231\/revisions"}],"predecessor-version":[{"id":2247,"href":"https:\/\/www.northeastwales.wales\/cy\/wp-json\/wp\/v2\/pages\/2231\/revisions\/2247"}],"up":[{"embeddable":true,"href":"https:\/\/www.northeastwales.wales\/cy\/wp-json\/wp\/v2\/pages\/2190"}],"wp:featuredmedia":[{"embeddable":true,"href":"https:\/\/www.northeastwales.wales\/cy\/wp-json\/wp\/v2\/media\/1336"}],"wp:attachment":[{"href":"https:\/\/www.northeastwales.wales\/cy\/wp-json\/wp\/v2\/media?parent=2231"}],"curies":[{"name":"wp","href":"https:\/\/api.w.org\/{rel}","templated":true}]}}