{"id":2256,"date":"2022-03-22T15:49:24","date_gmt":"2022-03-22T15:49:24","guid":{"rendered":"http:\/\/www.northeastwales.wales\/the-north-wales-way\/the-north-wales-way-a-golfing-grand-tour\/"},"modified":"2022-03-29T16:28:08","modified_gmt":"2022-03-29T15:28:08","slug":"the-north-wales-way-a-golfing-grand-tour","status":"publish","type":"page","link":"https:\/\/www.northeastwales.wales\/cy\/the-north-wales-way\/the-north-wales-way-a-golfing-grand-tour\/","title":{"rendered":"Ffordd y Gogledd \u2013 Taith golff"},"content":{"rendered":"<div class=\"wpb-content-wrapper\"><p>[vc_row full_width=&#8221;stretch_row_content_no_spaces&#8221; css=&#8221;.vc_custom_1647865968556{margin-bottom: 80px !important;padding-right: 30px !important;padding-left: 30px !important;}&#8221;][vc_column width=&#8221;1\/6&#8243;][\/vc_column][vc_column width=&#8221;2\/3&#8243;][vc_row_inner css=&#8221;.vc_custom_1647864280153{margin-bottom: 30px !important;padding-top: 60px !important;}&#8221;][vc_column_inner width=&#8221;1\/6&#8243;][\/vc_column_inner][vc_column_inner width=&#8221;2\/3&#8243;][vc_column_text el_class=&#8221;main-header__subtitle&#8221;]\n<h1>Taith golff<\/h1>\n<h3>Ffordd y Gogledd<\/h3>\n<p>Mae Ffordd y Gogledd, sy\u2019n cychwyn wrth y ffin rhwng Cymru a Lloegr ac yn ymlwybro tua\u2019r gorllewin am 75 milltir \/ 120km i ben draw Ynys M\u00f4n, yn un o dri llwybr Ffordd Cymru sy\u2019n arwain ac yn ysbrydoli ymwelwyr. Cafodd pob \u2018Ffordd\u2019 ei dylunio fel profiad hyblyg, ac nid fel rhywbeth i\u2019ch cyfyngu, gyda llu o gyfleoedd i chi adael y prif lwybr, dilyn eich trwyn a darganfod mwy.<\/p>\n<p>Mae\u2019r rhaglen bedwar diwrnod hon yn mynd \u00e2 chi i glybiau golff gwych ar hyd Ffordd y Gogledd. Mae\u2019n fwy na thebyg na chewch chi ddim amser am g\u00eam ar bob un, ond gallwch ddefnyddio ein llwybr i ddewis y clybiau hynny sy\u2019n gweddu orau i\u2019ch lefel sgil a\u2019ch arddull o chwarae.<\/p>\n<p>Oni nodir yn wahanol, mae\u2019r cyrsiau golff sydd wedi eu cynnwys yn rhai deunaw twll.[\/vc_column_text][\/vc_column_inner][vc_column_inner width=&#8221;1\/6&#8243;][\/vc_column_inner][\/vc_row_inner][vc_row_inner gap=&#8221;30&#8243;][vc_column_inner][vc_column_text]\n<h2>Diwrnod 1<\/h2>\n<p>O ddechrau eich taith ger Wrecsam a\u2019r ffin rhwng Cymru a Lloegr, byddwch yn darganfod cwrs naw twll y <strong>Plasau<\/strong>. Dyma gwrs parcdir prydferth gyda ffyrdd teg (fairways) bryniog ond esmwyth wedi eu hamgylchynu \u00e2 llynnoedd, nentydd a choed derw aeddfed. O symud ymlaen, mae <strong>Clwb Golff yr Wyddgrug<\/strong> yn cynnig deunaw twll gafaelgar gyda lewntydd gwych a golygfeydd godidog dros Fryniau Clwyd, tra bod parcdir tonnog, esmwyth <strong>Clwb Golff Rhuddlan<\/strong> yn leoliad i ddigwyddiadau Pencampwriaeth Sirol a Chenedlaethol yn rheolaidd.<\/p>\n<p>Am fanylion yngl\u0177n \u00e2 thrwydded golff Gateway to Wales a thrwydded golff arfordirol Gogledd Ddwyrain Cymru, sy\u2019n caniat\u00e1u i chi chwarae ar nifer o gyrsiau am bris gostyngedig, ewch i <a href=\"https:\/\/gogleddddwyraincymru.cymru\" target=\"_blank\" rel=\"noopener\">gogleddddwyraincymru.cymru<\/a><\/p>\n<p><strong>Awgrym i aros dros nos:<\/strong> Rhuddlan neu Lanelwy.[\/vc_column_text][\/vc_column_inner][\/vc_row_inner][vc_row_inner gap=&#8221;30&#8243;][vc_column_inner][vc_column_text]\n<h2>Diwrnod 2<\/h2>\n<p><strong>Abergele<\/strong> yw\u2019r lle cyntaf i fynd. Dyma gwrs parcdir tlws gyda golygfeydd morol syfrdanol a ffyrdd teg llydan yn llawn bynceri a rhwystrau d\u0175r (water hazards). Sefydlwyd <strong>Clwb Golff Conwy (Sir Gaernarfon)<\/strong> ym 1869 trwy dorri ychydig dyllau i\u2019r pridd, ond ers hynny mae wedi dod yn un o gyrsiau lincs enwocaf ac mwyaf heriol y DU (ac yn leoliad poblogaidd i gynnal cystadlaethau fel Pencampwriaeth Agored Cymru a Chwpan Curtis).<\/p>\n<p>Mae <strong>Clwb Golff Penmaenmawr<\/strong>, gyda\u2019i naw twll a\u2019i leoliad rhwng mynydd a m\u00f4r, yn gwrs ar raddfa lai. Mae\u2019n cynnwys digon o her, fodd bynnag, gyda\u2019r ffyrdd teg wedi eu rhannu \u00e2 waliau cerrig sychion sy\u2019n aros am unrhyw b\u00eal aiff ar gyfeiliorn.<\/p>\n<p><strong>Awgrym i aros dros nos:<\/strong> Bangor.[\/vc_column_text][\/vc_column_inner][\/vc_row_inner][vc_row_inner gap=&#8221;30&#8243;][vc_column_inner][vc_column_text]\n<h2>Diwrnod 3<\/h2>\n<p>Dechreuwch y dydd ar gwrs Sant Deiniol ym Mangor \u2013 cwrs parcdir gyda golygfeydd hirbell dros f\u00f4r a mynydd. Draw \u00e2 chi wedyn i Ynys M\u00f4n i chwarae ar gwrs parcdir coediog <strong>Clwb Golff Neuadd Henllys<\/strong> ger Biwmares, sy\u2019n cynnig golygfeydd heb eu hail o\u2019r Fenai ac Eryri ynghyd \u00e2 ffyrdd teg gleision a rhwystrau d\u0175r naturiol i\u2019ch herio.<\/p>\n<p>Cwrs naw twll <strong>Storws Wen<\/strong> ger Benllech ddaw nesaf (sy\u2019n adnabyddus am ei lewntydd a\u2019i dyllau ymarfer o ansawdd), cyn chwarae rownd yng <strong>Nghlwb Golff Porth Llechog<\/strong>, cwrs mwyaf gogleddol Cymru. Mae\u2019n manteisio\u2019n llwyr ar ei dirwedd bryniog naturiol, gan herio chwaraewyr \u00e2 cherrig brig ac eithin trwchus wrth iddynt geisio ymdopi \u00e2\u2019r awelon main o F\u00f4r Iwerddon.<\/p>\n<p><strong>Awgrym i aros dros nos:<\/strong> Porth Llechog, Bae Cemaes neu Amlwch.[\/vc_column_text][\/vc_column_inner][\/vc_row_inner][vc_row_inner gap=&#8221;30&#8243;][vc_column_inner][vc_column_text]\n<h2>Diwrnod 4<\/h2>\n<p>Dychwelwch i\u2019r tir mawr, ac ewch i\u2019r afael \u00e2 <strong>Chlwb Golff Tref Frenhinol Caernarfon<\/strong>, sy\u2019n cynnig gwrs parcdir heriol gyda lewntydd esmwyth a ffyrdd teg gleision (gyda mynyddoedd trawiadol yn gefnlen i\u2019r cyfan). Mae\u2019n bosib mai ein cwrs olaf yw\u2019r mwyaf anhygoel. Mae <strong>Clwb Golff Nefyn a\u2019r Cylch<\/strong> ymhlith cyrsiau golff mwyaf eiconig Cymru ac, yn wir, y DU. Mae\u2019n brofiad sy\u2019n ddigon i\u2019ch dychryn, ond yn un sy\u2019n rhoi boddhad mawr; ac fe saif ar benrhyn bychan sy\u2019n ymestyn i\u2019r m\u00f4r. Mae chwarae yma wedi dwyn cymhariaeth \u00e2 chwarae ar fwrdd llong awyrennau.<\/p>\n<p><strong>Awgrym i aros dros nos:<\/strong> Nefyn neu Bwllheli.[\/vc_column_text][\/vc_column_inner][\/vc_row_inner][vc_separator color=&#8221;black&#8221; align=&#8221;align_left&#8221; css=&#8221;.vc_custom_1647882878591{margin-top: 30px !important;margin-bottom: 30px !important;}&#8221;][vc_row_inner gap=&#8221;30&#8243;][vc_column_inner][vc_column_text]\n<h3>Teithlenni<\/h3>\n<p>Bydd awgrymiadau o deithlenni i\u2019ch helpu i fanteisio ar Ffordd Gogledd Cymru, gyda\u2019r them\u00e2u canlynol.[\/vc_column_text][vc_raw_html]JTNDYSUyMGNsYXNzJTNEJTIybmV3LXJlZC1idXR0b24lMjIlMjBocmVmJTNEJTIyJTJGY3klMkZ0aGUtbm9ydGgtd2FsZXMtd2F5JTJGdGhlLW5vcnRoLXdhbGVzLXdheS1hLWN1bHR1cmFsLWpvdXJuZXklMjIlM0VUcmVmdGFkYWV0aCUzQyUyRmElM0UlMEElM0NhJTIwY2xhc3MlM0QlMjJuZXctcmVkLWJ1dHRvbiUyMiUyMGhyZWYlM0QlMjIlMkZjeSUyRnRoZS1ub3J0aC13YWxlcy13YXklMkZ0aGUtbm9ydGgtd2FsZXMtd2F5LWl0cy1hbi1hZHZlbnR1cmUlMkYlMjIlM0VBbnR1ciUzQyUyRmElM0UlMEElM0NhJTIwY2xhc3MlM0QlMjJuZXctcmVkLWJ1dHRvbiUyMiUyMGhyZWYlM0QlMjIlMkZjeSUyRnRoZS1ub3J0aC13YWxlcy13YXklMkZ0aGUtbm9ydGgtd2FsZXMtd2F5LXdhbGstdGhpcy13YXklMkYlMjIlM0VDZXJkZGVkJTNDJTJGYSUzRSUwQSUzQ2ElMjBjbGFzcyUzRCUyMm5ldy1yZWQtYnV0dG9uJTIyJTIwaHJlZiUzRCUyMiUyRmN5JTJGdGhlLW5vcnRoLXdhbGVzLXdheSUyRnRoZS1ub3J0aC13YWxlcy13YXktbGFuZHNjYXBlcy1hbmQtdmlld3BvaW50cyUyRiUyMiUzRVRpcndlZGQlM0MlMkZhJTNFJTBBJTNDYSUyMGNsYXNzJTNEJTIybmV3LXJlZC1idXR0b24lMjIlMjBocmVmJTNEJTIyJTJGY3klMkZ0aGUtbm9ydGgtd2FsZXMtd2F5JTJGdGhlLW5vcnRoLXdhbGVzLXdheS1hLWdvbGZpbmctZ3JhbmQtdG91ciUyRiUyMiUzRUdvbGZmJTNDJTJGYSUzRSUwQSUzQ2ElMjBjbGFzcyUzRCUyMm5ldy1yZWQtYnV0dG9uJTIyJTIwaHJlZiUzRCUyMiUyRmN5JTJGdGhlLW5vcnRoLXdhbGVzLXdheSUyRnRoZS1ub3J0aC13YWxlcy13YXktZm9vZC1hbmQtZHJpbmstdHJhaWwlMkYlMjIlM0VCb3lkJTIwYSUyMGRpb2QlM0MlMkZhJTNF[\/vc_raw_html][\/vc_column_inner][\/vc_row_inner][\/vc_column][vc_column width=&#8221;1\/6&#8243;][\/vc_column][\/vc_row]\n<\/div>","protected":false},"excerpt":{"rendered":"<p>[vc_row full_width=&#8221;stretch_row_content_no_spaces&#8221; css=&#8221;.vc_custom_1647865968556{margin-bottom: 80px !important;padding-right: 30px !important;padding-left: 30px !important;}&#8221;][vc_column width=&#8221;1\/6&#8243;][\/vc_column][vc_column width=&#8221;2\/3&#8243;][vc_row_inner css=&#8221;.vc_custom_1647864280153{margin-bottom: 30px !important;padding-top: 60px !important;}&#8221;][vc_column_inner width=&#8221;1\/6&#8243;][\/vc_column_inner][vc_column_inner width=&#8221;2\/3&#8243;][vc_column_text el_class=&#8221;main-header__subtitle&#8221;] Taith golff Ffordd y Gogledd Mae Ffordd y Gogledd, sy\u2019n cychwyn wrth y ffin rhwng Cymru a Lloegr ac yn ymlwybro tua\u2019r gorllewin am 75 milltir \/ 120km i ben draw Ynys M\u00f4n, yn un o [&hellip;]<\/p>\n","protected":false},"author":1,"featured_media":1375,"parent":2190,"menu_order":0,"comment_status":"closed","ping_status":"open","template":"page-templates\/fullwidth-without-title.php","meta":{"footnotes":""},"class_list":["post-2256","page","type-page","status-publish","has-post-thumbnail","hentry"],"yoast_head":"<!-- This site is optimized with the Yoast SEO plugin v23.1 - https:\/\/yoast.com\/wordpress\/plugins\/seo\/ -->\n<title>Ffordd y Gogledd \u2013 Taith golff - Gogledd Ddwyrain Cymru - North East Wales<\/title>\n<meta name=\"robots\" content=\"index, follow, max-snippet:-1, max-image-preview:large, max-video-preview:-1\" \/>\n<link rel=\"canonical\" href=\"https:\/\/www.northeastwales.wales\/cy\/the-north-wales-way\/the-north-wales-way-a-golfing-grand-tour\/\" \/>\n<meta property=\"og:locale\" content=\"cy_GB\" \/>\n<meta property=\"og:type\" content=\"article\" \/>\n<meta property=\"og:title\" content=\"Ffordd y Gogledd \u2013 Taith golff - Gogledd Ddwyrain Cymru - North East Wales\" \/>\n<meta property=\"og:description\" content=\"[vc_row full_width=&#8221;stretch_row_content_no_spaces&#8221; css=&#8221;.vc_custom_1647865968556{margin-bottom: 80px !important;padding-right: 30px !important;padding-left: 30px !important;}&#8221;][vc_column width=&#8221;1\/6&#8243;][\/vc_column][vc_column width=&#8221;2\/3&#8243;][vc_row_inner css=&#8221;.vc_custom_1647864280153{margin-bottom: 30px !important;padding-top: 60px !important;}&#8221;][vc_column_inner width=&#8221;1\/6&#8243;][\/vc_column_inner][vc_column_inner width=&#8221;2\/3&#8243;][vc_column_text el_class=&#8221;main-header__subtitle&#8221;] Taith golff Ffordd y Gogledd Mae Ffordd y Gogledd, sy\u2019n cychwyn wrth y ffin rhwng Cymru a Lloegr ac yn ymlwybro tua\u2019r gorllewin am 75 milltir \/ 120km i ben draw Ynys M\u00f4n, yn un o [&hellip;]\" \/>\n<meta property=\"og:url\" content=\"https:\/\/www.northeastwales.wales\/cy\/the-north-wales-way\/the-north-wales-way-a-golfing-grand-tour\/\" \/>\n<meta property=\"og:site_name\" content=\"Gogledd Ddwyrain Cymru - North East Wales\" \/>\n<meta property=\"article:publisher\" content=\"https:\/\/www.facebook.com\/NthEastWales\/\" \/>\n<meta property=\"article:modified_time\" content=\"2022-03-29T15:28:08+00:00\" \/>\n<meta property=\"og:image\" content=\"https:\/\/www.northeastwales.wales\/wp-content\/uploads\/2022\/03\/conwy-golf-club-2.jpg\" \/>\n\t<meta property=\"og:image:width\" content=\"2000\" \/>\n\t<meta property=\"og:image:height\" content=\"804\" \/>\n\t<meta property=\"og:image:type\" content=\"image\/jpeg\" \/>\n<meta name=\"twitter:card\" content=\"summary_large_image\" \/>\n<meta name=\"twitter:site\" content=\"@ntheastwales\" \/>\n<meta name=\"twitter:label1\" content=\"Est. reading time\" \/>\n\t<meta name=\"twitter:data1\" content=\"5 minutes\" \/>\n<script type=\"application\/ld+json\" class=\"yoast-schema-graph\">{\"@context\":\"https:\/\/schema.org\",\"@graph\":[{\"@type\":\"WebPage\",\"@id\":\"https:\/\/www.northeastwales.wales\/cy\/the-north-wales-way\/the-north-wales-way-a-golfing-grand-tour\/\",\"url\":\"https:\/\/www.northeastwales.wales\/cy\/the-north-wales-way\/the-north-wales-way-a-golfing-grand-tour\/\",\"name\":\"Ffordd y Gogledd \u2013 Taith golff - Gogledd Ddwyrain Cymru - North East Wales\",\"isPartOf\":{\"@id\":\"https:\/\/www.northeastwales.wales\/#website\"},\"primaryImageOfPage\":{\"@id\":\"https:\/\/www.northeastwales.wales\/cy\/the-north-wales-way\/the-north-wales-way-a-golfing-grand-tour\/#primaryimage\"},\"image\":{\"@id\":\"https:\/\/www.northeastwales.wales\/cy\/the-north-wales-way\/the-north-wales-way-a-golfing-grand-tour\/#primaryimage\"},\"thumbnailUrl\":\"https:\/\/www.northeastwales.wales\/wp-content\/uploads\/2022\/03\/conwy-golf-club-2.jpg\",\"datePublished\":\"2022-03-22T15:49:24+00:00\",\"dateModified\":\"2022-03-29T15:28:08+00:00\",\"breadcrumb\":{\"@id\":\"https:\/\/www.northeastwales.wales\/cy\/the-north-wales-way\/the-north-wales-way-a-golfing-grand-tour\/#breadcrumb\"},\"inLanguage\":\"cy-GB\",\"potentialAction\":[{\"@type\":\"ReadAction\",\"target\":[\"https:\/\/www.northeastwales.wales\/cy\/the-north-wales-way\/the-north-wales-way-a-golfing-grand-tour\/\"]}]},{\"@type\":\"ImageObject\",\"inLanguage\":\"cy-GB\",\"@id\":\"https:\/\/www.northeastwales.wales\/cy\/the-north-wales-way\/the-north-wales-way-a-golfing-grand-tour\/#primaryimage\",\"url\":\"https:\/\/www.northeastwales.wales\/wp-content\/uploads\/2022\/03\/conwy-golf-club-2.jpg\",\"contentUrl\":\"https:\/\/www.northeastwales.wales\/wp-content\/uploads\/2022\/03\/conwy-golf-club-2.jpg\",\"width\":2000,\"height\":804,\"caption\":\"Conwy Golf Club\"},{\"@type\":\"BreadcrumbList\",\"@id\":\"https:\/\/www.northeastwales.wales\/cy\/the-north-wales-way\/the-north-wales-way-a-golfing-grand-tour\/#breadcrumb\",\"itemListElement\":[{\"@type\":\"ListItem\",\"position\":1,\"name\":\"Home\",\"item\":\"https:\/\/www.northeastwales.wales\/cy\/\"},{\"@type\":\"ListItem\",\"position\":2,\"name\":\"Ffordd y Gogledd\",\"item\":\"https:\/\/www.northeastwales.wales\/cy\/the-north-wales-way\/\"},{\"@type\":\"ListItem\",\"position\":3,\"name\":\"Ffordd y Gogledd \u2013 Taith golff\"}]},{\"@type\":\"WebSite\",\"@id\":\"https:\/\/www.northeastwales.wales\/#website\",\"url\":\"https:\/\/www.northeastwales.wales\/\",\"name\":\"Gogledd Ddwyrain Cymru - North East Wales\",\"description\":\"Things to do, events and holiday ideas in North East Wales\",\"publisher\":{\"@id\":\"https:\/\/www.northeastwales.wales\/#organization\"},\"potentialAction\":[{\"@type\":\"SearchAction\",\"target\":{\"@type\":\"EntryPoint\",\"urlTemplate\":\"https:\/\/www.northeastwales.wales\/?s={search_term_string}\"},\"query-input\":\"required name=search_term_string\"}],\"inLanguage\":\"cy-GB\"},{\"@type\":\"Organization\",\"@id\":\"https:\/\/www.northeastwales.wales\/#organization\",\"name\":\"North East Wales\",\"url\":\"https:\/\/www.northeastwales.wales\/\",\"logo\":{\"@type\":\"ImageObject\",\"inLanguage\":\"cy-GB\",\"@id\":\"https:\/\/www.northeastwales.wales\/#\/schema\/logo\/image\/\",\"url\":\"https:\/\/www.northeastwales.wales\/wp-content\/uploads\/2022\/02\/newales-home-logo-blue.jpg\",\"contentUrl\":\"https:\/\/www.northeastwales.wales\/wp-content\/uploads\/2022\/02\/newales-home-logo-blue.jpg\",\"width\":546,\"height\":188,\"caption\":\"North East Wales\"},\"image\":{\"@id\":\"https:\/\/www.northeastwales.wales\/#\/schema\/logo\/image\/\"},\"sameAs\":[\"https:\/\/www.facebook.com\/NthEastWales\/\",\"https:\/\/x.com\/ntheastwales\",\"https:\/\/www.instagram.com\/gogledddcymru_northeastwales\/\",\"https:\/\/www.youtube.com\/channel\/UCtuuRbGlGvAArd7X1AC1fLQ\"]}]}<\/script>\n<!-- \/ Yoast SEO plugin. -->","yoast_head_json":{"title":"Ffordd y Gogledd \u2013 Taith golff - Gogledd Ddwyrain Cymru - North East Wales","robots":{"index":"index","follow":"follow","max-snippet":"max-snippet:-1","max-image-preview":"max-image-preview:large","max-video-preview":"max-video-preview:-1"},"canonical":"https:\/\/www.northeastwales.wales\/cy\/the-north-wales-way\/the-north-wales-way-a-golfing-grand-tour\/","og_locale":"cy_GB","og_type":"article","og_title":"Ffordd y Gogledd \u2013 Taith golff - Gogledd Ddwyrain Cymru - North East Wales","og_description":"[vc_row full_width=&#8221;stretch_row_content_no_spaces&#8221; css=&#8221;.vc_custom_1647865968556{margin-bottom: 80px !important;padding-right: 30px !important;padding-left: 30px !important;}&#8221;][vc_column width=&#8221;1\/6&#8243;][\/vc_column][vc_column width=&#8221;2\/3&#8243;][vc_row_inner css=&#8221;.vc_custom_1647864280153{margin-bottom: 30px !important;padding-top: 60px !important;}&#8221;][vc_column_inner width=&#8221;1\/6&#8243;][\/vc_column_inner][vc_column_inner width=&#8221;2\/3&#8243;][vc_column_text el_class=&#8221;main-header__subtitle&#8221;] Taith golff Ffordd y Gogledd Mae Ffordd y Gogledd, sy\u2019n cychwyn wrth y ffin rhwng Cymru a Lloegr ac yn ymlwybro tua\u2019r gorllewin am 75 milltir \/ 120km i ben draw Ynys M\u00f4n, yn un o [&hellip;]","og_url":"https:\/\/www.northeastwales.wales\/cy\/the-north-wales-way\/the-north-wales-way-a-golfing-grand-tour\/","og_site_name":"Gogledd Ddwyrain Cymru - North East Wales","article_publisher":"https:\/\/www.facebook.com\/NthEastWales\/","article_modified_time":"2022-03-29T15:28:08+00:00","og_image":[{"width":2000,"height":804,"url":"https:\/\/www.northeastwales.wales\/wp-content\/uploads\/2022\/03\/conwy-golf-club-2.jpg","type":"image\/jpeg"}],"twitter_card":"summary_large_image","twitter_site":"@ntheastwales","twitter_misc":{"Est. reading time":"5 minutes"},"schema":{"@context":"https:\/\/schema.org","@graph":[{"@type":"WebPage","@id":"https:\/\/www.northeastwales.wales\/cy\/the-north-wales-way\/the-north-wales-way-a-golfing-grand-tour\/","url":"https:\/\/www.northeastwales.wales\/cy\/the-north-wales-way\/the-north-wales-way-a-golfing-grand-tour\/","name":"Ffordd y Gogledd \u2013 Taith golff - Gogledd Ddwyrain Cymru - North East Wales","isPartOf":{"@id":"https:\/\/www.northeastwales.wales\/#website"},"primaryImageOfPage":{"@id":"https:\/\/www.northeastwales.wales\/cy\/the-north-wales-way\/the-north-wales-way-a-golfing-grand-tour\/#primaryimage"},"image":{"@id":"https:\/\/www.northeastwales.wales\/cy\/the-north-wales-way\/the-north-wales-way-a-golfing-grand-tour\/#primaryimage"},"thumbnailUrl":"https:\/\/www.northeastwales.wales\/wp-content\/uploads\/2022\/03\/conwy-golf-club-2.jpg","datePublished":"2022-03-22T15:49:24+00:00","dateModified":"2022-03-29T15:28:08+00:00","breadcrumb":{"@id":"https:\/\/www.northeastwales.wales\/cy\/the-north-wales-way\/the-north-wales-way-a-golfing-grand-tour\/#breadcrumb"},"inLanguage":"cy-GB","potentialAction":[{"@type":"ReadAction","target":["https:\/\/www.northeastwales.wales\/cy\/the-north-wales-way\/the-north-wales-way-a-golfing-grand-tour\/"]}]},{"@type":"ImageObject","inLanguage":"cy-GB","@id":"https:\/\/www.northeastwales.wales\/cy\/the-north-wales-way\/the-north-wales-way-a-golfing-grand-tour\/#primaryimage","url":"https:\/\/www.northeastwales.wales\/wp-content\/uploads\/2022\/03\/conwy-golf-club-2.jpg","contentUrl":"https:\/\/www.northeastwales.wales\/wp-content\/uploads\/2022\/03\/conwy-golf-club-2.jpg","width":2000,"height":804,"caption":"Conwy Golf Club"},{"@type":"BreadcrumbList","@id":"https:\/\/www.northeastwales.wales\/cy\/the-north-wales-way\/the-north-wales-way-a-golfing-grand-tour\/#breadcrumb","itemListElement":[{"@type":"ListItem","position":1,"name":"Home","item":"https:\/\/www.northeastwales.wales\/cy\/"},{"@type":"ListItem","position":2,"name":"Ffordd y Gogledd","item":"https:\/\/www.northeastwales.wales\/cy\/the-north-wales-way\/"},{"@type":"ListItem","position":3,"name":"Ffordd y Gogledd \u2013 Taith golff"}]},{"@type":"WebSite","@id":"https:\/\/www.northeastwales.wales\/#website","url":"https:\/\/www.northeastwales.wales\/","name":"Gogledd Ddwyrain Cymru - North East Wales","description":"Things to do, events and holiday ideas in North East Wales","publisher":{"@id":"https:\/\/www.northeastwales.wales\/#organization"},"potentialAction":[{"@type":"SearchAction","target":{"@type":"EntryPoint","urlTemplate":"https:\/\/www.northeastwales.wales\/?s={search_term_string}"},"query-input":"required name=search_term_string"}],"inLanguage":"cy-GB"},{"@type":"Organization","@id":"https:\/\/www.northeastwales.wales\/#organization","name":"North East Wales","url":"https:\/\/www.northeastwales.wales\/","logo":{"@type":"ImageObject","inLanguage":"cy-GB","@id":"https:\/\/www.northeastwales.wales\/#\/schema\/logo\/image\/","url":"https:\/\/www.northeastwales.wales\/wp-content\/uploads\/2022\/02\/newales-home-logo-blue.jpg","contentUrl":"https:\/\/www.northeastwales.wales\/wp-content\/uploads\/2022\/02\/newales-home-logo-blue.jpg","width":546,"height":188,"caption":"North East Wales"},"image":{"@id":"https:\/\/www.northeastwales.wales\/#\/schema\/logo\/image\/"},"sameAs":["https:\/\/www.facebook.com\/NthEastWales\/","https:\/\/x.com\/ntheastwales","https:\/\/www.instagram.com\/gogledddcymru_northeastwales\/","https:\/\/www.youtube.com\/channel\/UCtuuRbGlGvAArd7X1AC1fLQ"]}]}},"_links":{"self":[{"href":"https:\/\/www.northeastwales.wales\/cy\/wp-json\/wp\/v2\/pages\/2256","targetHints":{"allow":["GET"]}}],"collection":[{"href":"https:\/\/www.northeastwales.wales\/cy\/wp-json\/wp\/v2\/pages"}],"about":[{"href":"https:\/\/www.northeastwales.wales\/cy\/wp-json\/wp\/v2\/types\/page"}],"author":[{"embeddable":true,"href":"https:\/\/www.northeastwales.wales\/cy\/wp-json\/wp\/v2\/users\/1"}],"replies":[{"embeddable":true,"href":"https:\/\/www.northeastwales.wales\/cy\/wp-json\/wp\/v2\/comments?post=2256"}],"version-history":[{"count":4,"href":"https:\/\/www.northeastwales.wales\/cy\/wp-json\/wp\/v2\/pages\/2256\/revisions"}],"predecessor-version":[{"id":2260,"href":"https:\/\/www.northeastwales.wales\/cy\/wp-json\/wp\/v2\/pages\/2256\/revisions\/2260"}],"up":[{"embeddable":true,"href":"https:\/\/www.northeastwales.wales\/cy\/wp-json\/wp\/v2\/pages\/2190"}],"wp:featuredmedia":[{"embeddable":true,"href":"https:\/\/www.northeastwales.wales\/cy\/wp-json\/wp\/v2\/media\/1375"}],"wp:attachment":[{"href":"https:\/\/www.northeastwales.wales\/cy\/wp-json\/wp\/v2\/media?parent=2256"}],"curies":[{"name":"wp","href":"https:\/\/api.w.org\/{rel}","templated":true}]}}