{"id":2261,"date":"2022-03-22T16:20:25","date_gmt":"2022-03-22T16:20:25","guid":{"rendered":"http:\/\/www.northeastwales.wales\/the-north-wales-way\/the-north-wales-way-food-and-drink-trail\/"},"modified":"2022-03-29T16:37:25","modified_gmt":"2022-03-29T15:37:25","slug":"the-north-wales-way-food-and-drink-trail","status":"publish","type":"page","link":"https:\/\/www.northeastwales.wales\/cy\/the-north-wales-way\/the-north-wales-way-food-and-drink-trail\/","title":{"rendered":"Ffordd y Gogledd \u2013 Ar drywydd bwyd a diod"},"content":{"rendered":"<div class=\"wpb-content-wrapper\"><p>[vc_row full_width=&#8221;stretch_row_content_no_spaces&#8221; css=&#8221;.vc_custom_1647865968556{margin-bottom: 80px !important;padding-right: 30px !important;padding-left: 30px !important;}&#8221;][vc_column width=&#8221;1\/6&#8243;][\/vc_column][vc_column width=&#8221;2\/3&#8243;][vc_row_inner css=&#8221;.vc_custom_1647864280153{margin-bottom: 30px !important;padding-top: 60px !important;}&#8221;][vc_column_inner width=&#8221;1\/6&#8243;][\/vc_column_inner][vc_column_inner width=&#8221;2\/3&#8243;][vc_column_text el_class=&#8221;main-header__subtitle&#8221;]\n<h1>Ar drywydd bwyd a diod<\/h1>\n<h3>Ffordd y Gogledd<\/h3>\n<p>Mae Ffordd y Gogledd, sy\u2019n cychwyn wrth y ffin rhwng Cymru a Lloegr ac yn ymlwybro tua\u2019r gorllewin am 75 milltir \/ 120km i ben draw Ynys M\u00f4n, yn un o dri llwybr Ffordd Cymru sy\u2019n arwain ac yn ysbrydoli ymwelwyr. Cafodd pob \u2018Ffordd\u2019 ei dylunio fel profiad hyblyg, ac nid fel rhywbeth i\u2019ch cyfyngu, gyda llu o gyfleoedd i chi adael y prif lwybr, dilyn eich trwyn a darganfod mwy.<\/p>\n<p>Yn y rhaglen bedwar diwrnod hon, byddwch yn cael blas ar beth o\u2019r bwyd a\u2019r diod gorau ar Ffordd y Gogledd ac o\u2019i chwmpas, o bysgod ffres o\u2019r m\u00f4r a chig eidion a chig oen Cymreig sydd gyda\u2019r gorau yn y byd i winoedd, cyrfau a gwirodydd sy\u2019n ffrwydrad o flas lleol.[\/vc_column_text][\/vc_column_inner][vc_column_inner width=&#8221;1\/6&#8243;][\/vc_column_inner][\/vc_row_inner][vc_row_inner gap=&#8221;30&#8243;][vc_column_inner][vc_column_text]\n<h2>Diwrnod 1<\/h2>\n<p>Cychwynnwch eich taith yn <strong>Siop Fferm Yst\u00e2d Penarl\u00e2g<\/strong>. Chwiliwch y silffoedd am gynnyrch Cymreig anhygoel, cymerwch frechdan o fara wedi\u2019i bobi\u2019n ffres, a chasglwch eich ffrwythau a\u2019ch llysiau eich hun yn ystod misoedd yr haf. Unwaith y byddwch chi\u2019n teimlo\u2019n sychedig, ewch draw i <strong>Fragdy Magic Dragon<\/strong> ym Mharc Hamdden y Plasau ger Wrecsam am frag sydd wedi ennill gwobrau cwrw annibynnol.<\/p>\n<p>Wedi hynny, dilynwch yr A539\/A5 trwy Ddyffryn Llangollen i <strong>Yst\u00e2d Rhug<\/strong> yng Nghorwen, lle mae modd i chi brynu popeth o gig oen Cymreig brau i gaws cyfandirol llawn blas yn y siop fferm (neu gadewch i rywun arall wneud y gwaith coginio drosoch chi trwy fynd am bryd i\u2019r Bison Grill Bistro).[\/vc_column_text][\/vc_column_inner][\/vc_row_inner][vc_row_inner gap=&#8221;30&#8243;][vc_column_inner][vc_single_image image=&#8221;1379&#8243; img_size=&#8221;full&#8221; add_caption=&#8221;yes&#8221;][\/vc_column_inner][\/vc_row_inner][vc_row_inner gap=&#8221;30&#8243;][vc_column_inner][vc_column_text]<strong>Awgrym i aros dros nos:<\/strong> Corwen.[\/vc_column_text][\/vc_column_inner][\/vc_row_inner][vc_row_inner gap=&#8221;30&#8243;][vc_column_inner][vc_column_text]\n<h2>Diwrnod 2<\/h2>\n<p>Gyrrwch ar hyd yr A5\/A470 heibio bryniau, gweunydd a dyffrynnoedd i Fae Colwyn, lle mae bwyty <strong>Bryn Williams ym Mhorth Eirias<\/strong> dafliad carreg o\u2019r m\u00f4r ar ymyl adfywiedig y bae. Cafodd ei enwi yn Fwyty\u2019r Flwyddyn Cymru yn 2019 gan yr AA, ac mae ei fwydlen, sy\u2019n cynnwys bwyd m\u00f4r lleol (rhowch gynnig ar y cregyn gleision), cig ffres o\u2019r fferm a chynnyrch tymhorol, yn cynnwys rhywbeth fydd at ddant pawb.<\/p>\n<p>Ewch yn eich blaen wedyn am daith o amgylch <strong>Gwinllan Conwy<\/strong>, lle cewch ddysgu sut y caiff eu gwinoedd gwobrwyedig eu creu (yn ogystal \u00e2\u2019r cyfle i flasu ambell un). Ewch wedyn at <strong>Siocledyddion Artisan Baravelli\u2019s<\/strong> yng Nghonwy. Dyma\u2019r unig fan yng Nghymru lle caiff siocled ei greu \u2018o\u2019r ffeuen goco i\u2019r bar\u2019, ac mae\u2019n llawn dop o ddanteithion blasus wedi eu crefftio\u2019n gywrain.<\/p>\n<p><strong>Awgrym i aros dros nos:<\/strong> Conwy neu Landudno.[\/vc_column_text][\/vc_column_inner][\/vc_row_inner][vc_row_inner gap=&#8221;30&#8243;][vc_column_inner][vc_column_text]\n<h2>Diwrnod 3<\/h2>\n<p>Ewch ymlaen ar eich taith i Abergwyngregyn ger Bangor i ymweld \u00e2 <strong>Distyllfa Aber Falls<\/strong>. Ewch ar daith o amgylch y ddistyllfa arloesol hon, un o bedair yn unig a leolir yng Nghymru, sydd hefyd yn cynhyrchu jin a gwirodydd \u00e2 llaw. Anelwch am Fangor a <strong>Chaffi Blue Sky<\/strong>, lle mae\u2019r fwydlen dymhorol ac amrywiol yn seiliedig, lle bynnag y bo modd, ar gyflenwyr lleol a chynnyrch organig. Dim ond hop, cam a naid o\u2019r caffi yw\u2019r daith i <strong>Winllan<\/strong> Pant Du ger Penygroes, sy\u2019n cynhyrchu seidr a sudd afal blasus yn ogystal \u00e2 gwin coch, pefriog a ros\u00e9.<\/p>\n<p><strong>Awgrym i aros dros nos:<\/strong> Caernarfon.[\/vc_column_text][\/vc_column_inner][\/vc_row_inner][vc_row_inner gap=&#8221;30&#8243;][vc_column_inner][vc_column_text]\n<h2>Diwrnod 4<\/h2>\n<p>Gan groesi Pont Britannia i Ynys M\u00f4n, ewch i Frynsiencyn am daith o amgylch T\u0177 Halen a Chanolfan Ymwelwyr <strong>Halen M\u00f4n<\/strong>. O\u2019i darddiad syml ar lannau\u2019r Fenai, mae\u2019r halen m\u00f4r gwobrwyedig hwn bellach i\u2019w weld ar fyrddau rhai o fwytai gorau\u2019r byd.<\/p>\n<p>Yn Llanddeusant, cewch hyd i <strong>Felin Llynon<\/strong>. Hon yw\u2019r unig felin wynt weithredol yng Nghymru, a dyma\u2019r lle i fynd am rai o gacennau gorau\u2019r wlad, diolch i\u2019r pobydd crwst o F\u00f4n, Richard Holt. I orffen eich taith, ewch yn eich blaen i Fae Cemaes, lle mae Bwyty Bay View yng <strong>Ngwesty\u2019r Gadlys<\/strong> yn gweini cynnyrch lleol megis cregyn gleision o\u2019r Fenai, a hynny mewn ystafell fwyta ffasiynol gyda golygfeydd gwych dros y m\u00f4r.<\/p>\n<p><strong>Awgrym i aros dros nos:<\/strong> Bae Cemaes.[\/vc_column_text][\/vc_column_inner][\/vc_row_inner][vc_separator color=&#8221;black&#8221; align=&#8221;align_left&#8221; css=&#8221;.vc_custom_1647882878591{margin-top: 30px !important;margin-bottom: 30px !important;}&#8221;][vc_row_inner gap=&#8221;30&#8243;][vc_column_inner][vc_column_text]\n<h3>Teithlenni<\/h3>\n<p>Bydd awgrymiadau o deithlenni i\u2019ch helpu i fanteisio ar Ffordd Gogledd Cymru, gyda\u2019r them\u00e2u canlynol.[\/vc_column_text][vc_raw_html]JTNDYSUyMGNsYXNzJTNEJTIybmV3LXJlZC1idXR0b24lMjIlMjBocmVmJTNEJTIyJTJGY3klMkZ0aGUtbm9ydGgtd2FsZXMtd2F5JTJGdGhlLW5vcnRoLXdhbGVzLXdheS1hLWN1bHR1cmFsLWpvdXJuZXklMjIlM0VUcmVmdGFkYWV0aCUzQyUyRmElM0UlMEElM0NhJTIwY2xhc3MlM0QlMjJuZXctcmVkLWJ1dHRvbiUyMiUyMGhyZWYlM0QlMjIlMkZjeSUyRnRoZS1ub3J0aC13YWxlcy13YXklMkZ0aGUtbm9ydGgtd2FsZXMtd2F5LWl0cy1hbi1hZHZlbnR1cmUlMkYlMjIlM0VBbnR1ciUzQyUyRmElM0UlMEElM0NhJTIwY2xhc3MlM0QlMjJuZXctcmVkLWJ1dHRvbiUyMiUyMGhyZWYlM0QlMjIlMkZjeSUyRnRoZS1ub3J0aC13YWxlcy13YXklMkZ0aGUtbm9ydGgtd2FsZXMtd2F5LXdhbGstdGhpcy13YXklMkYlMjIlM0VDZXJkZGVkJTNDJTJGYSUzRSUwQSUzQ2ElMjBjbGFzcyUzRCUyMm5ldy1yZWQtYnV0dG9uJTIyJTIwaHJlZiUzRCUyMiUyRmN5JTJGdGhlLW5vcnRoLXdhbGVzLXdheSUyRnRoZS1ub3J0aC13YWxlcy13YXktbGFuZHNjYXBlcy1hbmQtdmlld3BvaW50cyUyRiUyMiUzRVRpcndlZGQlM0MlMkZhJTNFJTBBJTNDYSUyMGNsYXNzJTNEJTIybmV3LXJlZC1idXR0b24lMjIlMjBocmVmJTNEJTIyJTJGY3klMkZ0aGUtbm9ydGgtd2FsZXMtd2F5JTJGdGhlLW5vcnRoLXdhbGVzLXdheS1hLWdvbGZpbmctZ3JhbmQtdG91ciUyRiUyMiUzRUdvbGZmJTNDJTJGYSUzRSUwQSUzQ2ElMjBjbGFzcyUzRCUyMm5ldy1yZWQtYnV0dG9uJTIyJTIwaHJlZiUzRCUyMiUyRmN5JTJGdGhlLW5vcnRoLXdhbGVzLXdheSUyRnRoZS1ub3J0aC13YWxlcy13YXktZm9vZC1hbmQtZHJpbmstdHJhaWwlMkYlMjIlM0VCb3lkJTIwYSUyMGRpb2QlM0MlMkZhJTNF[\/vc_raw_html][\/vc_column_inner][\/vc_row_inner][\/vc_column][vc_column width=&#8221;1\/6&#8243;][\/vc_column][\/vc_row]\n<\/div>","protected":false},"excerpt":{"rendered":"<p>[vc_row full_width=&#8221;stretch_row_content_no_spaces&#8221; css=&#8221;.vc_custom_1647865968556{margin-bottom: 80px !important;padding-right: 30px !important;padding-left: 30px !important;}&#8221;][vc_column width=&#8221;1\/6&#8243;][\/vc_column][vc_column width=&#8221;2\/3&#8243;][vc_row_inner css=&#8221;.vc_custom_1647864280153{margin-bottom: 30px !important;padding-top: 60px !important;}&#8221;][vc_column_inner width=&#8221;1\/6&#8243;][\/vc_column_inner][vc_column_inner width=&#8221;2\/3&#8243;][vc_column_text el_class=&#8221;main-header__subtitle&#8221;] Ar drywydd bwyd a diod Ffordd y Gogledd Mae Ffordd y Gogledd, sy\u2019n cychwyn wrth y ffin rhwng Cymru a Lloegr ac yn ymlwybro tua\u2019r gorllewin am 75 milltir \/ 120km i ben draw Ynys M\u00f4n, [&hellip;]<\/p>\n","protected":false},"author":1,"featured_media":1379,"parent":2190,"menu_order":0,"comment_status":"closed","ping_status":"open","template":"page-templates\/fullwidth-without-title.php","meta":{"footnotes":""},"class_list":["post-2261","page","type-page","status-publish","has-post-thumbnail","hentry"],"yoast_head":"<!-- This site is optimized with the Yoast SEO plugin v23.1 - https:\/\/yoast.com\/wordpress\/plugins\/seo\/ -->\n<title>Ffordd y Gogledd \u2013 Ar drywydd bwyd a diod - Gogledd Ddwyrain Cymru - North East Wales<\/title>\n<meta name=\"robots\" content=\"index, follow, max-snippet:-1, max-image-preview:large, max-video-preview:-1\" \/>\n<link rel=\"canonical\" href=\"https:\/\/www.northeastwales.wales\/cy\/the-north-wales-way\/the-north-wales-way-food-and-drink-trail\/\" \/>\n<meta property=\"og:locale\" content=\"cy_GB\" \/>\n<meta property=\"og:type\" content=\"article\" \/>\n<meta property=\"og:title\" content=\"Ffordd y Gogledd \u2013 Ar drywydd bwyd a diod - Gogledd Ddwyrain Cymru - North East Wales\" \/>\n<meta property=\"og:description\" content=\"[vc_row full_width=&#8221;stretch_row_content_no_spaces&#8221; css=&#8221;.vc_custom_1647865968556{margin-bottom: 80px !important;padding-right: 30px !important;padding-left: 30px !important;}&#8221;][vc_column width=&#8221;1\/6&#8243;][\/vc_column][vc_column width=&#8221;2\/3&#8243;][vc_row_inner css=&#8221;.vc_custom_1647864280153{margin-bottom: 30px !important;padding-top: 60px !important;}&#8221;][vc_column_inner width=&#8221;1\/6&#8243;][\/vc_column_inner][vc_column_inner width=&#8221;2\/3&#8243;][vc_column_text el_class=&#8221;main-header__subtitle&#8221;] Ar drywydd bwyd a diod Ffordd y Gogledd Mae Ffordd y Gogledd, sy\u2019n cychwyn wrth y ffin rhwng Cymru a Lloegr ac yn ymlwybro tua\u2019r gorllewin am 75 milltir \/ 120km i ben draw Ynys M\u00f4n, [&hellip;]\" \/>\n<meta property=\"og:url\" content=\"https:\/\/www.northeastwales.wales\/cy\/the-north-wales-way\/the-north-wales-way-food-and-drink-trail\/\" \/>\n<meta property=\"og:site_name\" content=\"Gogledd Ddwyrain Cymru - North East Wales\" \/>\n<meta property=\"article:publisher\" content=\"https:\/\/www.facebook.com\/NthEastWales\/\" \/>\n<meta property=\"article:modified_time\" content=\"2022-03-29T15:37:25+00:00\" \/>\n<meta property=\"og:image\" content=\"https:\/\/www.northeastwales.wales\/wp-content\/uploads\/2022\/03\/food-drink-rhug-estate-2.jpg\" \/>\n\t<meta property=\"og:image:width\" content=\"2000\" \/>\n\t<meta property=\"og:image:height\" content=\"974\" \/>\n\t<meta property=\"og:image:type\" content=\"image\/jpeg\" \/>\n<meta name=\"twitter:card\" content=\"summary_large_image\" \/>\n<meta name=\"twitter:site\" content=\"@ntheastwales\" \/>\n<meta name=\"twitter:label1\" content=\"Est. reading time\" \/>\n\t<meta name=\"twitter:data1\" content=\"5 minutes\" \/>\n<script type=\"application\/ld+json\" class=\"yoast-schema-graph\">{\"@context\":\"https:\/\/schema.org\",\"@graph\":[{\"@type\":\"WebPage\",\"@id\":\"https:\/\/www.northeastwales.wales\/cy\/the-north-wales-way\/the-north-wales-way-food-and-drink-trail\/\",\"url\":\"https:\/\/www.northeastwales.wales\/cy\/the-north-wales-way\/the-north-wales-way-food-and-drink-trail\/\",\"name\":\"Ffordd y Gogledd \u2013 Ar drywydd bwyd a diod - Gogledd Ddwyrain Cymru - North East Wales\",\"isPartOf\":{\"@id\":\"https:\/\/www.northeastwales.wales\/#website\"},\"primaryImageOfPage\":{\"@id\":\"https:\/\/www.northeastwales.wales\/cy\/the-north-wales-way\/the-north-wales-way-food-and-drink-trail\/#primaryimage\"},\"image\":{\"@id\":\"https:\/\/www.northeastwales.wales\/cy\/the-north-wales-way\/the-north-wales-way-food-and-drink-trail\/#primaryimage\"},\"thumbnailUrl\":\"https:\/\/www.northeastwales.wales\/wp-content\/uploads\/2022\/03\/food-drink-rhug-estate-2.jpg\",\"datePublished\":\"2022-03-22T16:20:25+00:00\",\"dateModified\":\"2022-03-29T15:37:25+00:00\",\"breadcrumb\":{\"@id\":\"https:\/\/www.northeastwales.wales\/cy\/the-north-wales-way\/the-north-wales-way-food-and-drink-trail\/#breadcrumb\"},\"inLanguage\":\"cy-GB\",\"potentialAction\":[{\"@type\":\"ReadAction\",\"target\":[\"https:\/\/www.northeastwales.wales\/cy\/the-north-wales-way\/the-north-wales-way-food-and-drink-trail\/\"]}]},{\"@type\":\"ImageObject\",\"inLanguage\":\"cy-GB\",\"@id\":\"https:\/\/www.northeastwales.wales\/cy\/the-north-wales-way\/the-north-wales-way-food-and-drink-trail\/#primaryimage\",\"url\":\"https:\/\/www.northeastwales.wales\/wp-content\/uploads\/2022\/03\/food-drink-rhug-estate-2.jpg\",\"contentUrl\":\"https:\/\/www.northeastwales.wales\/wp-content\/uploads\/2022\/03\/food-drink-rhug-estate-2.jpg\",\"width\":2000,\"height\":974,\"caption\":\"Rhug Estate, Farm Shop\"},{\"@type\":\"BreadcrumbList\",\"@id\":\"https:\/\/www.northeastwales.wales\/cy\/the-north-wales-way\/the-north-wales-way-food-and-drink-trail\/#breadcrumb\",\"itemListElement\":[{\"@type\":\"ListItem\",\"position\":1,\"name\":\"Home\",\"item\":\"https:\/\/www.northeastwales.wales\/cy\/\"},{\"@type\":\"ListItem\",\"position\":2,\"name\":\"Ffordd y Gogledd\",\"item\":\"https:\/\/www.northeastwales.wales\/cy\/the-north-wales-way\/\"},{\"@type\":\"ListItem\",\"position\":3,\"name\":\"Ffordd y Gogledd \u2013 Ar drywydd bwyd a diod\"}]},{\"@type\":\"WebSite\",\"@id\":\"https:\/\/www.northeastwales.wales\/#website\",\"url\":\"https:\/\/www.northeastwales.wales\/\",\"name\":\"Gogledd Ddwyrain Cymru - North East Wales\",\"description\":\"Things to do, events and holiday ideas in North East Wales\",\"publisher\":{\"@id\":\"https:\/\/www.northeastwales.wales\/#organization\"},\"potentialAction\":[{\"@type\":\"SearchAction\",\"target\":{\"@type\":\"EntryPoint\",\"urlTemplate\":\"https:\/\/www.northeastwales.wales\/?s={search_term_string}\"},\"query-input\":\"required name=search_term_string\"}],\"inLanguage\":\"cy-GB\"},{\"@type\":\"Organization\",\"@id\":\"https:\/\/www.northeastwales.wales\/#organization\",\"name\":\"North East Wales\",\"url\":\"https:\/\/www.northeastwales.wales\/\",\"logo\":{\"@type\":\"ImageObject\",\"inLanguage\":\"cy-GB\",\"@id\":\"https:\/\/www.northeastwales.wales\/#\/schema\/logo\/image\/\",\"url\":\"https:\/\/www.northeastwales.wales\/wp-content\/uploads\/2022\/02\/newales-home-logo-blue.jpg\",\"contentUrl\":\"https:\/\/www.northeastwales.wales\/wp-content\/uploads\/2022\/02\/newales-home-logo-blue.jpg\",\"width\":546,\"height\":188,\"caption\":\"North East Wales\"},\"image\":{\"@id\":\"https:\/\/www.northeastwales.wales\/#\/schema\/logo\/image\/\"},\"sameAs\":[\"https:\/\/www.facebook.com\/NthEastWales\/\",\"https:\/\/x.com\/ntheastwales\",\"https:\/\/www.instagram.com\/gogledddcymru_northeastwales\/\",\"https:\/\/www.youtube.com\/channel\/UCtuuRbGlGvAArd7X1AC1fLQ\"]}]}<\/script>\n<!-- \/ Yoast SEO plugin. -->","yoast_head_json":{"title":"Ffordd y Gogledd \u2013 Ar drywydd bwyd a diod - Gogledd Ddwyrain Cymru - North East Wales","robots":{"index":"index","follow":"follow","max-snippet":"max-snippet:-1","max-image-preview":"max-image-preview:large","max-video-preview":"max-video-preview:-1"},"canonical":"https:\/\/www.northeastwales.wales\/cy\/the-north-wales-way\/the-north-wales-way-food-and-drink-trail\/","og_locale":"cy_GB","og_type":"article","og_title":"Ffordd y Gogledd \u2013 Ar drywydd bwyd a diod - Gogledd Ddwyrain Cymru - North East Wales","og_description":"[vc_row full_width=&#8221;stretch_row_content_no_spaces&#8221; css=&#8221;.vc_custom_1647865968556{margin-bottom: 80px !important;padding-right: 30px !important;padding-left: 30px !important;}&#8221;][vc_column width=&#8221;1\/6&#8243;][\/vc_column][vc_column width=&#8221;2\/3&#8243;][vc_row_inner css=&#8221;.vc_custom_1647864280153{margin-bottom: 30px !important;padding-top: 60px !important;}&#8221;][vc_column_inner width=&#8221;1\/6&#8243;][\/vc_column_inner][vc_column_inner width=&#8221;2\/3&#8243;][vc_column_text el_class=&#8221;main-header__subtitle&#8221;] Ar drywydd bwyd a diod Ffordd y Gogledd Mae Ffordd y Gogledd, sy\u2019n cychwyn wrth y ffin rhwng Cymru a Lloegr ac yn ymlwybro tua\u2019r gorllewin am 75 milltir \/ 120km i ben draw Ynys M\u00f4n, [&hellip;]","og_url":"https:\/\/www.northeastwales.wales\/cy\/the-north-wales-way\/the-north-wales-way-food-and-drink-trail\/","og_site_name":"Gogledd Ddwyrain Cymru - North East Wales","article_publisher":"https:\/\/www.facebook.com\/NthEastWales\/","article_modified_time":"2022-03-29T15:37:25+00:00","og_image":[{"width":2000,"height":974,"url":"https:\/\/www.northeastwales.wales\/wp-content\/uploads\/2022\/03\/food-drink-rhug-estate-2.jpg","type":"image\/jpeg"}],"twitter_card":"summary_large_image","twitter_site":"@ntheastwales","twitter_misc":{"Est. reading time":"5 minutes"},"schema":{"@context":"https:\/\/schema.org","@graph":[{"@type":"WebPage","@id":"https:\/\/www.northeastwales.wales\/cy\/the-north-wales-way\/the-north-wales-way-food-and-drink-trail\/","url":"https:\/\/www.northeastwales.wales\/cy\/the-north-wales-way\/the-north-wales-way-food-and-drink-trail\/","name":"Ffordd y Gogledd \u2013 Ar drywydd bwyd a diod - Gogledd Ddwyrain Cymru - North East Wales","isPartOf":{"@id":"https:\/\/www.northeastwales.wales\/#website"},"primaryImageOfPage":{"@id":"https:\/\/www.northeastwales.wales\/cy\/the-north-wales-way\/the-north-wales-way-food-and-drink-trail\/#primaryimage"},"image":{"@id":"https:\/\/www.northeastwales.wales\/cy\/the-north-wales-way\/the-north-wales-way-food-and-drink-trail\/#primaryimage"},"thumbnailUrl":"https:\/\/www.northeastwales.wales\/wp-content\/uploads\/2022\/03\/food-drink-rhug-estate-2.jpg","datePublished":"2022-03-22T16:20:25+00:00","dateModified":"2022-03-29T15:37:25+00:00","breadcrumb":{"@id":"https:\/\/www.northeastwales.wales\/cy\/the-north-wales-way\/the-north-wales-way-food-and-drink-trail\/#breadcrumb"},"inLanguage":"cy-GB","potentialAction":[{"@type":"ReadAction","target":["https:\/\/www.northeastwales.wales\/cy\/the-north-wales-way\/the-north-wales-way-food-and-drink-trail\/"]}]},{"@type":"ImageObject","inLanguage":"cy-GB","@id":"https:\/\/www.northeastwales.wales\/cy\/the-north-wales-way\/the-north-wales-way-food-and-drink-trail\/#primaryimage","url":"https:\/\/www.northeastwales.wales\/wp-content\/uploads\/2022\/03\/food-drink-rhug-estate-2.jpg","contentUrl":"https:\/\/www.northeastwales.wales\/wp-content\/uploads\/2022\/03\/food-drink-rhug-estate-2.jpg","width":2000,"height":974,"caption":"Rhug Estate, Farm Shop"},{"@type":"BreadcrumbList","@id":"https:\/\/www.northeastwales.wales\/cy\/the-north-wales-way\/the-north-wales-way-food-and-drink-trail\/#breadcrumb","itemListElement":[{"@type":"ListItem","position":1,"name":"Home","item":"https:\/\/www.northeastwales.wales\/cy\/"},{"@type":"ListItem","position":2,"name":"Ffordd y Gogledd","item":"https:\/\/www.northeastwales.wales\/cy\/the-north-wales-way\/"},{"@type":"ListItem","position":3,"name":"Ffordd y Gogledd \u2013 Ar drywydd bwyd a diod"}]},{"@type":"WebSite","@id":"https:\/\/www.northeastwales.wales\/#website","url":"https:\/\/www.northeastwales.wales\/","name":"Gogledd Ddwyrain Cymru - North East Wales","description":"Things to do, events and holiday ideas in North East Wales","publisher":{"@id":"https:\/\/www.northeastwales.wales\/#organization"},"potentialAction":[{"@type":"SearchAction","target":{"@type":"EntryPoint","urlTemplate":"https:\/\/www.northeastwales.wales\/?s={search_term_string}"},"query-input":"required name=search_term_string"}],"inLanguage":"cy-GB"},{"@type":"Organization","@id":"https:\/\/www.northeastwales.wales\/#organization","name":"North East Wales","url":"https:\/\/www.northeastwales.wales\/","logo":{"@type":"ImageObject","inLanguage":"cy-GB","@id":"https:\/\/www.northeastwales.wales\/#\/schema\/logo\/image\/","url":"https:\/\/www.northeastwales.wales\/wp-content\/uploads\/2022\/02\/newales-home-logo-blue.jpg","contentUrl":"https:\/\/www.northeastwales.wales\/wp-content\/uploads\/2022\/02\/newales-home-logo-blue.jpg","width":546,"height":188,"caption":"North East Wales"},"image":{"@id":"https:\/\/www.northeastwales.wales\/#\/schema\/logo\/image\/"},"sameAs":["https:\/\/www.facebook.com\/NthEastWales\/","https:\/\/x.com\/ntheastwales","https:\/\/www.instagram.com\/gogledddcymru_northeastwales\/","https:\/\/www.youtube.com\/channel\/UCtuuRbGlGvAArd7X1AC1fLQ"]}]}},"_links":{"self":[{"href":"https:\/\/www.northeastwales.wales\/cy\/wp-json\/wp\/v2\/pages\/2261","targetHints":{"allow":["GET"]}}],"collection":[{"href":"https:\/\/www.northeastwales.wales\/cy\/wp-json\/wp\/v2\/pages"}],"about":[{"href":"https:\/\/www.northeastwales.wales\/cy\/wp-json\/wp\/v2\/types\/page"}],"author":[{"embeddable":true,"href":"https:\/\/www.northeastwales.wales\/cy\/wp-json\/wp\/v2\/users\/1"}],"replies":[{"embeddable":true,"href":"https:\/\/www.northeastwales.wales\/cy\/wp-json\/wp\/v2\/comments?post=2261"}],"version-history":[{"count":6,"href":"https:\/\/www.northeastwales.wales\/cy\/wp-json\/wp\/v2\/pages\/2261\/revisions"}],"predecessor-version":[{"id":2268,"href":"https:\/\/www.northeastwales.wales\/cy\/wp-json\/wp\/v2\/pages\/2261\/revisions\/2268"}],"up":[{"embeddable":true,"href":"https:\/\/www.northeastwales.wales\/cy\/wp-json\/wp\/v2\/pages\/2190"}],"wp:featuredmedia":[{"embeddable":true,"href":"https:\/\/www.northeastwales.wales\/cy\/wp-json\/wp\/v2\/media\/1379"}],"wp:attachment":[{"href":"https:\/\/www.northeastwales.wales\/cy\/wp-json\/wp\/v2\/media?parent=2261"}],"curies":[{"name":"wp","href":"https:\/\/api.w.org\/{rel}","templated":true}]}}