{"id":2304,"date":"2022-03-24T15:05:04","date_gmt":"2022-03-24T15:05:04","guid":{"rendered":"http:\/\/www.northeastwales.wales\/visit-north-east-wales\/flintshire\/"},"modified":"2022-03-31T13:44:59","modified_gmt":"2022-03-31T12:44:59","slug":"flintshire","status":"publish","type":"page","link":"https:\/\/www.northeastwales.wales\/cy\/visit-north-east-wales\/flintshire\/","title":{"rendered":"Sir y Fflint"},"content":{"rendered":"<div class=\"wpb-content-wrapper\"><p>[vc_row full_width=&#8221;stretch_row_content_no_spaces&#8221; css=&#8221;.vc_custom_1647865968556{margin-bottom: 80px !important;padding-right: 30px !important;padding-left: 30px !important;}&#8221;][vc_column width=&#8221;1\/6&#8243;][\/vc_column][vc_column width=&#8221;2\/3&#8243;][vc_row_inner css=&#8221;.vc_custom_1647864280153{margin-bottom: 30px !important;padding-top: 60px !important;}&#8221;][vc_column_inner width=&#8221;1\/6&#8243;][\/vc_column_inner][vc_column_inner width=&#8221;2\/3&#8243;][vc_column_text]\n<h1>Archwilio Sir y Fflint<\/h1>\n<p class=\"main-header__subtitle\">Archwiliwch drefi diddorol fel yr Wyddgrug gyda\u2019i marchnad stryd a\u2019i g\u0175yl fwyd a diod; Treffynnon cartref Ffynnon Santes Gwenffrewi, un o Saith Rhyfeddod Cymru; Y Fflint a\u2019i chastell canoloesol a\u2019i marchnad; a Chaerwys, yr ystyrir fel un o\u2019r trefi lleiaf sydd \u00e2 Siarter Frenhinol.<\/p>\n<p>[\/vc_column_text][\/vc_column_inner][vc_column_inner width=&#8221;1\/6&#8243;][\/vc_column_inner][\/vc_row_inner][vc_row_inner gap=&#8221;30&#8243;][vc_column_inner][vc_column_text]Mae llawer o safleoedd o ddiddordeb hanesyddol fel yr adeilad rhestredig Graddfa 1, Llyfrgell Deiniol Sant, ym Mhenarl\u00e2g. Dyma lyfrgell breswyl orau Prydain, a sefydlwyd gan y gweinidog William Gladstone yn 1889. Ewch i ymweld ag Abaty Dinas Basing ger Parc Treftadaeth Dyffryn Maes Glas, cymysgedd ddiddorol o felinau a chronfeydd d\u0175r sy\u2019n dangos y gorffennol diwydiannol.[\/vc_column_text][\/vc_column_inner][\/vc_row_inner][vc_row_inner gap=&#8221;30&#8243;][vc_column_inner][vc_column_text]\n<h2>Yr Wyddgrug<\/h2>\n<p>Mae\u2019r Wyddgrug yn cynnig traddodiad, diwylliant, ac awyrgylch fywiog i ymwelwyr. O eglwysi hanesyddol a thrysorau cyn-hanesyddol i siopau cyfoes yn amrywiol o boutiques bach i enwau\u2019r stryd fawr, mae\u2019r Wyddgrug yn lle delfrydol i\u2019r teulu cyfan \u2013 profiad siopa gwahanol bob dydd o\u2019r wythnos.<\/p>\n<p>Clwyd Theatr Cymru yw theatr fwyaf cynhyrchiol Cymru. Mae yno hefyd sinema, oriel gelf, ystafell ddatganiad, siop lyfrau a bwyty. Yn ogystal \u00e2 bar sydd \u00e2 golygfa sy\u2019n berfformiad ynddo\u2019i hun <a href=\"https:\/\/www.theatrclwyd.com\/cy\/\" target=\"_blank\" rel=\"noopener\">www.theatrclwyd.com<\/a><\/p>\n<p>Tref wych i ymweld \u00e2 hi.<\/p>\n<p><a class=\"new-red-button\" href=\"\/cy\/visit-north-east-wales\/flintshire\/visit-mold\/\">Darganfod mwy<\/a>[\/vc_column_text][\/vc_column_inner][\/vc_row_inner][vc_row_inner gap=&#8221;30&#8243;][vc_column_inner][vc_column_text]\n<h2>Y Fflint<\/h2>\n<p>Dyma lle cychwynnodd y cyfan. Yn 1277 cychwynnodd prosiect adeiladu mwyaf uchelgeisiol Ewrop y canoloesoedd yma yn Y Fflint. Adeiladwyd Castell Y Fflint gan Edward I, mae wedi ei baentio gan Turner ac wedi ei ddisgrifio gan Shakespeare. Bachwch eich camera er mwyn ei anfarwoli ymhellach.<\/p>\n<p>Mae\u2019r Fflint hefyd ar ganol Llwybr Beicio Cenedlaethol 5..<\/p>\n<p><a class=\"new-red-button\" href=\"\/cy\/visit-north-east-wales\/flintshire\/visit-flint\/\">Darganfod mwy<\/a>[\/vc_column_text][\/vc_column_inner][\/vc_row_inner][vc_row_inner gap=&#8221;30&#8243;][vc_column_inner][vc_column_text]\n<h2>Treffynnon<\/h2>\n<p>Na hidiwch am un o Saith Rhyfeddod Cymru. Mae Ffynnon Santes Gwenffrewi, sy\u2019n rhoi i Dreffynnon ei henw, yn unigryw yn y byd. Mae\u2019r ffynnon hon, sy\u2019n iachusol yn \u00f4l pob s\u00f4n, wedi bod yn safle i bererindodau di-dor ers 1,300 o flynyddoedd. Roedd hi\u2019n enwog erbyn y cyfnod y gwnaeth Brenin Harri\u2019r V gerdded yma o\u2019r Amwythig er mwyn diolch am ei fuddugoliaeth yn Agincourt.<\/p>\n<p><a class=\"new-red-button\" href=\"\/cy\/visit-north-east-wales\/flintshire\/visit-holywell\/\">Darganfod mwy<\/a>[\/vc_column_text][\/vc_column_inner][\/vc_row_inner][vc_row_inner gap=&#8221;30&#8243;][vc_column_inner][vc_column_text]\n<h2>Ymweld \u00e2 Glannau Dyfrdwy<\/h2>\n<p>Glannau Dyfrdwy yw\u2019r enw a roddir i gytref o drefi a threfi diwydiannol yn bennaf yn Sir y Fflint a Swydd Gaer ar ffin Cymru-Lloegr ger stribyn camlas yr Afon Dyfrdwy sy\u2019n llifo o Gaer i Aber Afon Dyfrdwy. Mae\u2019r rhain yn cynnwys Cei Connah, Shotton, Queensferry ynghyd \u00e2 phentrefi a threfi cyfagos.<\/p>\n<p><a class=\"new-red-button\" href=\"\/cy\/visit-north-east-wales\/flintshire\/visit-deeside\/\">Darganfod mwy<\/a>[\/vc_column_text][\/vc_column_inner][\/vc_row_inner][vc_row_inner gap=&#8221;30&#8243;][vc_column_inner][vc_column_text]\n<h2>Buckley<\/h2>\n<p>Buckley is situated on the range of hills which extends between the valley of the River Alyn and the narrow plain beside the Dee Estuary boasting views of the Clwydian Range in one direction and the River Dee in the other.<\/p>\n<p><a class=\"new-red-button\" href=\"http:\/\/www.northeastwales.wales\/visit-north-east-wales\/flintshire\/visit-buckley\/\">Find out more<\/a>[\/vc_column_text][\/vc_column_inner][\/vc_row_inner][vc_row_inner gap=&#8221;30&#8243;][vc_column_inner][vc_column_text]\n<h2>Talacre<\/h2>\n<p>Mae\u2019r traeth yma yn hynod boblogaidd. Mae tonnau d\u0175r gl\u00e2n M\u00f4r Iwerddon yn torri ar filltiroedd o draethau euraidd. Mae Traeth Talacre yn lle gwych i gerdded beth bynnag fo\u2019r tywydd.<\/p>\n<p><a class=\"new-red-button\" href=\"\/cy\/beaches-in-north-east-wales\/\">Darganfod mwy<\/a>[\/vc_column_text][\/vc_column_inner][\/vc_row_inner][vc_row_inner gap=&#8221;30&#8243;][vc_column_inner][vc_column_text]\n<h2>Penarl\u00e2g<\/h2>\n<p>Sefydlwyd Llyfrgell Gladstone ym Mhenarl\u00e2g gan y g\u0175r fu\u2019n Brif Weinidog bedair gwaith, William Ewart Gladstone. Gyda 32,000 o\u2019i lyfrau ei hun. Bellach mae\u2019n Gofeb Genedlaethol i\u2019w fywyd a\u2019i waith. Ac yn goron ar y cyfan, mae\u2019n edrych fel Hogwarts.<\/p>\n<p><a class=\"new-red-button\" href=\"\/cy\/visit-north-east-wales\/flintshire\/visit-hawarden\/\">Darganfod mwy<\/a>[\/vc_column_text][\/vc_column_inner][\/vc_row_inner][\/vc_column][vc_column width=&#8221;1\/6&#8243;][\/vc_column][\/vc_row]\n<\/div>","protected":false},"excerpt":{"rendered":"<p>[vc_row full_width=&#8221;stretch_row_content_no_spaces&#8221; css=&#8221;.vc_custom_1647865968556{margin-bottom: 80px !important;padding-right: 30px !important;padding-left: 30px !important;}&#8221;][vc_column width=&#8221;1\/6&#8243;][\/vc_column][vc_column width=&#8221;2\/3&#8243;][vc_row_inner css=&#8221;.vc_custom_1647864280153{margin-bottom: 30px !important;padding-top: 60px !important;}&#8221;][vc_column_inner width=&#8221;1\/6&#8243;][\/vc_column_inner][vc_column_inner width=&#8221;2\/3&#8243;][vc_column_text] Archwilio Sir y Fflint Archwiliwch drefi diddorol fel yr Wyddgrug gyda\u2019i marchnad stryd a\u2019i g\u0175yl fwyd a diod; Treffynnon cartref Ffynnon Santes Gwenffrewi, un o Saith Rhyfeddod Cymru; Y Fflint a\u2019i chastell canoloesol a\u2019i marchnad; a Chaerwys, [&hellip;]<\/p>\n","protected":false},"author":1,"featured_media":0,"parent":2001,"menu_order":0,"comment_status":"closed","ping_status":"closed","template":"page-templates\/fullwidth-without-title.php","meta":{"footnotes":""},"class_list":["post-2304","page","type-page","status-publish","hentry"],"yoast_head":"<!-- This site is optimized with the Yoast SEO plugin v23.1 - https:\/\/yoast.com\/wordpress\/plugins\/seo\/ -->\n<title>Sir y Fflint - Gogledd Ddwyrain Cymru - North East Wales<\/title>\n<meta name=\"robots\" content=\"index, follow, max-snippet:-1, max-image-preview:large, max-video-preview:-1\" \/>\n<link rel=\"canonical\" href=\"https:\/\/www.northeastwales.wales\/cy\/visit-north-east-wales\/flintshire\/\" \/>\n<meta property=\"og:locale\" content=\"cy_GB\" \/>\n<meta property=\"og:type\" content=\"article\" \/>\n<meta property=\"og:title\" content=\"Sir y Fflint - Gogledd Ddwyrain Cymru - North East Wales\" \/>\n<meta property=\"og:description\" content=\"[vc_row full_width=&#8221;stretch_row_content_no_spaces&#8221; css=&#8221;.vc_custom_1647865968556{margin-bottom: 80px !important;padding-right: 30px !important;padding-left: 30px !important;}&#8221;][vc_column width=&#8221;1\/6&#8243;][\/vc_column][vc_column width=&#8221;2\/3&#8243;][vc_row_inner css=&#8221;.vc_custom_1647864280153{margin-bottom: 30px !important;padding-top: 60px !important;}&#8221;][vc_column_inner width=&#8221;1\/6&#8243;][\/vc_column_inner][vc_column_inner width=&#8221;2\/3&#8243;][vc_column_text] Archwilio Sir y Fflint Archwiliwch drefi diddorol fel yr Wyddgrug gyda\u2019i marchnad stryd a\u2019i g\u0175yl fwyd a diod; Treffynnon cartref Ffynnon Santes Gwenffrewi, un o Saith Rhyfeddod Cymru; Y Fflint a\u2019i chastell canoloesol a\u2019i marchnad; a Chaerwys, [&hellip;]\" \/>\n<meta property=\"og:url\" content=\"https:\/\/www.northeastwales.wales\/cy\/visit-north-east-wales\/flintshire\/\" \/>\n<meta property=\"og:site_name\" content=\"Gogledd Ddwyrain Cymru - North East Wales\" \/>\n<meta property=\"article:publisher\" content=\"https:\/\/www.facebook.com\/NthEastWales\/\" \/>\n<meta property=\"article:modified_time\" content=\"2022-03-31T12:44:59+00:00\" \/>\n<meta name=\"twitter:card\" content=\"summary_large_image\" \/>\n<meta name=\"twitter:site\" content=\"@ntheastwales\" \/>\n<meta name=\"twitter:label1\" content=\"Est. reading time\" \/>\n\t<meta name=\"twitter:data1\" content=\"4 minutes\" \/>\n<script type=\"application\/ld+json\" class=\"yoast-schema-graph\">{\"@context\":\"https:\/\/schema.org\",\"@graph\":[{\"@type\":\"WebPage\",\"@id\":\"https:\/\/www.northeastwales.wales\/cy\/visit-north-east-wales\/flintshire\/\",\"url\":\"https:\/\/www.northeastwales.wales\/cy\/visit-north-east-wales\/flintshire\/\",\"name\":\"Sir y Fflint - Gogledd Ddwyrain Cymru - North East Wales\",\"isPartOf\":{\"@id\":\"https:\/\/www.northeastwales.wales\/#website\"},\"datePublished\":\"2022-03-24T15:05:04+00:00\",\"dateModified\":\"2022-03-31T12:44:59+00:00\",\"breadcrumb\":{\"@id\":\"https:\/\/www.northeastwales.wales\/cy\/visit-north-east-wales\/flintshire\/#breadcrumb\"},\"inLanguage\":\"cy-GB\",\"potentialAction\":[{\"@type\":\"ReadAction\",\"target\":[\"https:\/\/www.northeastwales.wales\/cy\/visit-north-east-wales\/flintshire\/\"]}]},{\"@type\":\"BreadcrumbList\",\"@id\":\"https:\/\/www.northeastwales.wales\/cy\/visit-north-east-wales\/flintshire\/#breadcrumb\",\"itemListElement\":[{\"@type\":\"ListItem\",\"position\":1,\"name\":\"Home\",\"item\":\"https:\/\/www.northeastwales.wales\/cy\/\"},{\"@type\":\"ListItem\",\"position\":2,\"name\":\"Ymwelwch \u00e2 Gogledd Ddwyrain Cymru\",\"item\":\"https:\/\/www.northeastwales.wales\/cy\/visit-north-east-wales\/\"},{\"@type\":\"ListItem\",\"position\":3,\"name\":\"Sir y Fflint\"}]},{\"@type\":\"WebSite\",\"@id\":\"https:\/\/www.northeastwales.wales\/#website\",\"url\":\"https:\/\/www.northeastwales.wales\/\",\"name\":\"Gogledd Ddwyrain Cymru - North East Wales\",\"description\":\"Things to do, events and holiday ideas in North East Wales\",\"publisher\":{\"@id\":\"https:\/\/www.northeastwales.wales\/#organization\"},\"potentialAction\":[{\"@type\":\"SearchAction\",\"target\":{\"@type\":\"EntryPoint\",\"urlTemplate\":\"https:\/\/www.northeastwales.wales\/?s={search_term_string}\"},\"query-input\":\"required name=search_term_string\"}],\"inLanguage\":\"cy-GB\"},{\"@type\":\"Organization\",\"@id\":\"https:\/\/www.northeastwales.wales\/#organization\",\"name\":\"North East Wales\",\"url\":\"https:\/\/www.northeastwales.wales\/\",\"logo\":{\"@type\":\"ImageObject\",\"inLanguage\":\"cy-GB\",\"@id\":\"https:\/\/www.northeastwales.wales\/#\/schema\/logo\/image\/\",\"url\":\"https:\/\/www.northeastwales.wales\/wp-content\/uploads\/2022\/02\/newales-home-logo-blue.jpg\",\"contentUrl\":\"https:\/\/www.northeastwales.wales\/wp-content\/uploads\/2022\/02\/newales-home-logo-blue.jpg\",\"width\":546,\"height\":188,\"caption\":\"North East Wales\"},\"image\":{\"@id\":\"https:\/\/www.northeastwales.wales\/#\/schema\/logo\/image\/\"},\"sameAs\":[\"https:\/\/www.facebook.com\/NthEastWales\/\",\"https:\/\/x.com\/ntheastwales\",\"https:\/\/www.instagram.com\/gogledddcymru_northeastwales\/\",\"https:\/\/www.youtube.com\/channel\/UCtuuRbGlGvAArd7X1AC1fLQ\"]}]}<\/script>\n<!-- \/ Yoast SEO plugin. -->","yoast_head_json":{"title":"Sir y Fflint - Gogledd Ddwyrain Cymru - North East Wales","robots":{"index":"index","follow":"follow","max-snippet":"max-snippet:-1","max-image-preview":"max-image-preview:large","max-video-preview":"max-video-preview:-1"},"canonical":"https:\/\/www.northeastwales.wales\/cy\/visit-north-east-wales\/flintshire\/","og_locale":"cy_GB","og_type":"article","og_title":"Sir y Fflint - Gogledd Ddwyrain Cymru - North East Wales","og_description":"[vc_row full_width=&#8221;stretch_row_content_no_spaces&#8221; css=&#8221;.vc_custom_1647865968556{margin-bottom: 80px !important;padding-right: 30px !important;padding-left: 30px !important;}&#8221;][vc_column width=&#8221;1\/6&#8243;][\/vc_column][vc_column width=&#8221;2\/3&#8243;][vc_row_inner css=&#8221;.vc_custom_1647864280153{margin-bottom: 30px !important;padding-top: 60px !important;}&#8221;][vc_column_inner width=&#8221;1\/6&#8243;][\/vc_column_inner][vc_column_inner width=&#8221;2\/3&#8243;][vc_column_text] Archwilio Sir y Fflint Archwiliwch drefi diddorol fel yr Wyddgrug gyda\u2019i marchnad stryd a\u2019i g\u0175yl fwyd a diod; Treffynnon cartref Ffynnon Santes Gwenffrewi, un o Saith Rhyfeddod Cymru; Y Fflint a\u2019i chastell canoloesol a\u2019i marchnad; a Chaerwys, [&hellip;]","og_url":"https:\/\/www.northeastwales.wales\/cy\/visit-north-east-wales\/flintshire\/","og_site_name":"Gogledd Ddwyrain Cymru - North East Wales","article_publisher":"https:\/\/www.facebook.com\/NthEastWales\/","article_modified_time":"2022-03-31T12:44:59+00:00","twitter_card":"summary_large_image","twitter_site":"@ntheastwales","twitter_misc":{"Est. reading time":"4 minutes"},"schema":{"@context":"https:\/\/schema.org","@graph":[{"@type":"WebPage","@id":"https:\/\/www.northeastwales.wales\/cy\/visit-north-east-wales\/flintshire\/","url":"https:\/\/www.northeastwales.wales\/cy\/visit-north-east-wales\/flintshire\/","name":"Sir y Fflint - Gogledd Ddwyrain Cymru - North East Wales","isPartOf":{"@id":"https:\/\/www.northeastwales.wales\/#website"},"datePublished":"2022-03-24T15:05:04+00:00","dateModified":"2022-03-31T12:44:59+00:00","breadcrumb":{"@id":"https:\/\/www.northeastwales.wales\/cy\/visit-north-east-wales\/flintshire\/#breadcrumb"},"inLanguage":"cy-GB","potentialAction":[{"@type":"ReadAction","target":["https:\/\/www.northeastwales.wales\/cy\/visit-north-east-wales\/flintshire\/"]}]},{"@type":"BreadcrumbList","@id":"https:\/\/www.northeastwales.wales\/cy\/visit-north-east-wales\/flintshire\/#breadcrumb","itemListElement":[{"@type":"ListItem","position":1,"name":"Home","item":"https:\/\/www.northeastwales.wales\/cy\/"},{"@type":"ListItem","position":2,"name":"Ymwelwch \u00e2 Gogledd Ddwyrain Cymru","item":"https:\/\/www.northeastwales.wales\/cy\/visit-north-east-wales\/"},{"@type":"ListItem","position":3,"name":"Sir y Fflint"}]},{"@type":"WebSite","@id":"https:\/\/www.northeastwales.wales\/#website","url":"https:\/\/www.northeastwales.wales\/","name":"Gogledd Ddwyrain Cymru - North East Wales","description":"Things to do, events and holiday ideas in North East Wales","publisher":{"@id":"https:\/\/www.northeastwales.wales\/#organization"},"potentialAction":[{"@type":"SearchAction","target":{"@type":"EntryPoint","urlTemplate":"https:\/\/www.northeastwales.wales\/?s={search_term_string}"},"query-input":"required name=search_term_string"}],"inLanguage":"cy-GB"},{"@type":"Organization","@id":"https:\/\/www.northeastwales.wales\/#organization","name":"North East Wales","url":"https:\/\/www.northeastwales.wales\/","logo":{"@type":"ImageObject","inLanguage":"cy-GB","@id":"https:\/\/www.northeastwales.wales\/#\/schema\/logo\/image\/","url":"https:\/\/www.northeastwales.wales\/wp-content\/uploads\/2022\/02\/newales-home-logo-blue.jpg","contentUrl":"https:\/\/www.northeastwales.wales\/wp-content\/uploads\/2022\/02\/newales-home-logo-blue.jpg","width":546,"height":188,"caption":"North East Wales"},"image":{"@id":"https:\/\/www.northeastwales.wales\/#\/schema\/logo\/image\/"},"sameAs":["https:\/\/www.facebook.com\/NthEastWales\/","https:\/\/x.com\/ntheastwales","https:\/\/www.instagram.com\/gogledddcymru_northeastwales\/","https:\/\/www.youtube.com\/channel\/UCtuuRbGlGvAArd7X1AC1fLQ"]}]}},"_links":{"self":[{"href":"https:\/\/www.northeastwales.wales\/cy\/wp-json\/wp\/v2\/pages\/2304","targetHints":{"allow":["GET"]}}],"collection":[{"href":"https:\/\/www.northeastwales.wales\/cy\/wp-json\/wp\/v2\/pages"}],"about":[{"href":"https:\/\/www.northeastwales.wales\/cy\/wp-json\/wp\/v2\/types\/page"}],"author":[{"embeddable":true,"href":"https:\/\/www.northeastwales.wales\/cy\/wp-json\/wp\/v2\/users\/1"}],"replies":[{"embeddable":true,"href":"https:\/\/www.northeastwales.wales\/cy\/wp-json\/wp\/v2\/comments?post=2304"}],"version-history":[{"count":8,"href":"https:\/\/www.northeastwales.wales\/cy\/wp-json\/wp\/v2\/pages\/2304\/revisions"}],"predecessor-version":[{"id":2312,"href":"https:\/\/www.northeastwales.wales\/cy\/wp-json\/wp\/v2\/pages\/2304\/revisions\/2312"}],"up":[{"embeddable":true,"href":"https:\/\/www.northeastwales.wales\/cy\/wp-json\/wp\/v2\/pages\/2001"}],"wp:attachment":[{"href":"https:\/\/www.northeastwales.wales\/cy\/wp-json\/wp\/v2\/media?parent=2304"}],"curies":[{"name":"wp","href":"https:\/\/api.w.org\/{rel}","templated":true}]}}