{"id":2595,"date":"2022-04-21T18:44:34","date_gmt":"2022-04-21T17:44:34","guid":{"rendered":"http:\/\/www.northeastwales.wales\/terms-of-business\/"},"modified":"2022-04-25T15:48:50","modified_gmt":"2022-04-25T14:48:50","slug":"terms-of-business","status":"publish","type":"page","link":"https:\/\/www.northeastwales.wales\/cy\/terms-of-business\/","title":{"rendered":"Telerau busnes"},"content":{"rendered":"<div class=\"wpb-content-wrapper\"><p>[vc_row full_width=&#8221;stretch_row_content_no_spaces&#8221; css=&#8221;.vc_custom_1647865968556{margin-bottom: 80px !important;padding-right: 30px !important;padding-left: 30px !important;}&#8221;][vc_column width=&#8221;1\/6&#8243;][\/vc_column][vc_column width=&#8221;2\/3&#8243;][vc_row_inner css=&#8221;.vc_custom_1647864280153{margin-bottom: 30px !important;padding-top: 60px !important;}&#8221;][vc_column_inner width=&#8221;1\/6&#8243;][\/vc_column_inner][vc_column_inner width=&#8221;2\/3&#8243;][vc_column_text]\n<h1>Telerau busnes<\/h1>\n<p class=\"main-header__subtitle\">Mae gr\u0175p marchnata Gogledd Ddwyrain Cymru a\u2019i aelodau gan gynnwys Cyngor Bwrdeistref Sirol Wrecsam, Cyngor Sir y Fflint a Chyngor Sir Ddinbych, (\u201cgwefan\u201d neu \u201cBerchennog y Wefan\u201d neu \u201cni\u201d neu \u201cein\u201d) yn darparu\u2019r wybodaeth a gynhwysir ar y wefan hon neu unrhyw un o\u2019r tudalennau sy\u2019n cynnwys y wefan (\u201cgwefan\u201d) i ymwelwyr (\u201cymwelwyr\u201d) (y cyfeirit atynt o hyn ymlaen fel \u201cchi\u201d neu \u201ceich\u201d) yn unol \u00e2\u2019r telerau ac amodau a nodir yn nhelerau ac amodau\u2019r wefan hon, y polisi preifatrwydd ac unrhyw delerau ac amodau, polis\u00efau a hysbysiadau a allai fod yn berthnasol i adran neu fodiwl penodol o\u2019r wefan hon.<\/p>\n<p>[\/vc_column_text][\/vc_column_inner][vc_column_inner width=&#8221;1\/6&#8243;][\/vc_column_inner][\/vc_row_inner][vc_row_inner gap=&#8221;30&#8243; css=&#8221;.vc_custom_1647866009173{margin-top: 30px !important;}&#8221;][vc_column_inner][vc_column_text]\n<h2>Gwybodaeth ar y wefan<\/h2>\n<p>Er y gwneir pob ymdrech i sicrhau bod y wybodaeth ar y safle hwn yn gywir, nid yw gr\u0175p marchnata Gogledd Ddwyrain Cymru a\u2019i aelodau yn atebol o gwbl am unrhyw gamgymeriadau, gwallau neu am hepgor gwybodaeth ac ni ellir eu hymrwymo mewn unrhyw fodd gan unrhyw wybodaeth a gynhwysir ar y wefan. Mae gr\u0175p marchnata Gogledd Ddwyrain Cymru yn cadw\u2019r hawl i newid neu gau unrhyw ran neu nodwedd o\u2019r wefan hon, unrhyw bryd ac yn ddirybudd. Ni ddylid dehongli unrhyw wybodaeth fel cyngor a chynigir gwybodaeth at bwrpas gwybodaeth yn unig ac nid yw\u2019n fwriad ei ddefnyddio at bwrpas masnachu. Chi a\u2019ch cwmni chi yn unig fydd yn gyfrifol am ddibynnu ar y wybodaeth a gynhwysir ar y wefan hon. Os byddwch yn dod o hyd i wall neu hepgoriad, rhowch wybod i ni os gwelwch yn dda.[\/vc_column_text][\/vc_column_inner][\/vc_row_inner][vc_row_inner gap=&#8221;30&#8243;][vc_column_inner][vc_column_text]\n<h2>Dolenni allanol<\/h2>\n<p>Mae\u2019n bosib bydd y wefan yn cynnwys dolenni i wefannau trydydd parti sydd yn cael eu rheoli a\u2019u cynnal gan eraill. Nid yw dolen i wefan arall yn ardystiad o wefannau o\u2019r fath ac rydych yn cydnabod ac yn cytuno nad ydym ni\u2019n gyfrifol am gynnwys nac argaeledd gwefannau o\u2019r fath. Wrt Wrth ymweld \u00e2 dolenni allanol rhaid i chi gyfeirio at delerau ac amodau defnydd y gwefannau allanol rheiny.[\/vc_column_text][\/vc_column_inner][\/vc_row_inner][vc_row_inner gap=&#8221;30&#8243;][vc_column_inner][vc_column_text]\n<h2>Trydydd parti<\/h2>\n<p>Nid yw gr\u0175p marchnata Gogledd Ddwyrain Cymru na\u2019i aelodau yn derbyn unrhyw atebolrwydd am wasanaethau nac adnoddau a ddarperir gan eiddo neu leoliadau a restrir, nag am unrhyw fater sy\u2019n gysylltiedig mewn unrhyw ffordd gyda, neu sy\u2019n codi o gyhoeddi\u2019r wybodaeth yma. Dylech bob amser wirio gydag eiddo neu leoliad ei fod yn gallu cwrdd eich gofynion cyn ei archebu, a dylech wneud yn si\u0175r eich bod yn deall yr union ffioedd a\u2019r costau\u2019n iawn. Mae unrhyw drefniadau neu drafodaethau rhyngoch chi a\u2019r eiddo neu\u2019r lleoliad ei hun; ni chewch chi na\u2019r eiddo\/lleoliad unrhyw fath o gontract ar unrhyw adeg gyda gr\u0175p marchnata Gogledd Ddwyrain Cymru nag unrhyw un o\u2019i aelodau (Cyngor Bwrdeistref Sirol Wrecsam, Cyngor Sir Y Fflint a Chyngor Sir Ddinbych).[\/vc_column_text][\/vc_column_inner][\/vc_row_inner][vc_row_inner gap=&#8221;30&#8243;][vc_column_inner][vc_column_text]\n<h2>Nodau masnach<\/h2>\n<p>Nodau masnach cofrestredig ac anghofrestredig gr\u0175p marchnata Gogledd Ddwyrain Cymru yw\u2019r nodau masnach, y logos a\u2019r nodau gwasanaeth (\u201cnodau masnach\u201d) a arddangosir ar y wefan hon. Ni ddylid dehongli unrhyw beth a gynhwysir ar y wefan hon fel bod yn dyfarnu trwydded neu hawl i ddefnyddio nod masnach heb ganiat\u00e2d ysgrifenedig ymlaen llaw gan gr\u0175p marchnata Gogledd Ddwyrain Cymru.[\/vc_column_text][\/vc_column_inner][\/vc_row_inner][vc_row_inner gap=&#8221;30&#8243;][vc_column_inner][vc_column_text]\n<h2>Ymwadiadau a chyfyngiadau atebolrwydd<\/h2>\n<p>Caiff y wefan ei darparu ar sail \u201cFEL Y MAENT\u201d a \u201cFEL SYDD AR GAEL\u201d heb unrhyw gynrychiolaeth neu gymeradwyaeth a heb warant o unrhyw fath, pa un a ydynt yn ddatganedig neu\u2019n oblygedig, gan gynnwys ond heb eu cyfyngu i warantau goblygedig ynghylch ansawdd boddhaol, addasrwydd at ddiben penodol, heb dor cyfraith, cyfaddasrwydd, diogelwch a chywirdeb. I\u2019r graddau a ganiateir gan y gyfraith, ni fydd gr\u0175p marchnata Gogledd Ddwyrain Cymru yn atebol am unrhyw golled neu ddifrod anuniongyrchol neu ganlyniadol o gwbl (gan gynnwys heb gyfyngiadau colli busnes, cyfleoedd, data, elw) sy\u2019n deillio o\u2019r wefan a defnyddio\u2019r wefan. Nid yw gr\u0175p marchnata Gogledd Ddwyrain Cymru yn rhoi sicrwydd o gwbl y bydd swyddogaethau\u2019r wefan yn ddi-dor nac heb wallau, y bydd diffygion yn cael eu cywiro na bod y wefan na\u2019r gweinydd sy\u2019n ei redeg yn rhydd o firysau nag unrhyw beth arall a allai fod yn niweidiol neu\u2019n ddinistriol. Ni ellir dehongli unrhyw beth yn y Telerau ac Amodau hyn fel eu bod yn eithrio neu gyfyngu atebolrwydd gr\u0175p marchnata Gogledd Ddwyrain Cymru am farwolaeth neu niwed personol o ganlyniad i esgeulustra gr\u0175p marchnata Gogledd Ddwyrain Cymru neu ei weithwyr neu asiantwyr.[\/vc_column_text][\/vc_column_inner][\/vc_row_inner][vc_row_inner gap=&#8221;30&#8243;][vc_column_inner][vc_column_text]\n<h2>Indemniad<\/h2>\n<p>Rydych yn cytuno i indemnio a dal gr\u0175p marchnata Gogledd Ddwyrain Cymru a\u2019i weithwyr a\u2019i asiantwyr yn ddiberyg rhag ac yn erbyn pob atebolrwydd, ffioedd cyfreithiol, colledion, costau a threuliau eraill mewn cysylltiad ag unrhyw hawliad neu weithredoedd a gaiff eu dwyn yn erbyn gr\u0175p marchnata Gogledd Ddwyrain Cymru sy\u2019n codi o unrhyw doriad o\u2019r Telerau ac Amodau hyn gennych chi neu unrhyw atebolrwydd arall sy\u2019n codi o\u2019ch defnydd chi o\u2019r wefan hon.[\/vc_column_text][\/vc_column_inner][\/vc_row_inner][vc_row_inner gap=&#8221;30&#8243;][vc_column_inner][vc_column_text]\n<h2>Toriad<\/h2>\n<p>Pe bai unrhyw lys neu awdurdodaeth cymwys yn cael un o\u2019r Telerau ac Amodau hyn yn annilys, anghyfreithiol neu\u2019n anorfodadwy yna bydd y Teler neu\u2019r Amod yn cael ei thorri a bydd y Telerau ac Amodau eraill yn goroesi ac yn parhau\u2019n gwbl weithredol ac yn parhau i fod yn derfynol ac yn orfodadwy.[\/vc_column_text][\/vc_column_inner][\/vc_row_inner][vc_row_inner gap=&#8221;30&#8243;][vc_column_inner][vc_column_text]\n<h2>Gwarantau<\/h2>\n<p>Nid yw gr\u0175p marchnata Gogledd Ddwyrain Cymru yn gwneud unrhyw warantau, cynrychiolaethau, datganiadau na sicrwydd (boed hynny\u2019n ddatganedig, yn gyfreithiol oblygedig neu\u2019n weddilliol) ynghylch y wefan, y wybodaeth a gynhwysir ar y wefan, eich gwybodaeth bersonol chi neu wybodaeth eich cwmni neu ddeunydd a gwybodaeth a drosglwyddir dros ein system.[\/vc_column_text][\/vc_column_inner][\/vc_row_inner][vc_row_inner gap=&#8221;30&#8243;][vc_column_inner][vc_column_text]\n<h2>Defnyddio\u2019r wefan<\/h2>\n<p>Drwy fynd ar y wefan, rydych yn sicrhau gr\u0175p marchnata Gogledd Ddwyrain Cymru bod gennych hawl cyfreithiol i wneud hynny ac i wneud defnydd o\u2019r wybodaeth sydd ar gael ar y wefan.[\/vc_column_text][\/vc_column_inner][\/vc_row_inner][vc_row_inner gap=&#8221;30&#8243;][vc_column_inner][vc_column_text]\n<h2>Addasu&#8217;r wefan<\/h2>\n<p>Gall gr\u0175p marchnata Gogledd Ddwyrain Cymru addasu unrhyw delerau ac amodau, polis\u00efau neu hysbysiadau perthnasol ar unrhyw adeg. O ymweld \u00e2\u2019r wefan o dro i dro, rydych yn cydnabod eich bod wedi eich ymrwymo i\u2019r fersiwn gyfredol o\u2019r telerau ac amodau perthnasol (y \u201cfersiwn gyfredol\u201d), a bydd yr holl fersiynau blaenorol yn cael eu disodli gan y fersiwn gyfredol, oni nodir yn y fersiwn gyfredol. Chi fydd yn gyfrifol am adolygu\u2019r fersiwn gyfredol ar y pryd bob tro y byddwch yn ymweld \u00e2\u2019r wefan.[\/vc_column_text][\/vc_column_inner][\/vc_row_inner][vc_row_inner gap=&#8221;30&#8243;][vc_column_inner][vc_column_text]\n<h2>Gwrthdaro<\/h2>\n<p>Lle bydd unrhyw wrthdaro neu wrthddweud yn ymddangos rhwng darpariaethau telerau ac amodau\u2019r wefan hon ac unrhyw delerau ac amodau, polis\u00efau neu hysbysiadau perthnasol eraill, bydd y telerau ac amodau, polis\u00efau neu hysbysiadau eraill sy\u2019n benodol berthnasol i adran neu fodiwl penodol o\u2019r wefan yn trechu o safbwynt eich defnydd o\u2019r adran neu fodiwl perthnasol o\u2019r wefan.[\/vc_column_text][\/vc_column_inner][\/vc_row_inner][vc_row_inner gap=&#8221;30&#8243;][vc_column_inner][vc_column_text]\n<h2>Sylwadau neu gwestiynau<\/h2>\n<p>Os oes gennych unrhyw gwestiynau, sylwadau neu bryderon ynghylch y wefan, y polisi preifatrwydd neu unrhyw delerau ac amodau, polis\u00efau neu hysbysiadau perthnasol eraill neu\u2019r ffordd yr ydym yn ymdrin \u00e2\u2019ch gwybodaeth bersonol cysylltwch \u00e2 ni os gwelwch yn dda.[\/vc_column_text][\/vc_column_inner][\/vc_row_inner][\/vc_column][vc_column width=&#8221;1\/6&#8243;][\/vc_column][\/vc_row]\n<\/div>","protected":false},"excerpt":{"rendered":"<p>[vc_row full_width=&#8221;stretch_row_content_no_spaces&#8221; css=&#8221;.vc_custom_1647865968556{margin-bottom: 80px !important;padding-right: 30px !important;padding-left: 30px !important;}&#8221;][vc_column width=&#8221;1\/6&#8243;][\/vc_column][vc_column width=&#8221;2\/3&#8243;][vc_row_inner css=&#8221;.vc_custom_1647864280153{margin-bottom: 30px !important;padding-top: 60px !important;}&#8221;][vc_column_inner width=&#8221;1\/6&#8243;][\/vc_column_inner][vc_column_inner width=&#8221;2\/3&#8243;][vc_column_text] Telerau busnes Mae gr\u0175p marchnata Gogledd Ddwyrain Cymru a\u2019i aelodau gan gynnwys Cyngor Bwrdeistref Sirol Wrecsam, Cyngor Sir y Fflint a Chyngor Sir Ddinbych, (\u201cgwefan\u201d neu \u201cBerchennog y Wefan\u201d neu \u201cni\u201d neu \u201cein\u201d) yn darparu\u2019r wybodaeth a [&hellip;]<\/p>\n","protected":false},"author":1,"featured_media":0,"parent":0,"menu_order":0,"comment_status":"closed","ping_status":"open","template":"page-templates\/fullwidth-without-title.php","meta":{"footnotes":""},"class_list":["post-2595","page","type-page","status-publish","hentry"],"yoast_head":"<!-- This site is optimized with the Yoast SEO plugin v23.1 - https:\/\/yoast.com\/wordpress\/plugins\/seo\/ -->\n<title>Telerau busnes - Gogledd Ddwyrain Cymru - North East Wales<\/title>\n<meta name=\"robots\" content=\"index, follow, max-snippet:-1, max-image-preview:large, max-video-preview:-1\" \/>\n<link rel=\"canonical\" href=\"https:\/\/www.northeastwales.wales\/cy\/terms-of-business\/\" \/>\n<meta property=\"og:locale\" content=\"cy_GB\" \/>\n<meta property=\"og:type\" content=\"article\" \/>\n<meta property=\"og:title\" content=\"Telerau busnes - Gogledd Ddwyrain Cymru - North East Wales\" \/>\n<meta property=\"og:description\" content=\"[vc_row full_width=&#8221;stretch_row_content_no_spaces&#8221; css=&#8221;.vc_custom_1647865968556{margin-bottom: 80px !important;padding-right: 30px !important;padding-left: 30px !important;}&#8221;][vc_column width=&#8221;1\/6&#8243;][\/vc_column][vc_column width=&#8221;2\/3&#8243;][vc_row_inner css=&#8221;.vc_custom_1647864280153{margin-bottom: 30px !important;padding-top: 60px !important;}&#8221;][vc_column_inner width=&#8221;1\/6&#8243;][\/vc_column_inner][vc_column_inner width=&#8221;2\/3&#8243;][vc_column_text] Telerau busnes Mae gr\u0175p marchnata Gogledd Ddwyrain Cymru a\u2019i aelodau gan gynnwys Cyngor Bwrdeistref Sirol Wrecsam, Cyngor Sir y Fflint a Chyngor Sir Ddinbych, (\u201cgwefan\u201d neu \u201cBerchennog y Wefan\u201d neu \u201cni\u201d neu \u201cein\u201d) yn darparu\u2019r wybodaeth a [&hellip;]\" \/>\n<meta property=\"og:url\" content=\"https:\/\/www.northeastwales.wales\/cy\/terms-of-business\/\" \/>\n<meta property=\"og:site_name\" content=\"Gogledd Ddwyrain Cymru - North East Wales\" \/>\n<meta property=\"article:publisher\" content=\"https:\/\/www.facebook.com\/NthEastWales\/\" \/>\n<meta property=\"article:modified_time\" content=\"2022-04-25T14:48:50+00:00\" \/>\n<meta name=\"twitter:card\" content=\"summary_large_image\" \/>\n<meta name=\"twitter:site\" content=\"@ntheastwales\" \/>\n<meta name=\"twitter:label1\" content=\"Est. reading time\" \/>\n\t<meta name=\"twitter:data1\" content=\"8 minutes\" \/>\n<script type=\"application\/ld+json\" class=\"yoast-schema-graph\">{\"@context\":\"https:\/\/schema.org\",\"@graph\":[{\"@type\":\"WebPage\",\"@id\":\"https:\/\/www.northeastwales.wales\/cy\/terms-of-business\/\",\"url\":\"https:\/\/www.northeastwales.wales\/cy\/terms-of-business\/\",\"name\":\"Telerau busnes - Gogledd Ddwyrain Cymru - North East Wales\",\"isPartOf\":{\"@id\":\"https:\/\/www.northeastwales.wales\/#website\"},\"datePublished\":\"2022-04-21T17:44:34+00:00\",\"dateModified\":\"2022-04-25T14:48:50+00:00\",\"breadcrumb\":{\"@id\":\"https:\/\/www.northeastwales.wales\/cy\/terms-of-business\/#breadcrumb\"},\"inLanguage\":\"cy-GB\",\"potentialAction\":[{\"@type\":\"ReadAction\",\"target\":[\"https:\/\/www.northeastwales.wales\/cy\/terms-of-business\/\"]}]},{\"@type\":\"BreadcrumbList\",\"@id\":\"https:\/\/www.northeastwales.wales\/cy\/terms-of-business\/#breadcrumb\",\"itemListElement\":[{\"@type\":\"ListItem\",\"position\":1,\"name\":\"Home\",\"item\":\"https:\/\/www.northeastwales.wales\/cy\/\"},{\"@type\":\"ListItem\",\"position\":2,\"name\":\"Telerau busnes\"}]},{\"@type\":\"WebSite\",\"@id\":\"https:\/\/www.northeastwales.wales\/#website\",\"url\":\"https:\/\/www.northeastwales.wales\/\",\"name\":\"Gogledd Ddwyrain Cymru - North East Wales\",\"description\":\"Things to do, events and holiday ideas in North East Wales\",\"publisher\":{\"@id\":\"https:\/\/www.northeastwales.wales\/#organization\"},\"potentialAction\":[{\"@type\":\"SearchAction\",\"target\":{\"@type\":\"EntryPoint\",\"urlTemplate\":\"https:\/\/www.northeastwales.wales\/?s={search_term_string}\"},\"query-input\":\"required name=search_term_string\"}],\"inLanguage\":\"cy-GB\"},{\"@type\":\"Organization\",\"@id\":\"https:\/\/www.northeastwales.wales\/#organization\",\"name\":\"North East Wales\",\"url\":\"https:\/\/www.northeastwales.wales\/\",\"logo\":{\"@type\":\"ImageObject\",\"inLanguage\":\"cy-GB\",\"@id\":\"https:\/\/www.northeastwales.wales\/#\/schema\/logo\/image\/\",\"url\":\"https:\/\/www.northeastwales.wales\/wp-content\/uploads\/2022\/02\/newales-home-logo-blue.jpg\",\"contentUrl\":\"https:\/\/www.northeastwales.wales\/wp-content\/uploads\/2022\/02\/newales-home-logo-blue.jpg\",\"width\":546,\"height\":188,\"caption\":\"North East Wales\"},\"image\":{\"@id\":\"https:\/\/www.northeastwales.wales\/#\/schema\/logo\/image\/\"},\"sameAs\":[\"https:\/\/www.facebook.com\/NthEastWales\/\",\"https:\/\/x.com\/ntheastwales\",\"https:\/\/www.instagram.com\/gogledddcymru_northeastwales\/\",\"https:\/\/www.youtube.com\/channel\/UCtuuRbGlGvAArd7X1AC1fLQ\"]}]}<\/script>\n<!-- \/ Yoast SEO plugin. -->","yoast_head_json":{"title":"Telerau busnes - Gogledd Ddwyrain Cymru - North East Wales","robots":{"index":"index","follow":"follow","max-snippet":"max-snippet:-1","max-image-preview":"max-image-preview:large","max-video-preview":"max-video-preview:-1"},"canonical":"https:\/\/www.northeastwales.wales\/cy\/terms-of-business\/","og_locale":"cy_GB","og_type":"article","og_title":"Telerau busnes - Gogledd Ddwyrain Cymru - North East Wales","og_description":"[vc_row full_width=&#8221;stretch_row_content_no_spaces&#8221; css=&#8221;.vc_custom_1647865968556{margin-bottom: 80px !important;padding-right: 30px !important;padding-left: 30px !important;}&#8221;][vc_column width=&#8221;1\/6&#8243;][\/vc_column][vc_column width=&#8221;2\/3&#8243;][vc_row_inner css=&#8221;.vc_custom_1647864280153{margin-bottom: 30px !important;padding-top: 60px !important;}&#8221;][vc_column_inner width=&#8221;1\/6&#8243;][\/vc_column_inner][vc_column_inner width=&#8221;2\/3&#8243;][vc_column_text] Telerau busnes Mae gr\u0175p marchnata Gogledd Ddwyrain Cymru a\u2019i aelodau gan gynnwys Cyngor Bwrdeistref Sirol Wrecsam, Cyngor Sir y Fflint a Chyngor Sir Ddinbych, (\u201cgwefan\u201d neu \u201cBerchennog y Wefan\u201d neu \u201cni\u201d neu \u201cein\u201d) yn darparu\u2019r wybodaeth a [&hellip;]","og_url":"https:\/\/www.northeastwales.wales\/cy\/terms-of-business\/","og_site_name":"Gogledd Ddwyrain Cymru - North East Wales","article_publisher":"https:\/\/www.facebook.com\/NthEastWales\/","article_modified_time":"2022-04-25T14:48:50+00:00","twitter_card":"summary_large_image","twitter_site":"@ntheastwales","twitter_misc":{"Est. reading time":"8 minutes"},"schema":{"@context":"https:\/\/schema.org","@graph":[{"@type":"WebPage","@id":"https:\/\/www.northeastwales.wales\/cy\/terms-of-business\/","url":"https:\/\/www.northeastwales.wales\/cy\/terms-of-business\/","name":"Telerau busnes - Gogledd Ddwyrain Cymru - North East Wales","isPartOf":{"@id":"https:\/\/www.northeastwales.wales\/#website"},"datePublished":"2022-04-21T17:44:34+00:00","dateModified":"2022-04-25T14:48:50+00:00","breadcrumb":{"@id":"https:\/\/www.northeastwales.wales\/cy\/terms-of-business\/#breadcrumb"},"inLanguage":"cy-GB","potentialAction":[{"@type":"ReadAction","target":["https:\/\/www.northeastwales.wales\/cy\/terms-of-business\/"]}]},{"@type":"BreadcrumbList","@id":"https:\/\/www.northeastwales.wales\/cy\/terms-of-business\/#breadcrumb","itemListElement":[{"@type":"ListItem","position":1,"name":"Home","item":"https:\/\/www.northeastwales.wales\/cy\/"},{"@type":"ListItem","position":2,"name":"Telerau busnes"}]},{"@type":"WebSite","@id":"https:\/\/www.northeastwales.wales\/#website","url":"https:\/\/www.northeastwales.wales\/","name":"Gogledd Ddwyrain Cymru - North East Wales","description":"Things to do, events and holiday ideas in North East Wales","publisher":{"@id":"https:\/\/www.northeastwales.wales\/#organization"},"potentialAction":[{"@type":"SearchAction","target":{"@type":"EntryPoint","urlTemplate":"https:\/\/www.northeastwales.wales\/?s={search_term_string}"},"query-input":"required name=search_term_string"}],"inLanguage":"cy-GB"},{"@type":"Organization","@id":"https:\/\/www.northeastwales.wales\/#organization","name":"North East Wales","url":"https:\/\/www.northeastwales.wales\/","logo":{"@type":"ImageObject","inLanguage":"cy-GB","@id":"https:\/\/www.northeastwales.wales\/#\/schema\/logo\/image\/","url":"https:\/\/www.northeastwales.wales\/wp-content\/uploads\/2022\/02\/newales-home-logo-blue.jpg","contentUrl":"https:\/\/www.northeastwales.wales\/wp-content\/uploads\/2022\/02\/newales-home-logo-blue.jpg","width":546,"height":188,"caption":"North East Wales"},"image":{"@id":"https:\/\/www.northeastwales.wales\/#\/schema\/logo\/image\/"},"sameAs":["https:\/\/www.facebook.com\/NthEastWales\/","https:\/\/x.com\/ntheastwales","https:\/\/www.instagram.com\/gogledddcymru_northeastwales\/","https:\/\/www.youtube.com\/channel\/UCtuuRbGlGvAArd7X1AC1fLQ"]}]}},"_links":{"self":[{"href":"https:\/\/www.northeastwales.wales\/cy\/wp-json\/wp\/v2\/pages\/2595","targetHints":{"allow":["GET"]}}],"collection":[{"href":"https:\/\/www.northeastwales.wales\/cy\/wp-json\/wp\/v2\/pages"}],"about":[{"href":"https:\/\/www.northeastwales.wales\/cy\/wp-json\/wp\/v2\/types\/page"}],"author":[{"embeddable":true,"href":"https:\/\/www.northeastwales.wales\/cy\/wp-json\/wp\/v2\/users\/1"}],"replies":[{"embeddable":true,"href":"https:\/\/www.northeastwales.wales\/cy\/wp-json\/wp\/v2\/comments?post=2595"}],"version-history":[{"count":6,"href":"https:\/\/www.northeastwales.wales\/cy\/wp-json\/wp\/v2\/pages\/2595\/revisions"}],"predecessor-version":[{"id":2662,"href":"https:\/\/www.northeastwales.wales\/cy\/wp-json\/wp\/v2\/pages\/2595\/revisions\/2662"}],"wp:attachment":[{"href":"https:\/\/www.northeastwales.wales\/cy\/wp-json\/wp\/v2\/media?parent=2595"}],"curies":[{"name":"wp","href":"https:\/\/api.w.org\/{rel}","templated":true}]}}