{"id":4455,"date":"2023-06-10T13:11:05","date_gmt":"2023-06-10T12:11:05","guid":{"rendered":"https:\/\/www.northeastwales.wales\/visitors-guide-to-rhyl\/visitors-guide-to-rhyl-attractions\/"},"modified":"2025-02-12T14:44:49","modified_gmt":"2025-02-12T14:44:49","slug":"visitors-guide-to-rhyl-attractions","status":"publish","type":"page","link":"https:\/\/www.northeastwales.wales\/cy\/canllaw-i-ymwelwyr-ir-rhyl\/visitors-guide-to-rhyl-attractions\/","title":{"rendered":"Canllaw i ymwelwyr i\u2019r Rhyl &#8211; Atyniadau"},"content":{"rendered":"<div class=\"wpb-content-wrapper\"><p>[vc_row full_width=&#8221;stretch_row_content_no_spaces&#8221; css=&#8221;.vc_custom_1686072105618{margin-bottom: 80px !important;padding-right: 30px !important;padding-left: 30px !important;}&#8221;][vc_column width=&#8221;1\/6&#8243;][\/vc_column][vc_column width=&#8221;2\/3&#8243;][vc_row_inner css=&#8221;.vc_custom_1686072163842{margin-bottom: 30px !important;padding-top: 60px !important;}&#8221;][vc_column_inner width=&#8221;1\/6&#8243;][\/vc_column_inner][vc_column_inner width=&#8221;2\/3&#8243;][vc_column_text]\n<h1 class=\"visiting-rhyl\"><a href=\"https:\/\/www.northeastwales.wales\/cy\/visitors-guide-to-rhyl\/\">&lt; Canllaw i ymwelwyr i\u2019r Rhyl<\/a><\/h1>\n<h2 class=\"visiting-rhyl\">Atyniadau<\/h2>\n<p class=\"main-header__subtitle\">Mae digon o bethau i weld ac i wneud ar y promen\u00e2d &#8211; mae parc d\u0175r gwych, acwariwm ar lan y m\u00f4r, sinema o\u2019r radd flaenaf a theatr gyda 1,000 o seddi. Dyma rai o&#8217;r uchafbwyntiau.<\/p>\n<p>[\/vc_column_text][\/vc_column_inner][vc_column_inner width=&#8221;1\/6&#8243;][\/vc_column_inner][\/vc_row_inner][vc_row_inner][vc_column_inner][vc_raw_html]JTVCbWFwc21hcmtlciUyMG1hcCUzRCUyMjYlMjIlNUQ=[\/vc_raw_html][vc_empty_space height=&#8221;40px&#8221;][\/vc_column_inner][\/vc_row_inner][vc_row_inner el_id=&#8221;sc2&#8243; el_class=&#8221;visiting-info-container&#8221;][vc_column_inner width=&#8221;1\/6&#8243;][\/vc_column_inner][vc_column_inner width=&#8221;2\/3&#8243;][vc_separator color=&#8221;black&#8221; border_width=&#8221;2&#8243; el_class=&#8221;visiting-separator&#8221;][vc_column_text]\n<h3>SC2<\/h3>\n<p>Rhodfa\u2019r Gorllewin<br \/>\nY Rhyl<br \/>\nLL18 1BF<\/p>\n<p>Mae&#8217;r parc d\u0175r wedi bod ar gau ers y Flwyddyn Newydd oherwydd difrod storm, a effeithiodd ar ei do. Roedd y difrod hwn yn fwy helaeth nag a dybiwyd gyntaf ac mae bellach yn edrych yn debygol na fydd y parc d\u0175r yn gallu agor am weddill y tymor.<\/p>\n<p><a href=\"tel:01745777562\">01745777562<\/a><br \/>\n<a href=\"https:\/\/sc2rhyl.co.uk\/cy\/hafan\/\">sc2rhyl.co.uk<\/a>[\/vc_column_text][\/vc_column_inner][vc_column_inner width=&#8221;1\/6&#8243;][\/vc_column_inner][\/vc_row_inner][vc_row_inner el_id=&#8221;ninjatagactive&#8221; el_class=&#8221;visiting-info-container&#8221;][vc_column_inner width=&#8221;1\/6&#8243;][\/vc_column_inner][vc_column_inner width=&#8221;2\/3&#8243;][vc_separator color=&#8221;black&#8221; border_width=&#8221;2&#8243; el_class=&#8221;visiting-separator&#8221;][vc_column_text]\n<h3>Ninja TAG Active<\/h3>\n<p>SC2<br \/>\nRhodfa\u2019r Gorllewin<br \/>\nY Rhyl<br \/>\nLL18 1BF<\/p>\n<p>Mae\u2019r cwrs rhwystrau aml-lefel dan do gwych hwn yn debyg i Total Wipeout a Ninja Warrior, ac mae\u2019r cyfan yn brofiad cyffrous. Profwch eich sgiliau, ffitrwydd a dewrder wrth i chi ruthro trwy\u2019r M\u00f4r o Raffau, rasio yn erbyn eich ffrindiau ar y Bibell Chwarter a cheisio taro bob targed ar y Wal Pry Cop. Mae Junior Ninja TAG yr un profiad \u00e2 Ninja TAG fel y strwythur i oedolion, ond yn addas i\u2019r rheiny sy\u2019n daldra 90cm i 1.2 medr heb oedolion.<\/p>\n<p><a href=\"tel:01745777562\">01745 777562<\/a><br \/>\n<a href=\"mailto:info@sc2rhyl.co.uk\">info@sc2rhyl.co.uk<\/a><br \/>\n<a href=\"https:\/\/sc2rhyl.co.uk\/cy\/ninja-tag-wel-homepage\/\">sc2rhyl.co.uk\/cy\/ninja-tag-wel-homepage\/<\/a>[\/vc_column_text][\/vc_column_inner][vc_column_inner width=&#8221;1\/6&#8243;][\/vc_column_inner][\/vc_row_inner][vc_row_inner el_id=&#8221;vuecinema&#8221; el_class=&#8221;visiting-info-container&#8221;][vc_column_inner width=&#8221;1\/6&#8243;][\/vc_column_inner][vc_column_inner width=&#8221;2\/3&#8243;][vc_separator color=&#8221;black&#8221; border_width=&#8221;2&#8243; el_class=&#8221;visiting-separator&#8221;][vc_column_text css=&#8221;&#8221;]\n<p>&nbsp;<\/p>\n<p>[\/vc_column_text][\/vc_column_inner][vc_column_inner width=&#8221;1\/6&#8243;][\/vc_column_inner][\/vc_row_inner][vc_row_inner el_class=&#8221;visiting-info-container&#8221; el_id=&#8221;prokitesurfing&#8221;][vc_column_inner width=&#8221;1\/6&#8243;][\/vc_column_inner][vc_column_inner width=&#8221;2\/3&#8243;][vc_separator color=&#8221;black&#8221; border_width=&#8221;2&#8243; el_class=&#8221;visiting-separator&#8221;][vc_column_text]\n<h3>Pro Kite Surfing<\/h3>\n<p>Rhodfa\u2019r Dwyrain<br \/>\nY Rhyl<br \/>\nLL18 3AF<\/p>\n<p>Mae Pro Kitesurfing yn ganolfan hyfforddi anhygoel sydd ar lan y m\u00f4r yn y Rhyl sy\u2019n lleoliad perffaith i ddysgu sut i farcudfyrddio. Mae\u2019n cynnig hyfforddiant unigol neu 2-1 ym mhob agwedd o weithgareddau barcud a phadl o reolaeth bwrdd sylfaenol, barcud p\u0175er drwy wersi barcudfyrddio i ddechreuwyr a thriciau barcud. Cynhelir y gwersi yn y Rhyl, Porthmadog (Traeth y Graig Ddu), Ynys M\u00f4n (traeth Niwbwrch) neu Benmorfa (Llandudno), ac mae\u2019n ddibynnol ar gyfeiriad y gwynt.<\/p>\n<p><a href=\"tel:01745345004\">01745 345004<\/a><br \/>\n<a href=\"mailto:info@prokitesurfing.co.uk\">info@prokitesurfing.co.uk<\/a><br \/>\n<a href=\"https:\/\/www.prokitesurfing.co.uk\">www.prokitesurfing.co.uk<\/a>[\/vc_column_text][\/vc_column_inner][vc_column_inner width=&#8221;1\/6&#8243;][\/vc_column_inner][\/vc_row_inner][vc_row_inner el_class=&#8221;visiting-info-container&#8221; el_id=&#8221;rhylharbour&#8221;][vc_column_inner width=&#8221;1\/6&#8243;][\/vc_column_inner][vc_column_inner width=&#8221;2\/3&#8243;][vc_separator color=&#8221;black&#8221; border_width=&#8221;2&#8243; el_class=&#8221;visiting-separator&#8221;][vc_column_text]\n<h3>Harbwr y Rhyl<\/h3>\n<p>Horton\u2019s Nose Lane<br \/>\nY Rhyl<br \/>\nLL18 5AX<\/p>\n<p>Ble mae Afon Clwyd yn ymuno \u00e2\u2019r m\u00f4r, fe welwch Harbwr y Rhyl, gyda\u2019i lithrfa lansio, pont\u0175n a waliau\u2019r cei. Tu mewn adeilad yr harbwr mae caffi gwych a chanolfan beiciau lle gallwch brynu neu hurio beic. Yr uchafbwynt yw\u2019r bont beicio \/ cerdded Pont y Ddraig, sy\u2019n codi i adael i gychod basio ac mae\u2019n arwain y Llwybr Arfordir Cymru a Llwybr Beicio Cenedlaethol 5.<\/p>\n<p><a href=\"tel:01824708400\">01824 708400<\/a>[\/vc_column_text][\/vc_column_inner][vc_column_inner width=&#8221;1\/6&#8243;][\/vc_column_inner][\/vc_row_inner][vc_row_inner el_class=&#8221;visiting-info-container&#8221; el_id=&#8221;rhylfamilyfunfair&#8221;][vc_column_inner width=&#8221;1\/6&#8243;][\/vc_column_inner][vc_column_inner width=&#8221;2\/3&#8243;][vc_separator color=&#8221;black&#8221; border_width=&#8221;2&#8243; el_class=&#8221;visiting-separator&#8221;][vc_column_text]\n<h3>Ffair Hwyl i\u2019r Teulu, y Rhyl<\/h3>\n<p>Pentref y Plant<br \/>\nRhodfa\u2019r Gorllewin<br \/>\nY Rhyl<br \/>\nLL18 1HZ<\/p>\n<p>Mae 16 o reidiau sy\u2019n cynnwys dodgems a\u2019r \u201croller-coaster\u201d Nessi enwog yn adloniant i\u2019ch plant am ychydig o oriau.<\/p>\n<p><a href=\"tel:01745361235\">01745 361235<\/a>[\/vc_column_text][\/vc_column_inner][vc_column_inner width=&#8221;1\/6&#8243;][\/vc_column_inner][\/vc_row_inner][vc_row_inner el_class=&#8221;visiting-info-container&#8221; el_id=&#8221;paviliontheatre&#8221;][vc_column_inner width=&#8221;1\/6&#8243;][\/vc_column_inner][vc_column_inner width=&#8221;2\/3&#8243;][vc_separator color=&#8221;black&#8221; border_width=&#8221;2&#8243; el_class=&#8221;visiting-separator&#8221;][vc_column_text]\n<h3>Theatr y Pafiliwn<\/h3>\n<p>Rhodfa\u2019r Dwyrain<br \/>\nY Rhyl<br \/>\nLL18 3AA<\/p>\n<p>Mae Theatr y Pafiliwn wrth y m\u00f4r yn y Rhyl yn cynnal cyfuniad o gyngherddau, nosweithiau comedi a sioeau West End i blesio cynulleidfa hyd at 1,000 o bobl. I fyny\u2019r grisiau mae bwyty a bar modern 1891 sy\u2019n gweini bwyd lleol. Mae\u2019n lle gwych i fynd am bryd cyn gweld sioe a mwynhau\u2019r golygfeydd godidog o\u2019r m\u00f4r.<\/p>\n<p><a href=\"tel:01745332414\">01745 332414<\/a><br \/>\n<a href=\"https:\/\/rhylpavilion.co.uk\/cy\/hafan\/\">rhylpavilion.co.uk<\/a>[\/vc_column_text][\/vc_column_inner][vc_column_inner width=&#8221;1\/6&#8243;][\/vc_column_inner][\/vc_row_inner][vc_row_inner el_class=&#8221;visiting-info-container&#8221;][vc_column_inner width=&#8221;1\/6&#8243;][\/vc_column_inner][vc_column_inner width=&#8221;2\/3&#8243;][vc_empty_space height=&#8221;50px&#8221;][vc_column_text]\n<h2 style=\"font-size: 3em;\">Oddi ar y promen\u00e2d<\/h2>\n<p>[\/vc_column_text][\/vc_column_inner][vc_column_inner width=&#8221;1\/6&#8243;][\/vc_column_inner][\/vc_row_inner][vc_row_inner el_class=&#8221;visiting-info-container&#8221; el_id=&#8221;rhylminiaturerailway&#8221;][vc_column_inner width=&#8221;1\/6&#8243;][\/vc_column_inner][vc_column_inner width=&#8221;2\/3&#8243;][vc_separator color=&#8221;black&#8221; border_width=&#8221;2&#8243; el_class=&#8221;visiting-separator&#8221;][vc_column_text]\n<h3>Rheilffordd Fach y Rhyl<\/h3>\n<p>Gorsaf Ganolog<br \/>\nMarine Lake<br \/>\nFfordd Wellington<br \/>\nY Rhyl<\/p>\n<p>Marine Lake yw\u2019r unig lyn d\u0175r hallt yng Ngogledd Cymru. Gall ymwelwyr grwydro ar hyd llwybr natur a threftadaeth yr holl ffordd o\u2019i amgylch, neu neidio ar hen dr\u00ean st\u00eam i fwynhau rheilffordd fach hynaf Prydain. Fe ddathlwyd 100 mlwyddiant y rheilffordd yn 2011 drwy godi Gorsaf Ganolog gydag amgueddfa lle medrwch chi gogio gyrru tr\u00ean, tynnu liferi signal a chanu\u2019r clychau.<\/p>\n<p><a href=\"tel:01352759109\">01352 759109<\/a><br \/>\n<a href=\"mailto:info@rhylminiaturerailway.co.uk\">info@rhylminiaturerailway.co.uk<\/a><br \/>\n<a href=\"https:\/\/rhylminiaturerailway.co.uk\/cymraeg\/\">rhylminiaturerailway.co.uk<\/a>[\/vc_column_text][\/vc_column_inner][vc_column_inner width=&#8221;1\/6&#8243;][\/vc_column_inner][\/vc_row_inner][vc_row_inner el_class=&#8221;visiting-info-container&#8221; el_id=&#8221;marshtracks&#8221;][vc_column_inner width=&#8221;1\/6&#8243;][\/vc_column_inner][vc_column_inner width=&#8221;2\/3&#8243;][vc_separator color=&#8221;black&#8221; border_width=&#8221;2&#8243; el_class=&#8221;visiting-separator&#8221;][vc_column_text]\n<h3>Marsh Tracks<\/h3>\n<p>Marsh Road<br \/>\nY Rhyl LL18 2AD<\/p>\n<p>Mae Marsh Tracks yn ganolfan feicio yn y Rhyl sydd wedi ennill sawl gwobr wedi\u2019i leoli tu \u00f4l i Marine Lake y Rhyl. Mae\u2019n cynnwys trac beicio ffordd gylchol gaeedig 1.3km a thrac rasio BMX o safon genedlaethol sy&#8217;n cynnwys g\u00e2t gychwyn Bensink (yn union yr un fath \u00e2 thrac BMX Gemau Olympaidd 2012) a neidiau a chanteli heriol. Mae trac beicio mynydd newydd sbon wedi agor yn ddiweddar er mwyn galluogi pobl i brofi eu sgiliau.<\/p>\n<p><a href=\"tel:01745353335\">01745 353335<\/a><br \/>\n<a href=\"https:\/\/www.marshtracks.co.uk\">www.marshtracks.co.uk<\/a>[\/vc_column_text][\/vc_column_inner][vc_column_inner width=&#8221;1\/6&#8243;][\/vc_column_inner][\/vc_row_inner][vc_row_inner el_class=&#8221;visiting-info-container&#8221; el_id=&#8221;rhylmuseum&#8221;][vc_column_inner width=&#8221;1\/6&#8243;][\/vc_column_inner][vc_column_inner width=&#8221;2\/3&#8243;][vc_separator color=&#8221;black&#8221; border_width=&#8221;2&#8243; el_class=&#8221;visiting-separator&#8221;][vc_column_text]\n<h3>Amgueddfa\u2019r Rhyl<\/h3>\n<p>Church Street<br \/>\nY Rhyl LL18 3AA<\/p>\n<p>Gall ymwelwyr gerdded ar hyd pier Edwardaidd dychmygol ac edrych i mewn i giosgau yn llawn pethau gwych a rhyfeddol fel gwregysau achub, hen gadeiriau olwyn a dillad nofio o oes aur y gyrchfan. Mae\u2019n lle gwych i ddysgu mwy am yr unigolion a siapiodd y Rhyl a Phrestatyn \u2013 o adeiladwyr y baddonau Rhufeinig i arloeswyr cynnar y sinema. Orau oll, mae\u2019r cyfan am ddim.<\/p>\n<p><a href=\"tel:01745353814\">01745 353814<\/a><br \/>\n<a href=\"heritage@denbighshire.gov.uk\">heritage@denbighshire.gov.uk<\/a><br \/>\n<a href=\"https:\/\/www.denbighshire.gov.uk\/cy\/hamdden-a-thwristiaeth\/amgueddfeydd-a-thai-hanesyddol\/amgueddfar-rhyl.aspx\">www.denbighshire.gov.uk\/cy\/hamdden-a-thwristiaeth\/amgueddfeydd-a-thai-hanesyddol\/amgueddfar-rhyl.aspx<\/a>[\/vc_column_text][\/vc_column_inner][vc_column_inner width=&#8221;1\/6&#8243;][\/vc_column_inner][\/vc_row_inner][\/vc_column][vc_column width=&#8221;1\/6&#8243;][\/vc_column][\/vc_row]\n<\/div>","protected":false},"excerpt":{"rendered":"<p>[vc_row full_width=&#8221;stretch_row_content_no_spaces&#8221; css=&#8221;.vc_custom_1686072105618{margin-bottom: 80px !important;padding-right: 30px !important;padding-left: 30px !important;}&#8221;][vc_column width=&#8221;1\/6&#8243;][\/vc_column][vc_column width=&#8221;2\/3&#8243;][vc_row_inner css=&#8221;.vc_custom_1686072163842{margin-bottom: 30px !important;padding-top: 60px !important;}&#8221;][vc_column_inner width=&#8221;1\/6&#8243;][\/vc_column_inner][vc_column_inner width=&#8221;2\/3&#8243;][vc_column_text] &lt; Canllaw i ymwelwyr i\u2019r Rhyl Atyniadau Mae digon o bethau i weld ac i wneud ar y promen\u00e2d &#8211; mae parc d\u0175r gwych, acwariwm ar lan y m\u00f4r, sinema o\u2019r radd flaenaf a theatr gyda 1,000 [&hellip;]<\/p>\n","protected":false},"author":1,"featured_media":0,"parent":4190,"menu_order":0,"comment_status":"closed","ping_status":"closed","template":"page-templates\/fullwidth-without-title.php","meta":{"footnotes":""},"class_list":["post-4455","page","type-page","status-publish","hentry"],"yoast_head":"<!-- This site is optimized with the Yoast SEO plugin v23.1 - https:\/\/yoast.com\/wordpress\/plugins\/seo\/ -->\n<title>Canllaw i ymwelwyr i\u2019r Rhyl - Atyniadau - Gogledd Ddwyrain Cymru - North East Wales<\/title>\n<meta name=\"robots\" content=\"index, follow, max-snippet:-1, max-image-preview:large, max-video-preview:-1\" \/>\n<link rel=\"canonical\" href=\"https:\/\/www.northeastwales.wales\/cy\/canllaw-i-ymwelwyr-ir-rhyl\/visitors-guide-to-rhyl-attractions\/\" \/>\n<meta property=\"og:locale\" content=\"cy_GB\" \/>\n<meta property=\"og:type\" content=\"article\" \/>\n<meta property=\"og:title\" content=\"Canllaw i ymwelwyr i\u2019r Rhyl - Atyniadau - Gogledd Ddwyrain Cymru - North East Wales\" \/>\n<meta property=\"og:description\" content=\"[vc_row full_width=&#8221;stretch_row_content_no_spaces&#8221; css=&#8221;.vc_custom_1686072105618{margin-bottom: 80px !important;padding-right: 30px !important;padding-left: 30px !important;}&#8221;][vc_column width=&#8221;1\/6&#8243;][\/vc_column][vc_column width=&#8221;2\/3&#8243;][vc_row_inner css=&#8221;.vc_custom_1686072163842{margin-bottom: 30px !important;padding-top: 60px !important;}&#8221;][vc_column_inner width=&#8221;1\/6&#8243;][\/vc_column_inner][vc_column_inner width=&#8221;2\/3&#8243;][vc_column_text] &lt; Canllaw i ymwelwyr i\u2019r Rhyl Atyniadau Mae digon o bethau i weld ac i wneud ar y promen\u00e2d &#8211; mae parc d\u0175r gwych, acwariwm ar lan y m\u00f4r, sinema o\u2019r radd flaenaf a theatr gyda 1,000 [&hellip;]\" \/>\n<meta property=\"og:url\" content=\"https:\/\/www.northeastwales.wales\/cy\/canllaw-i-ymwelwyr-ir-rhyl\/visitors-guide-to-rhyl-attractions\/\" \/>\n<meta property=\"og:site_name\" content=\"Gogledd Ddwyrain Cymru - North East Wales\" \/>\n<meta property=\"article:publisher\" content=\"https:\/\/www.facebook.com\/NthEastWales\/\" \/>\n<meta property=\"article:modified_time\" content=\"2025-02-12T14:44:49+00:00\" \/>\n<meta name=\"twitter:card\" content=\"summary_large_image\" \/>\n<meta name=\"twitter:site\" content=\"@ntheastwales\" \/>\n<meta name=\"twitter:label1\" content=\"Est. reading time\" \/>\n\t<meta name=\"twitter:data1\" content=\"4 minutes\" \/>\n<script type=\"application\/ld+json\" class=\"yoast-schema-graph\">{\"@context\":\"https:\/\/schema.org\",\"@graph\":[{\"@type\":\"WebPage\",\"@id\":\"https:\/\/www.northeastwales.wales\/cy\/canllaw-i-ymwelwyr-ir-rhyl\/visitors-guide-to-rhyl-attractions\/\",\"url\":\"https:\/\/www.northeastwales.wales\/cy\/canllaw-i-ymwelwyr-ir-rhyl\/visitors-guide-to-rhyl-attractions\/\",\"name\":\"Canllaw i ymwelwyr i\u2019r Rhyl - Atyniadau - Gogledd Ddwyrain Cymru - North East Wales\",\"isPartOf\":{\"@id\":\"https:\/\/www.northeastwales.wales\/#website\"},\"datePublished\":\"2023-06-10T12:11:05+00:00\",\"dateModified\":\"2025-02-12T14:44:49+00:00\",\"breadcrumb\":{\"@id\":\"https:\/\/www.northeastwales.wales\/cy\/canllaw-i-ymwelwyr-ir-rhyl\/visitors-guide-to-rhyl-attractions\/#breadcrumb\"},\"inLanguage\":\"cy-GB\",\"potentialAction\":[{\"@type\":\"ReadAction\",\"target\":[\"https:\/\/www.northeastwales.wales\/cy\/canllaw-i-ymwelwyr-ir-rhyl\/visitors-guide-to-rhyl-attractions\/\"]}]},{\"@type\":\"BreadcrumbList\",\"@id\":\"https:\/\/www.northeastwales.wales\/cy\/canllaw-i-ymwelwyr-ir-rhyl\/visitors-guide-to-rhyl-attractions\/#breadcrumb\",\"itemListElement\":[{\"@type\":\"ListItem\",\"position\":1,\"name\":\"Home\",\"item\":\"https:\/\/www.northeastwales.wales\/cy\/\"},{\"@type\":\"ListItem\",\"position\":2,\"name\":\"Canllaw i ymwelwyr i\u2019r Rhyl\",\"item\":\"https:\/\/www.northeastwales.wales\/cy\/canllaw-i-ymwelwyr-ir-rhyl\/\"},{\"@type\":\"ListItem\",\"position\":3,\"name\":\"Canllaw i ymwelwyr i\u2019r Rhyl &#8211; Atyniadau\"}]},{\"@type\":\"WebSite\",\"@id\":\"https:\/\/www.northeastwales.wales\/#website\",\"url\":\"https:\/\/www.northeastwales.wales\/\",\"name\":\"Gogledd Ddwyrain Cymru - North East Wales\",\"description\":\"Things to do, events and holiday ideas in North East Wales\",\"publisher\":{\"@id\":\"https:\/\/www.northeastwales.wales\/#organization\"},\"potentialAction\":[{\"@type\":\"SearchAction\",\"target\":{\"@type\":\"EntryPoint\",\"urlTemplate\":\"https:\/\/www.northeastwales.wales\/?s={search_term_string}\"},\"query-input\":\"required name=search_term_string\"}],\"inLanguage\":\"cy-GB\"},{\"@type\":\"Organization\",\"@id\":\"https:\/\/www.northeastwales.wales\/#organization\",\"name\":\"North East Wales\",\"url\":\"https:\/\/www.northeastwales.wales\/\",\"logo\":{\"@type\":\"ImageObject\",\"inLanguage\":\"cy-GB\",\"@id\":\"https:\/\/www.northeastwales.wales\/#\/schema\/logo\/image\/\",\"url\":\"https:\/\/www.northeastwales.wales\/wp-content\/uploads\/2022\/02\/newales-home-logo-blue.jpg\",\"contentUrl\":\"https:\/\/www.northeastwales.wales\/wp-content\/uploads\/2022\/02\/newales-home-logo-blue.jpg\",\"width\":546,\"height\":188,\"caption\":\"North East Wales\"},\"image\":{\"@id\":\"https:\/\/www.northeastwales.wales\/#\/schema\/logo\/image\/\"},\"sameAs\":[\"https:\/\/www.facebook.com\/NthEastWales\/\",\"https:\/\/x.com\/ntheastwales\",\"https:\/\/www.instagram.com\/gogledddcymru_northeastwales\/\",\"https:\/\/www.youtube.com\/channel\/UCtuuRbGlGvAArd7X1AC1fLQ\"]}]}<\/script>\n<!-- \/ Yoast SEO plugin. -->","yoast_head_json":{"title":"Canllaw i ymwelwyr i\u2019r Rhyl - Atyniadau - Gogledd Ddwyrain Cymru - North East Wales","robots":{"index":"index","follow":"follow","max-snippet":"max-snippet:-1","max-image-preview":"max-image-preview:large","max-video-preview":"max-video-preview:-1"},"canonical":"https:\/\/www.northeastwales.wales\/cy\/canllaw-i-ymwelwyr-ir-rhyl\/visitors-guide-to-rhyl-attractions\/","og_locale":"cy_GB","og_type":"article","og_title":"Canllaw i ymwelwyr i\u2019r Rhyl - Atyniadau - Gogledd Ddwyrain Cymru - North East Wales","og_description":"[vc_row full_width=&#8221;stretch_row_content_no_spaces&#8221; css=&#8221;.vc_custom_1686072105618{margin-bottom: 80px !important;padding-right: 30px !important;padding-left: 30px !important;}&#8221;][vc_column width=&#8221;1\/6&#8243;][\/vc_column][vc_column width=&#8221;2\/3&#8243;][vc_row_inner css=&#8221;.vc_custom_1686072163842{margin-bottom: 30px !important;padding-top: 60px !important;}&#8221;][vc_column_inner width=&#8221;1\/6&#8243;][\/vc_column_inner][vc_column_inner width=&#8221;2\/3&#8243;][vc_column_text] &lt; Canllaw i ymwelwyr i\u2019r Rhyl Atyniadau Mae digon o bethau i weld ac i wneud ar y promen\u00e2d &#8211; mae parc d\u0175r gwych, acwariwm ar lan y m\u00f4r, sinema o\u2019r radd flaenaf a theatr gyda 1,000 [&hellip;]","og_url":"https:\/\/www.northeastwales.wales\/cy\/canllaw-i-ymwelwyr-ir-rhyl\/visitors-guide-to-rhyl-attractions\/","og_site_name":"Gogledd Ddwyrain Cymru - North East Wales","article_publisher":"https:\/\/www.facebook.com\/NthEastWales\/","article_modified_time":"2025-02-12T14:44:49+00:00","twitter_card":"summary_large_image","twitter_site":"@ntheastwales","twitter_misc":{"Est. reading time":"4 minutes"},"schema":{"@context":"https:\/\/schema.org","@graph":[{"@type":"WebPage","@id":"https:\/\/www.northeastwales.wales\/cy\/canllaw-i-ymwelwyr-ir-rhyl\/visitors-guide-to-rhyl-attractions\/","url":"https:\/\/www.northeastwales.wales\/cy\/canllaw-i-ymwelwyr-ir-rhyl\/visitors-guide-to-rhyl-attractions\/","name":"Canllaw i ymwelwyr i\u2019r Rhyl - Atyniadau - Gogledd Ddwyrain Cymru - North East Wales","isPartOf":{"@id":"https:\/\/www.northeastwales.wales\/#website"},"datePublished":"2023-06-10T12:11:05+00:00","dateModified":"2025-02-12T14:44:49+00:00","breadcrumb":{"@id":"https:\/\/www.northeastwales.wales\/cy\/canllaw-i-ymwelwyr-ir-rhyl\/visitors-guide-to-rhyl-attractions\/#breadcrumb"},"inLanguage":"cy-GB","potentialAction":[{"@type":"ReadAction","target":["https:\/\/www.northeastwales.wales\/cy\/canllaw-i-ymwelwyr-ir-rhyl\/visitors-guide-to-rhyl-attractions\/"]}]},{"@type":"BreadcrumbList","@id":"https:\/\/www.northeastwales.wales\/cy\/canllaw-i-ymwelwyr-ir-rhyl\/visitors-guide-to-rhyl-attractions\/#breadcrumb","itemListElement":[{"@type":"ListItem","position":1,"name":"Home","item":"https:\/\/www.northeastwales.wales\/cy\/"},{"@type":"ListItem","position":2,"name":"Canllaw i ymwelwyr i\u2019r Rhyl","item":"https:\/\/www.northeastwales.wales\/cy\/canllaw-i-ymwelwyr-ir-rhyl\/"},{"@type":"ListItem","position":3,"name":"Canllaw i ymwelwyr i\u2019r Rhyl &#8211; Atyniadau"}]},{"@type":"WebSite","@id":"https:\/\/www.northeastwales.wales\/#website","url":"https:\/\/www.northeastwales.wales\/","name":"Gogledd Ddwyrain Cymru - North East Wales","description":"Things to do, events and holiday ideas in North East Wales","publisher":{"@id":"https:\/\/www.northeastwales.wales\/#organization"},"potentialAction":[{"@type":"SearchAction","target":{"@type":"EntryPoint","urlTemplate":"https:\/\/www.northeastwales.wales\/?s={search_term_string}"},"query-input":"required name=search_term_string"}],"inLanguage":"cy-GB"},{"@type":"Organization","@id":"https:\/\/www.northeastwales.wales\/#organization","name":"North East Wales","url":"https:\/\/www.northeastwales.wales\/","logo":{"@type":"ImageObject","inLanguage":"cy-GB","@id":"https:\/\/www.northeastwales.wales\/#\/schema\/logo\/image\/","url":"https:\/\/www.northeastwales.wales\/wp-content\/uploads\/2022\/02\/newales-home-logo-blue.jpg","contentUrl":"https:\/\/www.northeastwales.wales\/wp-content\/uploads\/2022\/02\/newales-home-logo-blue.jpg","width":546,"height":188,"caption":"North East Wales"},"image":{"@id":"https:\/\/www.northeastwales.wales\/#\/schema\/logo\/image\/"},"sameAs":["https:\/\/www.facebook.com\/NthEastWales\/","https:\/\/x.com\/ntheastwales","https:\/\/www.instagram.com\/gogledddcymru_northeastwales\/","https:\/\/www.youtube.com\/channel\/UCtuuRbGlGvAArd7X1AC1fLQ"]}]}},"_links":{"self":[{"href":"https:\/\/www.northeastwales.wales\/cy\/wp-json\/wp\/v2\/pages\/4455","targetHints":{"allow":["GET"]}}],"collection":[{"href":"https:\/\/www.northeastwales.wales\/cy\/wp-json\/wp\/v2\/pages"}],"about":[{"href":"https:\/\/www.northeastwales.wales\/cy\/wp-json\/wp\/v2\/types\/page"}],"author":[{"embeddable":true,"href":"https:\/\/www.northeastwales.wales\/cy\/wp-json\/wp\/v2\/users\/1"}],"replies":[{"embeddable":true,"href":"https:\/\/www.northeastwales.wales\/cy\/wp-json\/wp\/v2\/comments?post=4455"}],"version-history":[{"count":16,"href":"https:\/\/www.northeastwales.wales\/cy\/wp-json\/wp\/v2\/pages\/4455\/revisions"}],"predecessor-version":[{"id":7188,"href":"https:\/\/www.northeastwales.wales\/cy\/wp-json\/wp\/v2\/pages\/4455\/revisions\/7188"}],"up":[{"embeddable":true,"href":"https:\/\/www.northeastwales.wales\/cy\/wp-json\/wp\/v2\/pages\/4190"}],"wp:attachment":[{"href":"https:\/\/www.northeastwales.wales\/cy\/wp-json\/wp\/v2\/media?parent=4455"}],"curies":[{"name":"wp","href":"https:\/\/api.w.org\/{rel}","templated":true}]}}