{"id":4457,"date":"2023-06-10T13:28:51","date_gmt":"2023-06-10T12:28:51","guid":{"rendered":"https:\/\/www.northeastwales.wales\/visitors-guide-to-rhyl\/visitors-guide-to-rhyl-exploring-the-seafront\/"},"modified":"2024-01-02T12:06:01","modified_gmt":"2024-01-02T12:06:01","slug":"visitors-guide-to-rhyl-exploring-the-seafront","status":"publish","type":"page","link":"https:\/\/www.northeastwales.wales\/cy\/canllaw-i-ymwelwyr-ir-rhyl\/visitors-guide-to-rhyl-exploring-the-seafront\/","title":{"rendered":"Canllaw i ymwelwyr i\u2019r Rhyl &#8211; Archwilio glan y m\u00f4r"},"content":{"rendered":"<div class=\"wpb-content-wrapper\"><p>[vc_row full_width=&#8221;stretch_row_content_no_spaces&#8221; css=&#8221;.vc_custom_1686072105618{margin-bottom: 80px !important;padding-right: 30px !important;padding-left: 30px !important;}&#8221;][vc_column width=&#8221;1\/6&#8243;][\/vc_column][vc_column width=&#8221;2\/3&#8243;][vc_row_inner css=&#8221;.vc_custom_1686072163842{margin-bottom: 30px !important;padding-top: 60px !important;}&#8221;][vc_column_inner width=&#8221;1\/6&#8243;][\/vc_column_inner][vc_column_inner width=&#8221;2\/3&#8243;][vc_column_text]\n<h1 class=\"visiting-rhyl\"><a href=\"https:\/\/www.northeastwales.wales\/cy\/visitors-guide-to-rhyl\/\">&lt; Canllaw i ymwelwyr i\u2019r Rhyl<\/a><\/h1>\n<h2 class=\"visiting-rhyl\">Archwilio glan y m\u00f4r<\/h2>\n<p class=\"main-header__subtitle\" style=\"margin-bottom: 30px;\">Mae pethau da angen eu diogelu. Mae\u2019r Rhyl wedi bod yn gyrchfan glan m\u00f4r enwog ers y cyfnod Fictoraidd. Mae dal yn denu miloedd o ymwelwyr bob blwyddyn i\u2019w draethau hyfryd ac atyniadau bywiog gan gynnwys y parc d\u0175r SC2.<\/p>\n<p class=\"main-header__subtitle\" style=\"margin-bottom: 30px;\">Ond yn sgil newid hinsawdd ac amddiffynfeydd m\u00f4r sy\u2019n heneiddio, mae\u2019r dref yn agored i lifogydd. Bellach mae cynllun amddiffyn arfordir aml-filiwn ar y gweill. Bydd yn gwella golygfeydd o\u2019r m\u00f4r, yn ei gwneud yn haws i gyrraedd y traethau euraidd a gwneud promen\u00e2d ysblennydd y Rhyl yn fwy dramatig nag erioed.<\/p>\n<p class=\"main-header__subtitle\">Ac yn well fyth, bydd yn cadw\u2019r dref yn ddiogel ar gyfer cenedlaethau\u2019r dyfodol. Mae\u2019n dasg enfawr ac mae\u2019n golygu y bydd rhannau o\u2019r promen\u00e2d ar gau am gyfnod. Ond gallwch dal gyrraedd y traethau &#8211; ac mae\u2019r atyniadau gwych a llefydd i fwyta ar lan y m\u00f4r yn agored ac yn croesawu ymwelwyr.<\/p>\n<p>[\/vc_column_text][\/vc_column_inner][vc_column_inner width=&#8221;1\/6&#8243;][\/vc_column_inner][\/vc_row_inner][vc_row_inner el_class=&#8221;visiting-info-container&#8221;][vc_column_inner width=&#8221;1\/6&#8243;][\/vc_column_inner][vc_column_inner width=&#8221;2\/3&#8243;][vc_column_text]\n<h2 style=\"font-size: 3em;\">Beth yn union sy\u2019n digwydd?<\/h2>\n<p>[\/vc_column_text][\/vc_column_inner][vc_column_inner width=&#8221;1\/6&#8243;][\/vc_column_inner][\/vc_row_inner][vc_row_inner el_class=&#8221;visiting-info-container&#8221;][vc_column_inner width=&#8221;1\/6&#8243;][\/vc_column_inner][vc_column_inner width=&#8221;2\/3&#8243;][vc_column_text]Mae <a href=\"https:\/\/www.denbighshire.gov.uk\/cy\/cymunedau-a-byw\/amddifyn-yr-arfordir\/canol-y-rhyl\/canol-y-rhyl.aspx\">Cynllun Amddiffyn yr Arfordir Canol y Rhyl<\/a> yn cwmpasu tua 2km o hyd o Splash Point i\u2019r gorllewin i du draw\u2019r cwrs Crazy Golf gyferbyn \u00e2 John Street.<\/p>\n<p>Mae wedi ei rannu i ddwy ran:<\/p>\n<ul>\n<li>Rhan ddwyreiniol o Splash Point i&#8217;r Arena Digwyddiadau.the Events Arena Yma fydd clogfeini mawr yn diogelu\u2019r amddiffynfeydd presennol, sydd wedi eu claddu o dan lefel y traeth presennol, gyda llwybrau cerdded drwy\u2019r cerrig at y tywod. Dylai fod wedi\u2019i gwblhau erbyn tua mis Mawrth 2024.<\/li>\n<li>Y rhan orllewinol yr Arena Digwyddiadau gyferbyn \u00e2 John Street. Bydd hyn yn cynnwys wal gynnal a wal m\u00f4r newydd. Bydd y promen\u00e2d yn cael ei godi a\u2019i lledu, a bydd mynediad gwell i\u2019r traeth drwy risiau a ramp. Dylai\u2019r cyfan fod yn barod erbyn mis Hydref 2025.<\/li>\n<\/ul>\n<p>[\/vc_column_text][\/vc_column_inner][vc_column_inner width=&#8221;1\/6&#8243;][\/vc_column_inner][\/vc_row_inner][vc_row_inner el_class=&#8221;visiting-info-container&#8221;][vc_column_inner width=&#8221;1\/6&#8243;][\/vc_column_inner][vc_column_inner width=&#8221;2\/3&#8243;][vc_column_text]\n<h2 style=\"font-size: 3em;\">Lle fydd y promen\u00e2d ar gau?<\/h2>\n<p>[\/vc_column_text][\/vc_column_inner][vc_column_inner width=&#8221;1\/6&#8243;][\/vc_column_inner][\/vc_row_inner][vc_row_inner el_class=&#8221;visiting-info-container&#8221;][vc_column_inner width=&#8221;1\/6&#8243;][\/vc_column_inner][vc_column_inner width=&#8221;2\/3&#8243;][vc_column_text]Ar hyn o bryd mae\u2019r promen\u00e2d ar gau ar y rhan ddwyreiniol rhwng Old Golf Road a Maes Parcio\u2019r Pafiliwn.<\/p>\n<p>Ar yr ochr orllewinol, mae wedi cau rhwng Butterton Road a\u2019r Arena Digwyddiadau.<\/p>\n<p>Bydd y rhan o\u2019r promen\u00e2d sydd wedi\u2019i gau rhwng maes parcio\u2019r Pafiliwn ag Old Golf Road er mwyn cwblhau\u2019r gwaith i amddiffyn yr arfordir bellach yn agor ar benwythnosau wedi i gatiau diogelwch newydd gael eu gosod.<\/p>\n<p>Bydd hyn yn caniat\u00e1u mynediad di-dor i feicwyr a cherddwyr rhwng Splash Point a&#8217;r Arena Digwyddiadau.<\/p>\n<p>Bydd angen mynediad i&#8217;r prom ar gyfer peiriannau trwm o hyd yn ystod yr wythnos waith, gan gynnwys oriau gwaith llanw, felly bydd y gatiau ar gau o ddydd Llun i ddydd Gwener.<\/p>\n<p>Gellir cyrraedd y traeth o orllewin Butterton Road a thu \u00f4l i&#8217;r arena digwyddiadau.<\/p>\n<p>Mae llawer o arwyddion i\u2019ch helpu i ddod o hyd i\u2019ch ffordd. Efallai bydd arnoch angen mynd ar ddargyfeiriad gwahanol ond mae\u2019n ffordd dda o ddod o hyd i atyniadau gwahanol a llefydd i fwyta ar hyd Rhodfa\u2019r Dwyrain, Rhodfa\u2019r Gorllewin ac i mewn i ganol dref.[\/vc_column_text][\/vc_column_inner][vc_column_inner width=&#8221;1\/6&#8243;][\/vc_column_inner][\/vc_row_inner][vc_row_inner el_class=&#8221;visiting-info-container&#8221;][vc_column_inner width=&#8221;1\/6&#8243;][\/vc_column_inner][vc_column_inner width=&#8221;2\/3&#8243;][vc_column_text]\n<h2 style=\"font-size: 3em;\">Beth am y traethau?<\/h2>\n<p>[\/vc_column_text][\/vc_column_inner][vc_column_inner width=&#8221;1\/6&#8243;][\/vc_column_inner][\/vc_row_inner][vc_row_inner el_class=&#8221;visiting-info-container&#8221;][vc_column_inner width=&#8221;1\/6&#8243;][\/vc_column_inner][vc_column_inner width=&#8221;2\/3&#8243;][vc_column_text]Bydd contractwyr Balfour Beatty yn gweithio ar y traethau pan fydd y llanw a thrai yn caniat\u00e1u, Bydd eu t\u00eem o farsaliaid yn diogelu pawb a sicrhau bod y rhan fwyaf o\u2019r traeth yn parhau yn hygyrch i bawb.[\/vc_column_text][\/vc_column_inner][vc_column_inner width=&#8221;1\/6&#8243;][\/vc_column_inner][\/vc_row_inner][\/vc_column][vc_column width=&#8221;1\/6&#8243;][\/vc_column][\/vc_row]\n<\/div>","protected":false},"excerpt":{"rendered":"<p>[vc_row full_width=&#8221;stretch_row_content_no_spaces&#8221; css=&#8221;.vc_custom_1686072105618{margin-bottom: 80px !important;padding-right: 30px !important;padding-left: 30px !important;}&#8221;][vc_column width=&#8221;1\/6&#8243;][\/vc_column][vc_column width=&#8221;2\/3&#8243;][vc_row_inner css=&#8221;.vc_custom_1686072163842{margin-bottom: 30px !important;padding-top: 60px !important;}&#8221;][vc_column_inner width=&#8221;1\/6&#8243;][\/vc_column_inner][vc_column_inner width=&#8221;2\/3&#8243;][vc_column_text] &lt; Canllaw i ymwelwyr i\u2019r Rhyl Archwilio glan y m\u00f4r Mae pethau da angen eu diogelu. Mae\u2019r Rhyl wedi bod yn gyrchfan glan m\u00f4r enwog ers y cyfnod Fictoraidd. Mae dal yn denu miloedd o ymwelwyr bob [&hellip;]<\/p>\n","protected":false},"author":1,"featured_media":0,"parent":4190,"menu_order":0,"comment_status":"closed","ping_status":"closed","template":"page-templates\/fullwidth-without-title.php","meta":{"footnotes":""},"class_list":["post-4457","page","type-page","status-publish","hentry"],"yoast_head":"<!-- This site is optimized with the Yoast SEO plugin v23.1 - https:\/\/yoast.com\/wordpress\/plugins\/seo\/ -->\n<title>Canllaw i ymwelwyr i\u2019r Rhyl - Archwilio glan y m\u00f4r - Gogledd Ddwyrain Cymru - North East Wales<\/title>\n<meta name=\"robots\" content=\"index, follow, max-snippet:-1, max-image-preview:large, max-video-preview:-1\" \/>\n<link rel=\"canonical\" href=\"https:\/\/www.northeastwales.wales\/cy\/canllaw-i-ymwelwyr-ir-rhyl\/visitors-guide-to-rhyl-exploring-the-seafront\/\" \/>\n<meta property=\"og:locale\" content=\"cy_GB\" \/>\n<meta property=\"og:type\" content=\"article\" \/>\n<meta property=\"og:title\" content=\"Canllaw i ymwelwyr i\u2019r Rhyl - Archwilio glan y m\u00f4r - Gogledd Ddwyrain Cymru - North East Wales\" \/>\n<meta property=\"og:description\" content=\"[vc_row full_width=&#8221;stretch_row_content_no_spaces&#8221; css=&#8221;.vc_custom_1686072105618{margin-bottom: 80px !important;padding-right: 30px !important;padding-left: 30px !important;}&#8221;][vc_column width=&#8221;1\/6&#8243;][\/vc_column][vc_column width=&#8221;2\/3&#8243;][vc_row_inner css=&#8221;.vc_custom_1686072163842{margin-bottom: 30px !important;padding-top: 60px !important;}&#8221;][vc_column_inner width=&#8221;1\/6&#8243;][\/vc_column_inner][vc_column_inner width=&#8221;2\/3&#8243;][vc_column_text] &lt; Canllaw i ymwelwyr i\u2019r Rhyl Archwilio glan y m\u00f4r Mae pethau da angen eu diogelu. Mae\u2019r Rhyl wedi bod yn gyrchfan glan m\u00f4r enwog ers y cyfnod Fictoraidd. Mae dal yn denu miloedd o ymwelwyr bob [&hellip;]\" \/>\n<meta property=\"og:url\" content=\"https:\/\/www.northeastwales.wales\/cy\/canllaw-i-ymwelwyr-ir-rhyl\/visitors-guide-to-rhyl-exploring-the-seafront\/\" \/>\n<meta property=\"og:site_name\" content=\"Gogledd Ddwyrain Cymru - North East Wales\" \/>\n<meta property=\"article:publisher\" content=\"https:\/\/www.facebook.com\/NthEastWales\/\" \/>\n<meta property=\"article:modified_time\" content=\"2024-01-02T12:06:01+00:00\" \/>\n<meta name=\"twitter:card\" content=\"summary_large_image\" \/>\n<meta name=\"twitter:site\" content=\"@ntheastwales\" \/>\n<meta name=\"twitter:label1\" content=\"Est. reading time\" \/>\n\t<meta name=\"twitter:data1\" content=\"3 minutes\" \/>\n<script type=\"application\/ld+json\" class=\"yoast-schema-graph\">{\"@context\":\"https:\/\/schema.org\",\"@graph\":[{\"@type\":\"WebPage\",\"@id\":\"https:\/\/www.northeastwales.wales\/cy\/canllaw-i-ymwelwyr-ir-rhyl\/visitors-guide-to-rhyl-exploring-the-seafront\/\",\"url\":\"https:\/\/www.northeastwales.wales\/cy\/canllaw-i-ymwelwyr-ir-rhyl\/visitors-guide-to-rhyl-exploring-the-seafront\/\",\"name\":\"Canllaw i ymwelwyr i\u2019r Rhyl - Archwilio glan y m\u00f4r - Gogledd Ddwyrain Cymru - North East Wales\",\"isPartOf\":{\"@id\":\"https:\/\/www.northeastwales.wales\/#website\"},\"datePublished\":\"2023-06-10T12:28:51+00:00\",\"dateModified\":\"2024-01-02T12:06:01+00:00\",\"breadcrumb\":{\"@id\":\"https:\/\/www.northeastwales.wales\/cy\/canllaw-i-ymwelwyr-ir-rhyl\/visitors-guide-to-rhyl-exploring-the-seafront\/#breadcrumb\"},\"inLanguage\":\"cy-GB\",\"potentialAction\":[{\"@type\":\"ReadAction\",\"target\":[\"https:\/\/www.northeastwales.wales\/cy\/canllaw-i-ymwelwyr-ir-rhyl\/visitors-guide-to-rhyl-exploring-the-seafront\/\"]}]},{\"@type\":\"BreadcrumbList\",\"@id\":\"https:\/\/www.northeastwales.wales\/cy\/canllaw-i-ymwelwyr-ir-rhyl\/visitors-guide-to-rhyl-exploring-the-seafront\/#breadcrumb\",\"itemListElement\":[{\"@type\":\"ListItem\",\"position\":1,\"name\":\"Home\",\"item\":\"https:\/\/www.northeastwales.wales\/cy\/\"},{\"@type\":\"ListItem\",\"position\":2,\"name\":\"Canllaw i ymwelwyr i\u2019r Rhyl\",\"item\":\"https:\/\/www.northeastwales.wales\/cy\/canllaw-i-ymwelwyr-ir-rhyl\/\"},{\"@type\":\"ListItem\",\"position\":3,\"name\":\"Canllaw i ymwelwyr i\u2019r Rhyl &#8211; Archwilio glan y m\u00f4r\"}]},{\"@type\":\"WebSite\",\"@id\":\"https:\/\/www.northeastwales.wales\/#website\",\"url\":\"https:\/\/www.northeastwales.wales\/\",\"name\":\"Gogledd Ddwyrain Cymru - North East Wales\",\"description\":\"Things to do, events and holiday ideas in North East Wales\",\"publisher\":{\"@id\":\"https:\/\/www.northeastwales.wales\/#organization\"},\"potentialAction\":[{\"@type\":\"SearchAction\",\"target\":{\"@type\":\"EntryPoint\",\"urlTemplate\":\"https:\/\/www.northeastwales.wales\/?s={search_term_string}\"},\"query-input\":\"required name=search_term_string\"}],\"inLanguage\":\"cy-GB\"},{\"@type\":\"Organization\",\"@id\":\"https:\/\/www.northeastwales.wales\/#organization\",\"name\":\"North East Wales\",\"url\":\"https:\/\/www.northeastwales.wales\/\",\"logo\":{\"@type\":\"ImageObject\",\"inLanguage\":\"cy-GB\",\"@id\":\"https:\/\/www.northeastwales.wales\/#\/schema\/logo\/image\/\",\"url\":\"https:\/\/www.northeastwales.wales\/wp-content\/uploads\/2022\/02\/newales-home-logo-blue.jpg\",\"contentUrl\":\"https:\/\/www.northeastwales.wales\/wp-content\/uploads\/2022\/02\/newales-home-logo-blue.jpg\",\"width\":546,\"height\":188,\"caption\":\"North East Wales\"},\"image\":{\"@id\":\"https:\/\/www.northeastwales.wales\/#\/schema\/logo\/image\/\"},\"sameAs\":[\"https:\/\/www.facebook.com\/NthEastWales\/\",\"https:\/\/x.com\/ntheastwales\",\"https:\/\/www.instagram.com\/gogledddcymru_northeastwales\/\",\"https:\/\/www.youtube.com\/channel\/UCtuuRbGlGvAArd7X1AC1fLQ\"]}]}<\/script>\n<!-- \/ Yoast SEO plugin. -->","yoast_head_json":{"title":"Canllaw i ymwelwyr i\u2019r Rhyl - Archwilio glan y m\u00f4r - Gogledd Ddwyrain Cymru - North East Wales","robots":{"index":"index","follow":"follow","max-snippet":"max-snippet:-1","max-image-preview":"max-image-preview:large","max-video-preview":"max-video-preview:-1"},"canonical":"https:\/\/www.northeastwales.wales\/cy\/canllaw-i-ymwelwyr-ir-rhyl\/visitors-guide-to-rhyl-exploring-the-seafront\/","og_locale":"cy_GB","og_type":"article","og_title":"Canllaw i ymwelwyr i\u2019r Rhyl - Archwilio glan y m\u00f4r - Gogledd Ddwyrain Cymru - North East Wales","og_description":"[vc_row full_width=&#8221;stretch_row_content_no_spaces&#8221; css=&#8221;.vc_custom_1686072105618{margin-bottom: 80px !important;padding-right: 30px !important;padding-left: 30px !important;}&#8221;][vc_column width=&#8221;1\/6&#8243;][\/vc_column][vc_column width=&#8221;2\/3&#8243;][vc_row_inner css=&#8221;.vc_custom_1686072163842{margin-bottom: 30px !important;padding-top: 60px !important;}&#8221;][vc_column_inner width=&#8221;1\/6&#8243;][\/vc_column_inner][vc_column_inner width=&#8221;2\/3&#8243;][vc_column_text] &lt; Canllaw i ymwelwyr i\u2019r Rhyl Archwilio glan y m\u00f4r Mae pethau da angen eu diogelu. Mae\u2019r Rhyl wedi bod yn gyrchfan glan m\u00f4r enwog ers y cyfnod Fictoraidd. Mae dal yn denu miloedd o ymwelwyr bob [&hellip;]","og_url":"https:\/\/www.northeastwales.wales\/cy\/canllaw-i-ymwelwyr-ir-rhyl\/visitors-guide-to-rhyl-exploring-the-seafront\/","og_site_name":"Gogledd Ddwyrain Cymru - North East Wales","article_publisher":"https:\/\/www.facebook.com\/NthEastWales\/","article_modified_time":"2024-01-02T12:06:01+00:00","twitter_card":"summary_large_image","twitter_site":"@ntheastwales","twitter_misc":{"Est. reading time":"3 minutes"},"schema":{"@context":"https:\/\/schema.org","@graph":[{"@type":"WebPage","@id":"https:\/\/www.northeastwales.wales\/cy\/canllaw-i-ymwelwyr-ir-rhyl\/visitors-guide-to-rhyl-exploring-the-seafront\/","url":"https:\/\/www.northeastwales.wales\/cy\/canllaw-i-ymwelwyr-ir-rhyl\/visitors-guide-to-rhyl-exploring-the-seafront\/","name":"Canllaw i ymwelwyr i\u2019r Rhyl - Archwilio glan y m\u00f4r - Gogledd Ddwyrain Cymru - North East Wales","isPartOf":{"@id":"https:\/\/www.northeastwales.wales\/#website"},"datePublished":"2023-06-10T12:28:51+00:00","dateModified":"2024-01-02T12:06:01+00:00","breadcrumb":{"@id":"https:\/\/www.northeastwales.wales\/cy\/canllaw-i-ymwelwyr-ir-rhyl\/visitors-guide-to-rhyl-exploring-the-seafront\/#breadcrumb"},"inLanguage":"cy-GB","potentialAction":[{"@type":"ReadAction","target":["https:\/\/www.northeastwales.wales\/cy\/canllaw-i-ymwelwyr-ir-rhyl\/visitors-guide-to-rhyl-exploring-the-seafront\/"]}]},{"@type":"BreadcrumbList","@id":"https:\/\/www.northeastwales.wales\/cy\/canllaw-i-ymwelwyr-ir-rhyl\/visitors-guide-to-rhyl-exploring-the-seafront\/#breadcrumb","itemListElement":[{"@type":"ListItem","position":1,"name":"Home","item":"https:\/\/www.northeastwales.wales\/cy\/"},{"@type":"ListItem","position":2,"name":"Canllaw i ymwelwyr i\u2019r Rhyl","item":"https:\/\/www.northeastwales.wales\/cy\/canllaw-i-ymwelwyr-ir-rhyl\/"},{"@type":"ListItem","position":3,"name":"Canllaw i ymwelwyr i\u2019r Rhyl &#8211; Archwilio glan y m\u00f4r"}]},{"@type":"WebSite","@id":"https:\/\/www.northeastwales.wales\/#website","url":"https:\/\/www.northeastwales.wales\/","name":"Gogledd Ddwyrain Cymru - North East Wales","description":"Things to do, events and holiday ideas in North East Wales","publisher":{"@id":"https:\/\/www.northeastwales.wales\/#organization"},"potentialAction":[{"@type":"SearchAction","target":{"@type":"EntryPoint","urlTemplate":"https:\/\/www.northeastwales.wales\/?s={search_term_string}"},"query-input":"required name=search_term_string"}],"inLanguage":"cy-GB"},{"@type":"Organization","@id":"https:\/\/www.northeastwales.wales\/#organization","name":"North East Wales","url":"https:\/\/www.northeastwales.wales\/","logo":{"@type":"ImageObject","inLanguage":"cy-GB","@id":"https:\/\/www.northeastwales.wales\/#\/schema\/logo\/image\/","url":"https:\/\/www.northeastwales.wales\/wp-content\/uploads\/2022\/02\/newales-home-logo-blue.jpg","contentUrl":"https:\/\/www.northeastwales.wales\/wp-content\/uploads\/2022\/02\/newales-home-logo-blue.jpg","width":546,"height":188,"caption":"North East Wales"},"image":{"@id":"https:\/\/www.northeastwales.wales\/#\/schema\/logo\/image\/"},"sameAs":["https:\/\/www.facebook.com\/NthEastWales\/","https:\/\/x.com\/ntheastwales","https:\/\/www.instagram.com\/gogledddcymru_northeastwales\/","https:\/\/www.youtube.com\/channel\/UCtuuRbGlGvAArd7X1AC1fLQ"]}]}},"_links":{"self":[{"href":"https:\/\/www.northeastwales.wales\/cy\/wp-json\/wp\/v2\/pages\/4457","targetHints":{"allow":["GET"]}}],"collection":[{"href":"https:\/\/www.northeastwales.wales\/cy\/wp-json\/wp\/v2\/pages"}],"about":[{"href":"https:\/\/www.northeastwales.wales\/cy\/wp-json\/wp\/v2\/types\/page"}],"author":[{"embeddable":true,"href":"https:\/\/www.northeastwales.wales\/cy\/wp-json\/wp\/v2\/users\/1"}],"replies":[{"embeddable":true,"href":"https:\/\/www.northeastwales.wales\/cy\/wp-json\/wp\/v2\/comments?post=4457"}],"version-history":[{"count":11,"href":"https:\/\/www.northeastwales.wales\/cy\/wp-json\/wp\/v2\/pages\/4457\/revisions"}],"predecessor-version":[{"id":5117,"href":"https:\/\/www.northeastwales.wales\/cy\/wp-json\/wp\/v2\/pages\/4457\/revisions\/5117"}],"up":[{"embeddable":true,"href":"https:\/\/www.northeastwales.wales\/cy\/wp-json\/wp\/v2\/pages\/4190"}],"wp:attachment":[{"href":"https:\/\/www.northeastwales.wales\/cy\/wp-json\/wp\/v2\/media?parent=4457"}],"curies":[{"name":"wp","href":"https:\/\/api.w.org\/{rel}","templated":true}]}}