{"id":5865,"date":"2024-03-19T11:27:41","date_gmt":"2024-03-19T11:27:41","guid":{"rendered":"https:\/\/www.northeastwales.wales\/responsible-travel\/sustainable-travel\/"},"modified":"2024-04-02T15:31:55","modified_gmt":"2024-04-02T14:31:55","slug":"sustainable-travel","status":"publish","type":"page","link":"https:\/\/www.northeastwales.wales\/cy\/responsible-travel\/sustainable-travel\/","title":{"rendered":"Sustainable Travel"},"content":{"rendered":"<div class=\"wpb-content-wrapper\"><p>[vc_row full_width=&#8221;stretch_row_content_no_spaces&#8221; css=&#8221;.vc_custom_1647865968556{margin-bottom: 80px !important;padding-right: 30px !important;padding-left: 30px !important;}&#8221;][vc_column width=&#8221;1\/6&#8243;][\/vc_column][vc_column width=&#8221;2\/3&#8243;][vc_row_inner css=&#8221;.vc_custom_1647864280153{margin-bottom: 30px !important;padding-top: 60px !important;}&#8221;][vc_column_inner width=&#8221;1\/6&#8243;][\/vc_column_inner][vc_column_inner width=&#8221;2\/3&#8243;][vc_column_text el_class=&#8221;main-header__subtitle&#8221; css=&#8221;.vc_custom_1712068311100{margin-top: 0px !important;}&#8221;]\n<p class=\"visiting-rhyl\" style=\"font-size: 29px; margin-bottom: 10px; font-weight: 600;\"><a href=\"https:\/\/www.northeastwales.wales\/cy\/responsible-travel\/\">&lt; Teithio Cyfrifol<\/a><\/p>\n<h1>Teithio Cynaliadwy<\/h1>\n<p>Mae teithio cynaliadwy\u2019n golygu symud o gwmpas mewn ffordd sydd ddim yn difrodi\u2019r amgylchedd, yr hinsawdd na chymunedau lleol.<\/p>\n<p>Ceisiwch annog eich ymwelwyr i adael eu ceir a dewis opsiwn mwy cynaliadwy. Mae\u2019n debyg y byddan nhw\u2019n mwynhau eu diwrnod hyd yn oed yn fwy. Mae\u2019n gyfle i ymlacio a mwynhau\u2019r olygfa heb straen ychwanegol o ddelio \u00e2 thraffig a pharcio.<\/p>\n<p><img loading=\"lazy\" decoding=\"async\" class=\"aligncenter size-large wp-image-4995\" src=\"https:\/\/www.northeastwales.wales\/wp-content\/uploads\/2023\/11\/Corwen-Bus-4-Copy-1200x900.jpg\" alt=\"\" width=\"1200\" height=\"900\" srcset=\"https:\/\/www.northeastwales.wales\/wp-content\/uploads\/2023\/11\/Corwen-Bus-4-Copy-1200x900.jpg 1200w, https:\/\/www.northeastwales.wales\/wp-content\/uploads\/2023\/11\/Corwen-Bus-4-Copy-600x450.jpg 600w, https:\/\/www.northeastwales.wales\/wp-content\/uploads\/2023\/11\/Corwen-Bus-4-Copy-768x576.jpg 768w, https:\/\/www.northeastwales.wales\/wp-content\/uploads\/2023\/11\/Corwen-Bus-4-Copy-1536x1152.jpg 1536w, https:\/\/www.northeastwales.wales\/wp-content\/uploads\/2023\/11\/Corwen-Bus-4-Copy-2048x1536.jpg 2048w\" sizes=\"auto, (max-width: 1200px) 100vw, 1200px\" \/><\/p>\n<p>Rheilffyrdd, bysiau, cychod a gaiff eu tynnu gan geffylau neu gychod modur&#8230; mae dewis diddiwedd o gludiant cynaliadwy sy\u2019n cysylltu \u00e2 llwybrau troed, llwybrau ceffylau a llwybrau beicio.<\/p>\n<p>Mae llawer o ymwelwyr yn hoffi cymysgu dulliau teithio \u2013 mynd ar gwch cul tua Rhaeadr y Bedol a cherdded yn \u00f4l ar hyd llwybr y gamlas, er enghraifft, neu ddal bws yn \u00f4l ar \u00f4l crwydro traws gwlad.<\/p>\n<p>Mae gwefan Beicio Gogledd Cymru yn cynnwys canllaw cyflawn i feicio a beicio mynydd yn y rhanbarth ac mae\u2019n cynnwys mapiau a chardiau llwybrau y mae modd eu lawrlwytho, a rhestrau o siopau beics, digwyddiadau mawr a llefydd aros.<\/p>\n<p><img loading=\"lazy\" decoding=\"async\" class=\"size-full wp-image-2092\" src=\"https:\/\/www.northeastwales.wales\/wp-content\/uploads\/2022\/03\/Llanogllen-Canal.jpg\" alt=\"Horse drawn boat rides, Llangollen Wharf\" width=\"1000\" height=\"456\" srcset=\"https:\/\/www.northeastwales.wales\/wp-content\/uploads\/2022\/03\/Llanogllen-Canal.jpg 1000w, https:\/\/www.northeastwales.wales\/wp-content\/uploads\/2022\/03\/Llanogllen-Canal-600x274.jpg 600w, https:\/\/www.northeastwales.wales\/wp-content\/uploads\/2022\/03\/Llanogllen-Canal-768x350.jpg 768w\" sizes=\"auto, (max-width: 1000px) 100vw, 1000px\" \/>[\/vc_column_text][\/vc_column_inner][vc_column_inner width=&#8221;1\/6&#8243;][\/vc_column_inner][\/vc_row_inner][vc_row_inner gap=&#8221;30&#8243; css=&#8221;.vc_custom_1648210055023{margin-top: 30px !important;}&#8221;][vc_column_inner][vc_column_text]\n<h2><strong>Dyma ychydig o syniadau teithio cynaliadwy i chi:<\/strong><\/h2>\n<p><strong>Dewiswch un neu ddau o wyliau hirach yn y DU<\/strong> yn hytrach na hedfan i ddinas yn rhywle am benwythnos. Cymerwch wyliau arafach a mwy ystyriol. Bydd yn eich helpu chi i ymlacio ac arbed arian ar danwydd.<\/p>\n<p><strong>Ewch yn ddyfnach, nid ehangach \u2013<\/strong> (gweld llai o bethau, ond treulio mwy o amser) mae\u2019n arbed arian ac yn rhoi profiadau gwell i chi. Wrth archwilio\u2019r DU ystyriwch ddefnyddio arweinwyr teithiau lleol i ychwanegu ychydig o ddyfnder i\u2019ch ymweliad. Gwnewch ychydig o ymchwil neu holwch bobl leol am drysorau cudd, yn enwedig mewn llefydd poblogaidd lle mae twristiaeth wedi effeithio ar y dirwedd a\u2019r isadeiledd. Ystyriwch ymweld ag atyniadau ar adegau tawel neu lai prysur.<\/p>\n<p><strong>Dewiswch brofiadau, nid pethau.<\/strong> Pa bethau na fedrwch chi eu gwneud ac eithrio yn y lleoliad penodol yma? Dewiswch ddigwyddiad lleol fel anrheg i chi\u2019ch hun, er enghraifft cyngerdd, sgwrs neu ddosbarth coginio. Mae\u2019n stori well ac yn arwain at atgofion melys iawn.<\/p>\n<p><strong>Bwytewch fwydydd lleol \u2013<\/strong> mae\u2019n gynaliadwy, traddodiadol ac yn aml iawn yn well na bwyta mewn sefydliadau bwyd cyflym cadwyn. Dewiswch gaffis neu fwytai gydag ethos cynaliadwy, fel defnyddio cynhwysion tymhorol a lleol, lleihau gwastraff a rhoi bwydydd sy\u2019n weddill. Bwytewch lai o gig a rhowch gynnig ar fwyty llysieuol neu figan.<\/p>\n<p><strong>Defnyddiwch botel dd\u0175r \/ cynhwysydd amldro.<\/strong> Mae llawer o lefydd yn gadael i chi ail-lenwi am ddim. Gall ymwelwyr lawrlwytho\u2019r ap Refill o\u2019r App Store neu Google Play i\u2019w cysylltu nhw \u00e2 lleoedd i fwyta, yfed a siopa gyda llai o wastraff. Nod Cymru ydi bod yn Genedl Ail-lenwi gyntaf y byd. Mae Loggerheads, Llangollen a Rhuthun wedi cofrestru, sy\u2019n golygu bod siopau, tafarndai, caffis a gwestai sy\u2019n cymryd rhan i gyd yn croesawu\u2019r cyhoedd i ail-lenwi cynwysyddion d\u0175r ar eu heiddo. Mae cynlluniau yn y Rhyl a Phrestatyn hefyd, ac fel rhan o\u2019r rhwydwaith o orsafoedd ail-lenwi ar hyd Llwybr Arfordir Cymru. Gyda help Surfers Against Sewage, mae Llangollen, Rhuthun a Phrestatyn yn Gymunedau Di-Blastig ardystiedig ac mae\u2019r Rhyl a Dinbych yn gweithio tuag at hyn. Gyda\u2019n gilydd, rydym yn mynd i\u2019r afael \u00e2 phlastig untro y gellir ei osgoi, o\u2019r traeth yr holl ffordd yn \u00f4l at y brandiau a\u2019r busnesau sy\u2019n ei greu.[\/vc_column_text][vc_video link=&#8221;https:\/\/youtu.be\/kwe2x5aneno&#8221;][\/vc_column_inner][\/vc_row_inner][\/vc_column][vc_column width=&#8221;1\/6&#8243;][\/vc_column][\/vc_row]\n<\/div>","protected":false},"excerpt":{"rendered":"<p>[vc_row full_width=&#8221;stretch_row_content_no_spaces&#8221; css=&#8221;.vc_custom_1647865968556{margin-bottom: 80px !important;padding-right: 30px !important;padding-left: 30px !important;}&#8221;][vc_column width=&#8221;1\/6&#8243;][\/vc_column][vc_column width=&#8221;2\/3&#8243;][vc_row_inner css=&#8221;.vc_custom_1647864280153{margin-bottom: 30px !important;padding-top: 60px !important;}&#8221;][vc_column_inner width=&#8221;1\/6&#8243;][\/vc_column_inner][vc_column_inner width=&#8221;2\/3&#8243;][vc_column_text el_class=&#8221;main-header__subtitle&#8221; css=&#8221;.vc_custom_1712068311100{margin-top: 0px !important;}&#8221;] &lt; Teithio Cyfrifol Teithio Cynaliadwy Mae teithio cynaliadwy\u2019n golygu symud o gwmpas mewn ffordd sydd ddim yn difrodi\u2019r amgylchedd, yr hinsawdd na chymunedau lleol. Ceisiwch annog eich ymwelwyr i adael eu ceir a [&hellip;]<\/p>\n","protected":false},"author":1,"featured_media":0,"parent":5847,"menu_order":0,"comment_status":"closed","ping_status":"closed","template":"page-templates\/fullwidth-without-title.php","meta":{"footnotes":""},"class_list":["post-5865","page","type-page","status-publish","hentry"],"yoast_head":"<!-- This site is optimized with the Yoast SEO plugin v23.1 - https:\/\/yoast.com\/wordpress\/plugins\/seo\/ -->\n<title>Sustainable Travel - Gogledd Ddwyrain Cymru - North East Wales<\/title>\n<meta name=\"robots\" content=\"index, follow, max-snippet:-1, max-image-preview:large, max-video-preview:-1\" \/>\n<link rel=\"canonical\" href=\"https:\/\/www.northeastwales.wales\/cy\/responsible-travel\/sustainable-travel\/\" \/>\n<meta property=\"og:locale\" content=\"cy_GB\" \/>\n<meta property=\"og:type\" content=\"article\" \/>\n<meta property=\"og:title\" content=\"Sustainable Travel - Gogledd Ddwyrain Cymru - North East Wales\" \/>\n<meta property=\"og:description\" content=\"[vc_row full_width=&#8221;stretch_row_content_no_spaces&#8221; css=&#8221;.vc_custom_1647865968556{margin-bottom: 80px !important;padding-right: 30px !important;padding-left: 30px !important;}&#8221;][vc_column width=&#8221;1\/6&#8243;][\/vc_column][vc_column width=&#8221;2\/3&#8243;][vc_row_inner css=&#8221;.vc_custom_1647864280153{margin-bottom: 30px !important;padding-top: 60px !important;}&#8221;][vc_column_inner width=&#8221;1\/6&#8243;][\/vc_column_inner][vc_column_inner width=&#8221;2\/3&#8243;][vc_column_text el_class=&#8221;main-header__subtitle&#8221; css=&#8221;.vc_custom_1712068311100{margin-top: 0px !important;}&#8221;] &lt; Teithio Cyfrifol Teithio Cynaliadwy Mae teithio cynaliadwy\u2019n golygu symud o gwmpas mewn ffordd sydd ddim yn difrodi\u2019r amgylchedd, yr hinsawdd na chymunedau lleol. Ceisiwch annog eich ymwelwyr i adael eu ceir a [&hellip;]\" \/>\n<meta property=\"og:url\" content=\"https:\/\/www.northeastwales.wales\/cy\/responsible-travel\/sustainable-travel\/\" \/>\n<meta property=\"og:site_name\" content=\"Gogledd Ddwyrain Cymru - North East Wales\" \/>\n<meta property=\"article:publisher\" content=\"https:\/\/www.facebook.com\/NthEastWales\/\" \/>\n<meta property=\"article:modified_time\" content=\"2024-04-02T14:31:55+00:00\" \/>\n<meta property=\"og:image\" content=\"https:\/\/www.northeastwales.wales\/wp-content\/uploads\/2023\/11\/Corwen-Bus-4-Copy-1200x900.jpg\" \/>\n<meta name=\"twitter:card\" content=\"summary_large_image\" \/>\n<meta name=\"twitter:site\" content=\"@ntheastwales\" \/>\n<meta name=\"twitter:label1\" content=\"Est. reading time\" \/>\n\t<meta name=\"twitter:data1\" content=\"3 minutes\" \/>\n<script type=\"application\/ld+json\" class=\"yoast-schema-graph\">{\"@context\":\"https:\/\/schema.org\",\"@graph\":[{\"@type\":\"WebPage\",\"@id\":\"https:\/\/www.northeastwales.wales\/cy\/responsible-travel\/sustainable-travel\/\",\"url\":\"https:\/\/www.northeastwales.wales\/cy\/responsible-travel\/sustainable-travel\/\",\"name\":\"Sustainable Travel - Gogledd Ddwyrain Cymru - North East Wales\",\"isPartOf\":{\"@id\":\"https:\/\/www.northeastwales.wales\/#website\"},\"primaryImageOfPage\":{\"@id\":\"https:\/\/www.northeastwales.wales\/cy\/responsible-travel\/sustainable-travel\/#primaryimage\"},\"image\":{\"@id\":\"https:\/\/www.northeastwales.wales\/cy\/responsible-travel\/sustainable-travel\/#primaryimage\"},\"thumbnailUrl\":\"https:\/\/www.northeastwales.wales\/wp-content\/uploads\/2023\/11\/Corwen-Bus-4-Copy-1200x900.jpg\",\"datePublished\":\"2024-03-19T11:27:41+00:00\",\"dateModified\":\"2024-04-02T14:31:55+00:00\",\"breadcrumb\":{\"@id\":\"https:\/\/www.northeastwales.wales\/cy\/responsible-travel\/sustainable-travel\/#breadcrumb\"},\"inLanguage\":\"cy-GB\",\"potentialAction\":[{\"@type\":\"ReadAction\",\"target\":[\"https:\/\/www.northeastwales.wales\/cy\/responsible-travel\/sustainable-travel\/\"]}]},{\"@type\":\"ImageObject\",\"inLanguage\":\"cy-GB\",\"@id\":\"https:\/\/www.northeastwales.wales\/cy\/responsible-travel\/sustainable-travel\/#primaryimage\",\"url\":\"https:\/\/www.northeastwales.wales\/wp-content\/uploads\/2023\/11\/Corwen-Bus-4-Copy-1200x900.jpg\",\"contentUrl\":\"https:\/\/www.northeastwales.wales\/wp-content\/uploads\/2023\/11\/Corwen-Bus-4-Copy-1200x900.jpg\"},{\"@type\":\"BreadcrumbList\",\"@id\":\"https:\/\/www.northeastwales.wales\/cy\/responsible-travel\/sustainable-travel\/#breadcrumb\",\"itemListElement\":[{\"@type\":\"ListItem\",\"position\":1,\"name\":\"Home\",\"item\":\"https:\/\/www.northeastwales.wales\/cy\/\"},{\"@type\":\"ListItem\",\"position\":2,\"name\":\"Teithio Cyfrifol\",\"item\":\"https:\/\/www.northeastwales.wales\/cy\/responsible-travel\/\"},{\"@type\":\"ListItem\",\"position\":3,\"name\":\"Sustainable Travel\"}]},{\"@type\":\"WebSite\",\"@id\":\"https:\/\/www.northeastwales.wales\/#website\",\"url\":\"https:\/\/www.northeastwales.wales\/\",\"name\":\"Gogledd Ddwyrain Cymru - North East Wales\",\"description\":\"Things to do, events and holiday ideas in North East Wales\",\"publisher\":{\"@id\":\"https:\/\/www.northeastwales.wales\/#organization\"},\"potentialAction\":[{\"@type\":\"SearchAction\",\"target\":{\"@type\":\"EntryPoint\",\"urlTemplate\":\"https:\/\/www.northeastwales.wales\/?s={search_term_string}\"},\"query-input\":\"required name=search_term_string\"}],\"inLanguage\":\"cy-GB\"},{\"@type\":\"Organization\",\"@id\":\"https:\/\/www.northeastwales.wales\/#organization\",\"name\":\"North East Wales\",\"url\":\"https:\/\/www.northeastwales.wales\/\",\"logo\":{\"@type\":\"ImageObject\",\"inLanguage\":\"cy-GB\",\"@id\":\"https:\/\/www.northeastwales.wales\/#\/schema\/logo\/image\/\",\"url\":\"https:\/\/www.northeastwales.wales\/wp-content\/uploads\/2022\/02\/newales-home-logo-blue.jpg\",\"contentUrl\":\"https:\/\/www.northeastwales.wales\/wp-content\/uploads\/2022\/02\/newales-home-logo-blue.jpg\",\"width\":546,\"height\":188,\"caption\":\"North East Wales\"},\"image\":{\"@id\":\"https:\/\/www.northeastwales.wales\/#\/schema\/logo\/image\/\"},\"sameAs\":[\"https:\/\/www.facebook.com\/NthEastWales\/\",\"https:\/\/x.com\/ntheastwales\",\"https:\/\/www.instagram.com\/gogledddcymru_northeastwales\/\",\"https:\/\/www.youtube.com\/channel\/UCtuuRbGlGvAArd7X1AC1fLQ\"]}]}<\/script>\n<!-- \/ Yoast SEO plugin. -->","yoast_head_json":{"title":"Sustainable Travel - Gogledd Ddwyrain Cymru - North East Wales","robots":{"index":"index","follow":"follow","max-snippet":"max-snippet:-1","max-image-preview":"max-image-preview:large","max-video-preview":"max-video-preview:-1"},"canonical":"https:\/\/www.northeastwales.wales\/cy\/responsible-travel\/sustainable-travel\/","og_locale":"cy_GB","og_type":"article","og_title":"Sustainable Travel - Gogledd Ddwyrain Cymru - North East Wales","og_description":"[vc_row full_width=&#8221;stretch_row_content_no_spaces&#8221; css=&#8221;.vc_custom_1647865968556{margin-bottom: 80px !important;padding-right: 30px !important;padding-left: 30px !important;}&#8221;][vc_column width=&#8221;1\/6&#8243;][\/vc_column][vc_column width=&#8221;2\/3&#8243;][vc_row_inner css=&#8221;.vc_custom_1647864280153{margin-bottom: 30px !important;padding-top: 60px !important;}&#8221;][vc_column_inner width=&#8221;1\/6&#8243;][\/vc_column_inner][vc_column_inner width=&#8221;2\/3&#8243;][vc_column_text el_class=&#8221;main-header__subtitle&#8221; css=&#8221;.vc_custom_1712068311100{margin-top: 0px !important;}&#8221;] &lt; Teithio Cyfrifol Teithio Cynaliadwy Mae teithio cynaliadwy\u2019n golygu symud o gwmpas mewn ffordd sydd ddim yn difrodi\u2019r amgylchedd, yr hinsawdd na chymunedau lleol. Ceisiwch annog eich ymwelwyr i adael eu ceir a [&hellip;]","og_url":"https:\/\/www.northeastwales.wales\/cy\/responsible-travel\/sustainable-travel\/","og_site_name":"Gogledd Ddwyrain Cymru - North East Wales","article_publisher":"https:\/\/www.facebook.com\/NthEastWales\/","article_modified_time":"2024-04-02T14:31:55+00:00","og_image":[{"url":"https:\/\/www.northeastwales.wales\/wp-content\/uploads\/2023\/11\/Corwen-Bus-4-Copy-1200x900.jpg"}],"twitter_card":"summary_large_image","twitter_site":"@ntheastwales","twitter_misc":{"Est. reading time":"3 minutes"},"schema":{"@context":"https:\/\/schema.org","@graph":[{"@type":"WebPage","@id":"https:\/\/www.northeastwales.wales\/cy\/responsible-travel\/sustainable-travel\/","url":"https:\/\/www.northeastwales.wales\/cy\/responsible-travel\/sustainable-travel\/","name":"Sustainable Travel - Gogledd Ddwyrain Cymru - North East Wales","isPartOf":{"@id":"https:\/\/www.northeastwales.wales\/#website"},"primaryImageOfPage":{"@id":"https:\/\/www.northeastwales.wales\/cy\/responsible-travel\/sustainable-travel\/#primaryimage"},"image":{"@id":"https:\/\/www.northeastwales.wales\/cy\/responsible-travel\/sustainable-travel\/#primaryimage"},"thumbnailUrl":"https:\/\/www.northeastwales.wales\/wp-content\/uploads\/2023\/11\/Corwen-Bus-4-Copy-1200x900.jpg","datePublished":"2024-03-19T11:27:41+00:00","dateModified":"2024-04-02T14:31:55+00:00","breadcrumb":{"@id":"https:\/\/www.northeastwales.wales\/cy\/responsible-travel\/sustainable-travel\/#breadcrumb"},"inLanguage":"cy-GB","potentialAction":[{"@type":"ReadAction","target":["https:\/\/www.northeastwales.wales\/cy\/responsible-travel\/sustainable-travel\/"]}]},{"@type":"ImageObject","inLanguage":"cy-GB","@id":"https:\/\/www.northeastwales.wales\/cy\/responsible-travel\/sustainable-travel\/#primaryimage","url":"https:\/\/www.northeastwales.wales\/wp-content\/uploads\/2023\/11\/Corwen-Bus-4-Copy-1200x900.jpg","contentUrl":"https:\/\/www.northeastwales.wales\/wp-content\/uploads\/2023\/11\/Corwen-Bus-4-Copy-1200x900.jpg"},{"@type":"BreadcrumbList","@id":"https:\/\/www.northeastwales.wales\/cy\/responsible-travel\/sustainable-travel\/#breadcrumb","itemListElement":[{"@type":"ListItem","position":1,"name":"Home","item":"https:\/\/www.northeastwales.wales\/cy\/"},{"@type":"ListItem","position":2,"name":"Teithio Cyfrifol","item":"https:\/\/www.northeastwales.wales\/cy\/responsible-travel\/"},{"@type":"ListItem","position":3,"name":"Sustainable Travel"}]},{"@type":"WebSite","@id":"https:\/\/www.northeastwales.wales\/#website","url":"https:\/\/www.northeastwales.wales\/","name":"Gogledd Ddwyrain Cymru - North East Wales","description":"Things to do, events and holiday ideas in North East Wales","publisher":{"@id":"https:\/\/www.northeastwales.wales\/#organization"},"potentialAction":[{"@type":"SearchAction","target":{"@type":"EntryPoint","urlTemplate":"https:\/\/www.northeastwales.wales\/?s={search_term_string}"},"query-input":"required name=search_term_string"}],"inLanguage":"cy-GB"},{"@type":"Organization","@id":"https:\/\/www.northeastwales.wales\/#organization","name":"North East Wales","url":"https:\/\/www.northeastwales.wales\/","logo":{"@type":"ImageObject","inLanguage":"cy-GB","@id":"https:\/\/www.northeastwales.wales\/#\/schema\/logo\/image\/","url":"https:\/\/www.northeastwales.wales\/wp-content\/uploads\/2022\/02\/newales-home-logo-blue.jpg","contentUrl":"https:\/\/www.northeastwales.wales\/wp-content\/uploads\/2022\/02\/newales-home-logo-blue.jpg","width":546,"height":188,"caption":"North East Wales"},"image":{"@id":"https:\/\/www.northeastwales.wales\/#\/schema\/logo\/image\/"},"sameAs":["https:\/\/www.facebook.com\/NthEastWales\/","https:\/\/x.com\/ntheastwales","https:\/\/www.instagram.com\/gogledddcymru_northeastwales\/","https:\/\/www.youtube.com\/channel\/UCtuuRbGlGvAArd7X1AC1fLQ"]}]}},"_links":{"self":[{"href":"https:\/\/www.northeastwales.wales\/cy\/wp-json\/wp\/v2\/pages\/5865","targetHints":{"allow":["GET"]}}],"collection":[{"href":"https:\/\/www.northeastwales.wales\/cy\/wp-json\/wp\/v2\/pages"}],"about":[{"href":"https:\/\/www.northeastwales.wales\/cy\/wp-json\/wp\/v2\/types\/page"}],"author":[{"embeddable":true,"href":"https:\/\/www.northeastwales.wales\/cy\/wp-json\/wp\/v2\/users\/1"}],"replies":[{"embeddable":true,"href":"https:\/\/www.northeastwales.wales\/cy\/wp-json\/wp\/v2\/comments?post=5865"}],"version-history":[{"count":4,"href":"https:\/\/www.northeastwales.wales\/cy\/wp-json\/wp\/v2\/pages\/5865\/revisions"}],"predecessor-version":[{"id":5984,"href":"https:\/\/www.northeastwales.wales\/cy\/wp-json\/wp\/v2\/pages\/5865\/revisions\/5984"}],"up":[{"embeddable":true,"href":"https:\/\/www.northeastwales.wales\/cy\/wp-json\/wp\/v2\/pages\/5847"}],"wp:attachment":[{"href":"https:\/\/www.northeastwales.wales\/cy\/wp-json\/wp\/v2\/media?parent=5865"}],"curies":[{"name":"wp","href":"https:\/\/api.w.org\/{rel}","templated":true}]}}